{"id":44,"date":"2021-02-09T10:50:54","date_gmt":"2021-02-09T09:50:54","guid":{"rendered":"https:\/\/group.areakitchen.it\/wedding\/?page_id=44"},"modified":"2021-10-27T14:48:23","modified_gmt":"2021-10-27T12:48:23","slug":"live-showcooking","status":"publish","type":"page","link":"https:\/\/group.areakitchen.it\/wedding\/live-showcooking\/","title":{"rendered":"Live \/ Showcooking"},"content":{"rendered":"<p>[et_pb_section fb_built=&#8221;1&#8243; admin_label=&#8221;Live\/Showcooking&#8221; module_id=&#8221;md_isole&#8221; _builder_version=&#8221;4.9.7&#8243; _module_preset=&#8221;default&#8221; background_color=&#8221;#fff7f6&#8243; custom_padding=&#8221;0px||40px||false|false&#8221; collapsed=&#8221;off&#8221; global_colors_info=&#8221;{}&#8221;][et_pb_row column_structure=&#8221;1_2,1_2&#8243; use_custom_gutter=&#8221;on&#8221; gutter_width=&#8221;2&#8243; make_equal=&#8221;on&#8221; admin_label=&#8221;Live\/Showcooking&#8221; module_class=&#8221;md_show&#8221; _builder_version=&#8221;4.9.7&#8243; _module_preset=&#8221;default&#8221; background_enable_color=&#8221;off&#8221; custom_margin=&#8221;||20px||false|false&#8221; custom_padding=&#8221;0px||0px||false|false&#8221; collapsed=&#8221;off&#8221; global_colors_info=&#8221;{}&#8221;][et_pb_column type=&#8221;1_2&#8243; _builder_version=&#8221;4.9.7&#8243; _module_preset=&#8221;default&#8221; background_color=&#8221;#FFFFFF&#8221; border_width_all=&#8221;10px&#8221; border_color_all=&#8221;#e6bfbc&#8221; global_colors_info=&#8221;{}&#8221;][et_pb_image src=&#8221;https:\/\/group.areakitchen.it\/wedding\/wp-content\/uploads\/sites\/2\/2021\/10\/video.png&#8221; title_text=&#8221;live 4&#8243; _builder_version=&#8221;4.9.7&#8243; _module_preset=&#8221;default&#8221; background_video_mp4=&#8221;https:\/\/group.areakitchen.it\/wedding\/wp-content\/uploads\/sites\/2\/2021\/10\/live-4.mp4&#8243; global_colors_info=&#8221;{}&#8221;][\/et_pb_image][et_pb_cta title=&#8221;RENDI IL TUO MATRIMONIO UNICO&#8221; button_url=&#8221;mailto:monicapanu@areakitchen.it&#8221; admin_label=&#8221;RENDI IL TUO MATRIMONIO UNICO&#8221; module_id=&#8221;md_live_cta&#8221; _builder_version=&#8221;4.9.7&#8243; _module_preset=&#8221;default&#8221; background_color=&#8221;#FFFFFF&#8221; text_orientation=&#8221;left&#8221; background_layout=&#8221;light&#8221; global_colors_info=&#8221;{}&#8221;]<\/p>\n<p>Scegli le nostre isole con live cooking e i tuoi ospiti potranno vivere un\u2019esperienza memorabile scoprendo le varie preparazioni, le tecniche e toccando con mano la freschezza e la qualit\u00e0 dei nostri prodotti.<\/p>\n<p>Per un effetto ancora pi\u00f9 WOW scegli lo showcooking molecolare e i tuoi ospiti saranno spettatori di uno show spettacolare che completer\u00e0 il vostro giorno speciale.<\/p>\n<div class=\"et_pb_button_wrapper\" style=\"text-align: left\"><a class=\"et_pb_button et_pb_promo_button cd-btn js-cd-panel-trigger acme_form_trigger\" href=\"#\" data-panel=\"main\">Contattaci<\/a><\/div>\n<p>[\/et_pb_cta][\/et_pb_column][et_pb_column type=&#8221;1_2&#8243; _builder_version=&#8221;4.9.7&#8243; _module_preset=&#8221;default&#8221; background_color=&#8221;#FFFFFF&#8221; border_width_all=&#8221;10px&#8221; border_color_all=&#8221;#E6BFBC&#8221; global_colors_info=&#8221;{}&#8221;][et_pb_gallery gallery_ids=&#8221;1750,1751&#8243; fullwidth=&#8221;on&#8221; _builder_version=&#8221;4.11.4&#8243; _module_preset=&#8221;default&#8221; locked=&#8221;off&#8221; global_colors_info=&#8221;{}&#8221;][\/et_pb_gallery][et_pb_cta title=&#8221;IL MOLECOLARE AL TUO MATRIMONIO&#8221; admin_label=&#8221;SHOW COOKING MOLECOLARE&#8221; module_id=&#8221;md_live_cta&#8221; _builder_version=&#8221;4.11.4&#8243; _module_preset=&#8221;default&#8221; background_color=&#8221;#FFFFFF&#8221; text_orientation=&#8221;left&#8221; background_layout=&#8221;light&#8221; locked=&#8221;off&#8221; global_colors_info=&#8221;{}&#8221;]<\/p>\n<p><span>Sferificazioni, gelatine, pressurizzazione, polverizzazione, sospensione e uso dell\u2019azoto liquido, sono solo alcune delle tecniche che il nostro Chef Sebastiano Rovida mostrer\u00e0 ai vostri ospiti che potranno vivere a pieno un\u2019esperienza unica.\u00a0<\/span><\/p>\n<div class=\"et_pb_button_wrapper\" style=\"text-align: left\"><a class=\"et_pb_button et_pb_promo_button cd-btn js-cd-panel-trigger acme_form_trigger\" href=\"#\" data-panel=\"main\">Contattaci<\/a><\/div>\n<p>[\/et_pb_cta][\/et_pb_column][\/et_pb_row][\/et_pb_section]<\/p>\n","protected":false},"excerpt":{"rendered":"<p>Scegli le nostre isole con live cooking e i tuoi ospiti potranno vivere un\u2019esperienza memorabile scoprendo le varie preparazioni, le tecniche e toccando con mano la freschezza e la qualit\u00e0 dei nostri prodotti. Per un effetto ancora pi\u00f9 WOW scegli lo showcooking molecolare e i tuoi ospiti saranno spettatori di uno show spettacolare che completer\u00e0 [&hellip;]<\/p>\n","protected":false},"author":3,"featured_media":0,"parent":0,"menu_order":0,"comment_status":"closed","ping_status":"closed","template":"","meta":{"_et_pb_use_builder":"on","_et_pb_old_content":"","_et_gb_content_width":""},"yoast_head":"<!-- This site is optimized with the Yoast SEO plugin v19.11 - https:\/\/yoast.com\/wordpress\/plugins\/seo\/ -->\n<title>Live \/ Showcooking - Area Kitchen Group Wedding<\/title>\n<meta name=\"robots\" content=\"index, follow, max-snippet:-1, max-image-preview:large, max-video-preview:-1\" \/>\n<link rel=\"canonical\" href=\"https:\/\/group.areakitchen.it\/wedding\/live-showcooking\/\" \/>\n<meta property=\"og:locale\" content=\"it_IT\" \/>\n<meta property=\"og:type\" content=\"article\" \/>\n<meta property=\"og:title\" content=\"Live \/ Showcooking - Area Kitchen Group Wedding\" \/>\n<meta property=\"og:description\" content=\"Scegli le nostre isole con live cooking e i tuoi ospiti potranno vivere un\u2019esperienza memorabile scoprendo le varie preparazioni, le tecniche e toccando con mano la freschezza e la qualit\u00e0 dei nostri prodotti. Per un effetto ancora pi\u00f9 WOW scegli lo showcooking molecolare e i tuoi ospiti saranno spettatori di uno show spettacolare che completer\u00e0 [&hellip;]\" \/>\n<meta property=\"og:url\" content=\"https:\/\/group.areakitchen.it\/wedding\/live-showcooking\/\" \/>\n<meta property=\"og:site_name\" content=\"Area Kitchen Group Wedding\" \/>\n<meta property=\"article:modified_time\" content=\"2021-10-27T12:48:23+00:00\" \/>\n<meta name=\"twitter:card\" content=\"summary_large_image\" \/>\n<meta name=\"twitter:label1\" content=\"Tempo di lettura stimato\" \/>\n\t<meta name=\"twitter:data1\" content=\"2 minuti\" \/>\n<script type=\"application\/ld+json\" class=\"yoast-schema-graph\">{\"@context\":\"https:\/\/schema.org\",\"@graph\":[{\"@type\":\"WebPage\",\"@id\":\"https:\/\/group.areakitchen.it\/wedding\/live-showcooking\/\",\"url\":\"https:\/\/group.areakitchen.it\/wedding\/live-showcooking\/\",\"name\":\"Live \/ Showcooking - Area Kitchen Group Wedding\",\"isPartOf\":{\"@id\":\"https:\/\/group.areakitchen.it\/wedding\/#website\"},\"datePublished\":\"2021-02-09T09:50:54+00:00\",\"dateModified\":\"2021-10-27T12:48:23+00:00\",\"breadcrumb\":{\"@id\":\"https:\/\/group.areakitchen.it\/wedding\/live-showcooking\/#breadcrumb\"},\"inLanguage\":\"it-IT\",\"potentialAction\":[{\"@type\":\"ReadAction\",\"target\":[\"https:\/\/group.areakitchen.it\/wedding\/live-showcooking\/\"]}]},{\"@type\":\"BreadcrumbList\",\"@id\":\"https:\/\/group.areakitchen.it\/wedding\/live-showcooking\/#breadcrumb\",\"itemListElement\":[{\"@type\":\"ListItem\",\"position\":1,\"name\":\"Home\",\"item\":\"https:\/\/group.areakitchen.it\/wedding\/\"},{\"@type\":\"ListItem\",\"position\":2,\"name\":\"Live \/ Showcooking\"}]},{\"@type\":\"WebSite\",\"@id\":\"https:\/\/group.areakitchen.it\/wedding\/#website\",\"url\":\"https:\/\/group.areakitchen.it\/wedding\/\",\"name\":\"Area Kitchen Group Wedding\",\"description\":\"Un nuovo approccio nel mondo del Banqueting\",\"potentialAction\":[{\"@type\":\"SearchAction\",\"target\":{\"@type\":\"EntryPoint\",\"urlTemplate\":\"https:\/\/group.areakitchen.it\/wedding\/?s={search_term_string}\"},\"query-input\":\"required name=search_term_string\"}],\"inLanguage\":\"it-IT\"}]}<\/script>\n<!-- \/ Yoast SEO plugin. -->","yoast_head_json":{"title":"Live \/ Showcooking - Area Kitchen Group Wedding","robots":{"index":"index","follow":"follow","max-snippet":"max-snippet:-1","max-image-preview":"max-image-preview:large","max-video-preview":"max-video-preview:-1"},"canonical":"https:\/\/group.areakitchen.it\/wedding\/live-showcooking\/","og_locale":"it_IT","og_type":"article","og_title":"Live \/ Showcooking - Area Kitchen Group Wedding","og_description":"Scegli le nostre isole con live cooking e i tuoi ospiti potranno vivere un\u2019esperienza memorabile scoprendo le varie preparazioni, le tecniche e toccando con mano la freschezza e la qualit\u00e0 dei nostri prodotti. Per un effetto ancora pi\u00f9 WOW scegli lo showcooking molecolare e i tuoi ospiti saranno spettatori di uno show spettacolare che completer\u00e0 [&hellip;]","og_url":"https:\/\/group.areakitchen.it\/wedding\/live-showcooking\/","og_site_name":"Area Kitchen Group Wedding","article_modified_time":"2021-10-27T12:48:23+00:00","twitter_card":"summary_large_image","twitter_misc":{"Tempo di lettura stimato":"2 minuti"},"schema":{"@context":"https:\/\/schema.org","@graph":[{"@type":"WebPage","@id":"https:\/\/group.areakitchen.it\/wedding\/live-showcooking\/","url":"https:\/\/group.areakitchen.it\/wedding\/live-showcooking\/","name":"Live \/ Showcooking - Area Kitchen Group Wedding","isPartOf":{"@id":"https:\/\/group.areakitchen.it\/wedding\/#website"},"datePublished":"2021-02-09T09:50:54+00:00","dateModified":"2021-10-27T12:48:23+00:00","breadcrumb":{"@id":"https:\/\/group.areakitchen.it\/wedding\/live-showcooking\/#breadcrumb"},"inLanguage":"it-IT","potentialAction":[{"@type":"ReadAction","target":["https:\/\/group.areakitchen.it\/wedding\/live-showcooking\/"]}]},{"@type":"BreadcrumbList","@id":"https:\/\/group.areakitchen.it\/wedding\/live-showcooking\/#breadcrumb","itemListElement":[{"@type":"ListItem","position":1,"name":"Home","item":"https:\/\/group.areakitchen.it\/wedding\/"},{"@type":"ListItem","position":2,"name":"Live \/ Showcooking"}]},{"@type":"WebSite","@id":"https:\/\/group.areakitchen.it\/wedding\/#website","url":"https:\/\/group.areakitchen.it\/wedding\/","name":"Area Kitchen Group Wedding","description":"Un nuovo approccio nel mondo del Banqueting","potentialAction":[{"@type":"SearchAction","target":{"@type":"EntryPoint","urlTemplate":"https:\/\/group.areakitchen.it\/wedding\/?s={search_term_string}"},"query-input":"required name=search_term_string"}],"inLanguage":"it-IT"}]}},"_links":{"self":[{"href":"https:\/\/group.areakitchen.it\/wedding\/wp-json\/wp\/v2\/pages\/44"}],"collection":[{"href":"https:\/\/group.areakitchen.it\/wedding\/wp-json\/wp\/v2\/pages"}],"about":[{"href":"https:\/\/group.areakitchen.it\/wedding\/wp-json\/wp\/v2\/types\/page"}],"author":[{"embeddable":true,"href":"https:\/\/group.areakitchen.it\/wedding\/wp-json\/wp\/v2\/users\/3"}],"replies":[{"embeddable":true,"href":"https:\/\/group.areakitchen.it\/wedding\/wp-json\/wp\/v2\/comments?post=44"}],"version-history":[{"count":46,"href":"https:\/\/group.areakitchen.it\/wedding\/wp-json\/wp\/v2\/pages\/44\/revisions"}],"predecessor-version":[{"id":1760,"href":"https:\/\/group.areakitchen.it\/wedding\/wp-json\/wp\/v2\/pages\/44\/revisions\/1760"}],"wp:attachment":[{"href":"https:\/\/group.areakitchen.it\/wedding\/wp-json\/wp\/v2\/media?parent=44"}],"curies":[{"name":"wp","href":"https:\/\/api.w.org\/{rel}","templated":true}]}}