{"id":247,"date":"2021-03-12T12:56:30","date_gmt":"2021-03-12T11:56:30","guid":{"rendered":"https:\/\/group.areakitchen.it\/wedding\/?page_id=247"},"modified":"2021-10-27T16:07:19","modified_gmt":"2021-10-27T14:07:19","slug":"matrimoni-su-misura","status":"publish","type":"page","link":"https:\/\/group.areakitchen.it\/wedding\/matrimoni-su-misura\/","title":{"rendered":"Matrimoni su misura"},"content":{"rendered":"<p>[et_pb_section fb_built=&#8221;1&#8243; admin_label=&#8221;Matrimoni su misura &#8211; title&#8221; module_id=&#8221;md_catering_slide&#8221; _builder_version=&#8221;4.9.7&#8243; _module_preset=&#8221;default&#8221; background_color=&#8221;#fff7f6&#8243; custom_padding=&#8221;0px||15px||false|false&#8221; locked=&#8221;off&#8221; collapsed=&#8221;off&#8221; global_colors_info=&#8221;{}&#8221;][et_pb_row _builder_version=&#8221;4.9.7&#8243; _module_preset=&#8221;default&#8221; background_image=&#8221;https:\/\/group.areakitchen.it\/wedding\/wp-content\/uploads\/sites\/2\/2021\/09\/slide_matrimoni-1.jpg&#8221; collapsed=&#8221;off&#8221; global_colors_info=&#8221;{}&#8221;][et_pb_column type=&#8221;4_4&#8243; _builder_version=&#8221;4.8.2&#8243; _module_preset=&#8221;default&#8221; global_colors_info=&#8221;{}&#8221;][et_pb_slider _builder_version=&#8221;4.9.7&#8243; _module_preset=&#8221;default&#8221; global_colors_info=&#8221;{}&#8221;][et_pb_slide heading=&#8221;Matrimoni su misura&#8221; _builder_version=&#8221;4.9.7&#8243; _module_preset=&#8221;default&#8221; body_font_size=&#8221;15px&#8221; body_line_height=&#8221;1.8em&#8221; background_color=&#8221;#fff7f6&#8243; background_enable_color=&#8221;on&#8221; text_orientation=&#8221;left&#8221; background_layout=&#8221;light&#8221; global_colors_info=&#8221;{}&#8221; sticky_transition=&#8221;on&#8221;]<\/p>\n<p><span style=\"font-size: 15px\">Che il vostro matrimonio possa rispecchiare al meglio la vostra personalit\u00e0 e le vostre emozioni: questo \u00e8 il nostro compito.<\/span><\/p>\n<div class=\"R3Gmyc qwU8Me\">\n<div class=\"WUFI9b\" data-tab-id=\"2\">\n<div class=\"hWX4r\">\n<div class=\"BC4V9b\">\n<div class=\"edhGSc zKHdkd XnKlKd\">\n<div class=\"RpC4Ne oJeWuf\"><\/div>\n<\/div>\n<\/div>\n<\/div>\n<\/div>\n<\/div>\n<div class=\"rG0ybd xPh1xb P9KVBf\">\n<div class=\"m3oeU\">\n<div class=\"MQKmmc SudKRc yxT4yd wYNW7d\"><\/div>\n<div class=\"gSlHI\">\n<div class=\"SQHmX\"><\/div>\n<\/div>\n<\/div>\n<\/div>\n<p>[\/et_pb_slide][\/et_pb_slider][\/et_pb_column][\/et_pb_row][\/et_pb_section][et_pb_section fb_built=&#8221;1&#8243; admin_label=&#8221;Matrimoni su misura&#8221; module_id=&#8221;md_isole&#8221; module_class=&#8221;md_cta_mat&#8221; _builder_version=&#8221;4.9.7&#8243; _module_preset=&#8221;default&#8221; background_color=&#8221;#fff7f6&#8243; custom_padding=&#8221;0px||40px||false|false&#8221; collapsed=&#8221;off&#8221; global_colors_info=&#8221;{}&#8221;][et_pb_row column_structure=&#8221;1_2,1_2&#8243; use_custom_gutter=&#8221;on&#8221; gutter_width=&#8221;1&#8243; make_equal=&#8221;on&#8221; admin_label=&#8221;Home wedding&#8221; _builder_version=&#8221;4.9.2&#8243; _module_preset=&#8221;default&#8221; background_enable_color=&#8221;off&#8221; custom_margin=&#8221;||20px||false|false&#8221; custom_padding=&#8221;0px||0px||false|false&#8221; collapsed=&#8221;off&#8221; global_colors_info=&#8221;{}&#8221;][et_pb_column type=&#8221;1_2&#8243; _builder_version=&#8221;4.8.2&#8243; _module_preset=&#8221;default&#8221; background_color=&#8221;#FFFFFF&#8221; global_colors_info=&#8221;{}&#8221;][et_pb_cta title=&#8221;Area Kitchen Wedding mette al centro il carattere e lo stile degli sposi.&#8221; button_url=&#8221;mailto:monicapanu@areakitchen.it&#8221; admin_label=&#8221;Home wedding&#8221; module_id=&#8221;md_matr&#8221; _builder_version=&#8221;4.9.7&#8243; _module_preset=&#8221;default&#8221; background_color=&#8221;#FFFFFF&#8221; text_orientation=&#8221;left&#8221; background_layout=&#8221;light&#8221; global_colors_info=&#8221;{}&#8221;]Accompagnandovi nell\u2019ideazione e realizzazione di tutti i vostri desideri, nella scelta dello stile delle vostre nozze, offrendovi degli spunti a cui ispirarvi e mostrandovi le nuove tendenze.<\/p>\n<p>Studieremo insieme tutti i particolari della vostra cerimonia, dalla scelta della location, alla mise en place, fino ai men\u00f9, perch\u00e9 ogni momento di quel giorno racconti la vostra personalit\u00e0 e il vostro universo di coppia.<\/p>\n<div class=\"et_pb_button_wrapper\" style=\"text-align: left\"><a class=\"et_pb_button et_pb_promo_button cd-btn js-cd-panel-trigger acme_form_trigger\" href=\"#\" data-panel=\"main\">Contattaci<\/a><\/div>\n<p>[\/et_pb_cta][\/et_pb_column][et_pb_column type=&#8221;1_2&#8243; _builder_version=&#8221;4.8.2&#8243; _module_preset=&#8221;default&#8221; global_colors_info=&#8221;{}&#8221;][et_pb_gallery gallery_ids=&#8221;965,966,968,1352&#8243; fullwidth=&#8221;on&#8221; module_id=&#8221;md_matr_img&#8221; _builder_version=&#8221;4.9.7&#8243; _module_preset=&#8221;default&#8221; global_colors_info=&#8221;{}&#8221;][\/et_pb_gallery][\/et_pb_column][\/et_pb_row][et_pb_row column_structure=&#8221;1_2,1_2&#8243; use_custom_gutter=&#8221;on&#8221; gutter_width=&#8221;1&#8243; make_equal=&#8221;on&#8221; admin_label=&#8221;Digital Banqueting&#8221; _builder_version=&#8221;4.9.2&#8243; _module_preset=&#8221;default&#8221; background_enable_color=&#8221;off&#8221; custom_margin=&#8221;||20px||false|false&#8221; custom_padding=&#8221;0px||0px||false|false&#8221; collapsed=&#8221;on&#8221; global_colors_info=&#8221;{}&#8221;][et_pb_column type=&#8221;1_2&#8243; _builder_version=&#8221;4.8.2&#8243; _module_preset=&#8221;default&#8221; background_color=&#8221;#FFFFFF&#8221; global_colors_info=&#8221;{}&#8221;][et_pb_gallery gallery_ids=&#8221;974,973,972&#8243; fullwidth=&#8221;on&#8221; module_id=&#8221;md_matr_img&#8221; _builder_version=&#8221;4.9.2&#8243; _module_preset=&#8221;default&#8221; global_colors_info=&#8221;{}&#8221;][\/et_pb_gallery][\/et_pb_column][et_pb_column type=&#8221;1_2&#8243; _builder_version=&#8221;4.8.2&#8243; _module_preset=&#8221;default&#8221; global_colors_info=&#8221;{}&#8221;][et_pb_cta title=&#8221;Area Kitchen \u00e8 il punto di riferimento per la realizzazione di banqueting indimenticabili.&#8221; button_url=&#8221;https:\/\/group.areakitchen.it\/wedding\/catering\/&#8221; button_text=&#8221;scopri di pi\u00f9&#8221; admin_label=&#8221;Digital Banqueting&#8221; module_id=&#8221;md_matr&#8221; _builder_version=&#8221;4.9.7&#8243; _module_preset=&#8221;default&#8221; background_color=&#8221;#FFFFFF&#8221; text_orientation=&#8221;left&#8221; background_layout=&#8221;light&#8221; global_colors_info=&#8221;{}&#8221;]In grado di comunicare bellezza, qualit\u00e0 e innovazione, capace di far colpo, intrattenere e ispirare i vostri ospiti.\u00a0<\/p>\n<p>Ogni proposta \u00e8 realizzata in base alle esigenze dei propri sposi, offrendo su richiesta, alternative per vegetariani, vegani, intolleranti al lattosio e celiaci, studieremo insieme il men\u00f9 pi\u00f9 adatto a voi.[\/et_pb_cta][\/et_pb_column][\/et_pb_row][et_pb_row column_structure=&#8221;1_2,1_2&#8243; use_custom_gutter=&#8221;on&#8221; gutter_width=&#8221;1&#8243; make_equal=&#8221;on&#8221; admin_label=&#8221;Location&#8221; _builder_version=&#8221;4.9.2&#8243; _module_preset=&#8221;default&#8221; background_enable_color=&#8221;off&#8221; custom_padding=&#8221;0px||0px||false|false&#8221; collapsed=&#8221;on&#8221; global_colors_info=&#8221;{}&#8221;][et_pb_column type=&#8221;1_2&#8243; _builder_version=&#8221;4.8.2&#8243; _module_preset=&#8221;default&#8221; background_color=&#8221;#FFFFFF&#8221; global_colors_info=&#8221;{}&#8221;][et_pb_cta title=&#8221;Luoghi incantevoli e atmosfere indimenticabili sono la forza delle nostre location. &#8221; button_url=&#8221;https:\/\/group.areakitchen.it\/wedding\/location\/&#8221; button_text=&#8221;scopri di pi\u00f9&#8221; admin_label=&#8221;Location&#8221; module_id=&#8221;md_matr&#8221; _builder_version=&#8221;4.9.2&#8243; _module_preset=&#8221;default&#8221; background_color=&#8221;#FFFFFF&#8221; text_orientation=&#8221;left&#8221; background_layout=&#8221;light&#8221; global_colors_info=&#8221;{}&#8221;]Un clima confortevole\u00a0 e uno staff qualificato accoglier\u00e0 voi e i vostri ospiti, per dare vita al vostro giorno.[\/et_pb_cta][\/et_pb_column][et_pb_column type=&#8221;1_2&#8243; _builder_version=&#8221;4.8.2&#8243; _module_preset=&#8221;default&#8221; global_colors_info=&#8221;{}&#8221;][et_pb_gallery gallery_ids=&#8221;978,979,980,981&#8243; fullwidth=&#8221;on&#8221; module_id=&#8221;md_matr_img&#8221; _builder_version=&#8221;4.9.2&#8243; _module_preset=&#8221;default&#8221; global_colors_info=&#8221;{}&#8221;][\/et_pb_gallery][\/et_pb_column][\/et_pb_row][\/et_pb_section]<\/p>\n","protected":false},"excerpt":{"rendered":"<p>Che il vostro matrimonio possa rispecchiare al meglio la vostra personalit\u00e0 e le vostre emozioni: questo \u00e8 il nostro compito. Accompagnandovi nell\u2019ideazione e realizzazione di tutti i vostri desideri, nella scelta dello stile delle vostre nozze, offrendovi degli spunti a cui ispirarvi e mostrandovi le nuove tendenze. Studieremo insieme tutti i particolari della vostra cerimonia, [&hellip;]<\/p>\n","protected":false},"author":3,"featured_media":0,"parent":0,"menu_order":0,"comment_status":"closed","ping_status":"closed","template":"","meta":{"_et_pb_use_builder":"on","_et_pb_old_content":"","_et_gb_content_width":""},"yoast_head":"<!-- This site is optimized with the Yoast SEO plugin v19.11 - https:\/\/yoast.com\/wordpress\/plugins\/seo\/ -->\n<title>Matrimoni su misura - Area Kitchen Group Wedding<\/title>\n<meta name=\"robots\" content=\"index, follow, max-snippet:-1, max-image-preview:large, max-video-preview:-1\" \/>\n<link rel=\"canonical\" href=\"https:\/\/group.areakitchen.it\/wedding\/matrimoni-su-misura\/\" \/>\n<meta property=\"og:locale\" content=\"it_IT\" \/>\n<meta property=\"og:type\" content=\"article\" \/>\n<meta property=\"og:title\" content=\"Matrimoni su misura - Area Kitchen Group Wedding\" \/>\n<meta property=\"og:description\" content=\"Che il vostro matrimonio possa rispecchiare al meglio la vostra personalit\u00e0 e le vostre emozioni: questo \u00e8 il nostro compito. Accompagnandovi nell\u2019ideazione e realizzazione di tutti i vostri desideri, nella scelta dello stile delle vostre nozze, offrendovi degli spunti a cui ispirarvi e mostrandovi le nuove tendenze. Studieremo insieme tutti i particolari della vostra cerimonia, [&hellip;]\" \/>\n<meta property=\"og:url\" content=\"https:\/\/group.areakitchen.it\/wedding\/matrimoni-su-misura\/\" \/>\n<meta property=\"og:site_name\" content=\"Area Kitchen Group Wedding\" \/>\n<meta property=\"article:modified_time\" content=\"2021-10-27T14:07:19+00:00\" \/>\n<meta name=\"twitter:card\" content=\"summary_large_image\" \/>\n<meta name=\"twitter:label1\" content=\"Tempo di lettura stimato\" \/>\n\t<meta name=\"twitter:data1\" content=\"4 minuti\" \/>\n<script type=\"application\/ld+json\" class=\"yoast-schema-graph\">{\"@context\":\"https:\/\/schema.org\",\"@graph\":[{\"@type\":\"WebPage\",\"@id\":\"https:\/\/group.areakitchen.it\/wedding\/matrimoni-su-misura\/\",\"url\":\"https:\/\/group.areakitchen.it\/wedding\/matrimoni-su-misura\/\",\"name\":\"Matrimoni su misura - Area Kitchen Group Wedding\",\"isPartOf\":{\"@id\":\"https:\/\/group.areakitchen.it\/wedding\/#website\"},\"datePublished\":\"2021-03-12T11:56:30+00:00\",\"dateModified\":\"2021-10-27T14:07:19+00:00\",\"breadcrumb\":{\"@id\":\"https:\/\/group.areakitchen.it\/wedding\/matrimoni-su-misura\/#breadcrumb\"},\"inLanguage\":\"it-IT\",\"potentialAction\":[{\"@type\":\"ReadAction\",\"target\":[\"https:\/\/group.areakitchen.it\/wedding\/matrimoni-su-misura\/\"]}]},{\"@type\":\"BreadcrumbList\",\"@id\":\"https:\/\/group.areakitchen.it\/wedding\/matrimoni-su-misura\/#breadcrumb\",\"itemListElement\":[{\"@type\":\"ListItem\",\"position\":1,\"name\":\"Home\",\"item\":\"https:\/\/group.areakitchen.it\/wedding\/\"},{\"@type\":\"ListItem\",\"position\":2,\"name\":\"Matrimoni su misura\"}]},{\"@type\":\"WebSite\",\"@id\":\"https:\/\/group.areakitchen.it\/wedding\/#website\",\"url\":\"https:\/\/group.areakitchen.it\/wedding\/\",\"name\":\"Area Kitchen Group Wedding\",\"description\":\"Un nuovo approccio nel mondo del Banqueting\",\"potentialAction\":[{\"@type\":\"SearchAction\",\"target\":{\"@type\":\"EntryPoint\",\"urlTemplate\":\"https:\/\/group.areakitchen.it\/wedding\/?s={search_term_string}\"},\"query-input\":\"required name=search_term_string\"}],\"inLanguage\":\"it-IT\"}]}<\/script>\n<!-- \/ Yoast SEO plugin. -->","yoast_head_json":{"title":"Matrimoni su misura - Area Kitchen Group Wedding","robots":{"index":"index","follow":"follow","max-snippet":"max-snippet:-1","max-image-preview":"max-image-preview:large","max-video-preview":"max-video-preview:-1"},"canonical":"https:\/\/group.areakitchen.it\/wedding\/matrimoni-su-misura\/","og_locale":"it_IT","og_type":"article","og_title":"Matrimoni su misura - Area Kitchen Group Wedding","og_description":"Che il vostro matrimonio possa rispecchiare al meglio la vostra personalit\u00e0 e le vostre emozioni: questo \u00e8 il nostro compito. Accompagnandovi nell\u2019ideazione e realizzazione di tutti i vostri desideri, nella scelta dello stile delle vostre nozze, offrendovi degli spunti a cui ispirarvi e mostrandovi le nuove tendenze. Studieremo insieme tutti i particolari della vostra cerimonia, [&hellip;]","og_url":"https:\/\/group.areakitchen.it\/wedding\/matrimoni-su-misura\/","og_site_name":"Area Kitchen Group Wedding","article_modified_time":"2021-10-27T14:07:19+00:00","twitter_card":"summary_large_image","twitter_misc":{"Tempo di lettura stimato":"4 minuti"},"schema":{"@context":"https:\/\/schema.org","@graph":[{"@type":"WebPage","@id":"https:\/\/group.areakitchen.it\/wedding\/matrimoni-su-misura\/","url":"https:\/\/group.areakitchen.it\/wedding\/matrimoni-su-misura\/","name":"Matrimoni su misura - Area Kitchen Group Wedding","isPartOf":{"@id":"https:\/\/group.areakitchen.it\/wedding\/#website"},"datePublished":"2021-03-12T11:56:30+00:00","dateModified":"2021-10-27T14:07:19+00:00","breadcrumb":{"@id":"https:\/\/group.areakitchen.it\/wedding\/matrimoni-su-misura\/#breadcrumb"},"inLanguage":"it-IT","potentialAction":[{"@type":"ReadAction","target":["https:\/\/group.areakitchen.it\/wedding\/matrimoni-su-misura\/"]}]},{"@type":"BreadcrumbList","@id":"https:\/\/group.areakitchen.it\/wedding\/matrimoni-su-misura\/#breadcrumb","itemListElement":[{"@type":"ListItem","position":1,"name":"Home","item":"https:\/\/group.areakitchen.it\/wedding\/"},{"@type":"ListItem","position":2,"name":"Matrimoni su misura"}]},{"@type":"WebSite","@id":"https:\/\/group.areakitchen.it\/wedding\/#website","url":"https:\/\/group.areakitchen.it\/wedding\/","name":"Area Kitchen Group Wedding","description":"Un nuovo approccio nel mondo del Banqueting","potentialAction":[{"@type":"SearchAction","target":{"@type":"EntryPoint","urlTemplate":"https:\/\/group.areakitchen.it\/wedding\/?s={search_term_string}"},"query-input":"required name=search_term_string"}],"inLanguage":"it-IT"}]}},"_links":{"self":[{"href":"https:\/\/group.areakitchen.it\/wedding\/wp-json\/wp\/v2\/pages\/247"}],"collection":[{"href":"https:\/\/group.areakitchen.it\/wedding\/wp-json\/wp\/v2\/pages"}],"about":[{"href":"https:\/\/group.areakitchen.it\/wedding\/wp-json\/wp\/v2\/types\/page"}],"author":[{"embeddable":true,"href":"https:\/\/group.areakitchen.it\/wedding\/wp-json\/wp\/v2\/users\/3"}],"replies":[{"embeddable":true,"href":"https:\/\/group.areakitchen.it\/wedding\/wp-json\/wp\/v2\/comments?post=247"}],"version-history":[{"count":134,"href":"https:\/\/group.areakitchen.it\/wedding\/wp-json\/wp\/v2\/pages\/247\/revisions"}],"predecessor-version":[{"id":1765,"href":"https:\/\/group.areakitchen.it\/wedding\/wp-json\/wp\/v2\/pages\/247\/revisions\/1765"}],"wp:attachment":[{"href":"https:\/\/group.areakitchen.it\/wedding\/wp-json\/wp\/v2\/media?parent=247"}],"curies":[{"name":"wp","href":"https:\/\/api.w.org\/{rel}","templated":true}]}}