{"id":1854,"date":"2022-09-19T11:11:14","date_gmt":"2022-09-19T09:11:14","guid":{"rendered":"https:\/\/group.areakitchen.it\/wedding\/?page_id=1854"},"modified":"2022-09-19T11:11:17","modified_gmt":"2022-09-19T09:11:17","slug":"catering-a-milano-per-matrimoni","status":"publish","type":"page","link":"https:\/\/group.areakitchen.it\/wedding\/catering-a-milano-per-matrimoni\/","title":{"rendered":"Area Kitchen Wedding: l\u2019eccellenza del Catering a Milano per matrimoni"},"content":{"rendered":"<p>[et_pb_section fb_built=&#8221;1&#8243; admin_label=&#8221;catering a Milano per matrimoni &#8211; title&#8221; module_id=&#8221;md_catering_slide&#8221; _builder_version=&#8221;4.18.0&#8243; _module_preset=&#8221;default&#8221; background_color=&#8221;#fff7f6&#8243; custom_padding=&#8221;0px||15px||false|false&#8221; locked=&#8221;off&#8221; collapsed=&#8221;off&#8221; global_colors_info=&#8221;{}&#8221;][et_pb_row _builder_version=&#8221;4.18.0&#8243; _module_preset=&#8221;default&#8221; background_image=&#8221;https:\/\/group.areakitchen.it\/wedding\/wp-content\/uploads\/sites\/2\/2021\/02\/balbiano-281.jpg&#8221; background_position=&#8221;bottom_center&#8221; background_vertical_offset=&#8221;10%&#8221; collapsed=&#8221;off&#8221; global_colors_info=&#8221;{}&#8221;][et_pb_column type=&#8221;4_4&#8243; _builder_version=&#8221;4.16&#8243; _module_preset=&#8221;default&#8221; global_colors_info=&#8221;{}&#8221;][et_pb_slider _builder_version=&#8221;4.18.0&#8243; _module_preset=&#8221;default&#8221; global_colors_info=&#8221;{}&#8221;][et_pb_slide heading=&#8221;L\u2019eccellenza del Catering a Milano per matrimoni&#8221; _builder_version=&#8221;4.18.0&#8243; _module_preset=&#8221;default&#8221; body_font_size=&#8221;15px&#8221; body_line_height=&#8221;1.8em&#8221; background_color=&#8221;#fff7f6&#8243; background_enable_color=&#8221;on&#8221; text_orientation=&#8221;left&#8221; background_layout=&#8221;light&#8221; global_colors_info=&#8221;{}&#8221; sticky_transition=&#8221;on&#8221;]<\/p>\n<p>Area Kitchen Wedding offre un servizio personalizzato di\u00a0<strong>c<\/strong><strong>atering a Milano<\/strong>\u00a0<strong>per <\/strong><strong>matrimon<\/strong><strong>i<\/strong>. Crediamo che il nostro compito sia quello di affiancare gli sposi al meglio, offrendo un\u2019esperienza di catering in grado di rispecchiare i vostri desideri e le vostre esigenze, per rendere il vostro giorno indimenticabile.<\/p>\n<p>[\/et_pb_slide][\/et_pb_slider][\/et_pb_column][\/et_pb_row][\/et_pb_section][et_pb_section fb_built=&#8221;1&#8243; admin_label=&#8221;catering a Milano per matrimoni&#8221; module_id=&#8221;md_isole&#8221; module_class=&#8221;md_cta_mat&#8221; _builder_version=&#8221;4.18.0&#8243; _module_preset=&#8221;default&#8221; background_color=&#8221;#fff7f6&#8243; custom_padding=&#8221;0px||40px||false|false&#8221; collapsed=&#8221;off&#8221; global_colors_info=&#8221;{}&#8221;][et_pb_row column_structure=&#8221;1_2,1_2&#8243; use_custom_gutter=&#8221;on&#8221; gutter_width=&#8221;1&#8243; make_equal=&#8221;on&#8221; admin_label=&#8221;Perch\u00e9 il giorno delle nozze \u00e8 un ricordo da custodire&#8221; _builder_version=&#8221;4.18.0&#8243; _module_preset=&#8221;default&#8221; background_enable_color=&#8221;off&#8221; custom_margin=&#8221;||20px||false|false&#8221; custom_padding=&#8221;0px||0px||false|false&#8221; collapsed=&#8221;off&#8221; global_colors_info=&#8221;{}&#8221;][et_pb_column type=&#8221;1_2&#8243; _builder_version=&#8221;4.16&#8243; _module_preset=&#8221;default&#8221; background_color=&#8221;#FFFFFF&#8221; global_colors_info=&#8221;{}&#8221;][et_pb_cta title=&#8221;Perch\u00e9 il giorno delle nozze \u00e8 un ricordo da custodire con amore.&#8221; button_url=&#8221;mailto:monicapanu@areakitchen.it&#8221; admin_label=&#8221;Perch\u00e9 il giorno delle nozze \u00e8 un ricordo da custodire &#8221; module_id=&#8221;md_matr&#8221; _builder_version=&#8221;4.18.0&#8243; _module_preset=&#8221;default&#8221; background_color=&#8221;#FFFFFF&#8221; text_orientation=&#8221;left&#8221; background_layout=&#8221;light&#8221; global_colors_info=&#8221;{}&#8221;]<\/p>\n<p>La nostra proposta di <strong>catering a Milano per matrimoni<\/strong> rispecchia a pieno l\u2019unicit\u00e0 delle coppie che ci scelgono con proposte culinarie uniche, men\u00f9 ricercati e ambientazioni magiche.<\/p>\n<p>Una cucina che spazia dalla tradizione all\u2019innovazione, che grazie al nostro executive chef Sebastiano Rovida vi stupir\u00e0 con i grandi classici del nostro territorio in una versione tutta nuova\/da scoprire. Grazie alle sue creazioni ci siamo consolidati negli anni nel settore del <strong>catering a Milano per matrimoni<\/strong>, con una proposta in grado di sorprendere voi e i vostri ospiti nel vostro giorno speciale.<br \/>Punto di forza di Area Kitchen Wedding sono le isole dell\u2019aperitivo, per la loro variet\u00e0 di scelta e sapori, l\u2019unicit\u00e0 dei nostri finger food e dove in esclusiva potrete offrire ai vostri invitati la speciale isola dei Maki.<br \/>Ma\u00a0non solo!\u00a0Le isole degli aperitivi sono arricchite da showcooking\/livecooking in cui poter ammirare i nostri chef all\u2019opera con preparazioni e tecniche che sapranno stupire i vostri ospiti.<br \/>Una in particolare lascer\u00e0 i vostri ospiti a bocca aperta: gli showcooking di cucina molecolare con le tecniche come\u00a0 sferificazione, sospensione e uso dell\u2019azoto liquido, verranno utilizzate per creare piatti altamente scenografici in grado di fare vivere ai vostri invitati un\u2019esperienza unica.<\/p>\n<p>[\/et_pb_cta][\/et_pb_column][et_pb_column type=&#8221;1_2&#8243; _builder_version=&#8221;4.16&#8243; _module_preset=&#8221;default&#8221; global_colors_info=&#8221;{}&#8221;][et_pb_gallery gallery_ids=&#8221;973,1733,1641,771&#8243; fullwidth=&#8221;on&#8221; module_id=&#8221;md_matr_img&#8221; _builder_version=&#8221;4.18.0&#8243; _module_preset=&#8221;default&#8221; global_colors_info=&#8221;{}&#8221;][\/et_pb_gallery][\/et_pb_column][\/et_pb_row][et_pb_row column_structure=&#8221;1_2,1_2&#8243; use_custom_gutter=&#8221;on&#8221; gutter_width=&#8221;1&#8243; make_equal=&#8221;on&#8221; admin_label=&#8221;Esperienza pluriennale&#8221; _builder_version=&#8221;4.18.0&#8243; _module_preset=&#8221;default&#8221; background_enable_color=&#8221;off&#8221; custom_margin=&#8221;||20px||false|false&#8221; custom_padding=&#8221;0px||0px||false|false&#8221; collapsed=&#8221;off&#8221; global_colors_info=&#8221;{}&#8221;][et_pb_column type=&#8221;1_2&#8243; _builder_version=&#8221;4.16&#8243; _module_preset=&#8221;default&#8221; background_color=&#8221;#FFFFFF&#8221; global_colors_info=&#8221;{}&#8221;][et_pb_gallery gallery_ids=&#8221;1726,979,981,1117&#8243; fullwidth=&#8221;on&#8221; module_id=&#8221;md_matr_img&#8221; _builder_version=&#8221;4.18.0&#8243; _module_preset=&#8221;default&#8221; global_colors_info=&#8221;{}&#8221;][\/et_pb_gallery][\/et_pb_column][et_pb_column type=&#8221;1_2&#8243; _builder_version=&#8221;4.16&#8243; _module_preset=&#8221;default&#8221; global_colors_info=&#8221;{}&#8221;][et_pb_cta title=&#8221;Esperienza pluriennale nel settore del catering a Milano per matrimoni&#8221; button_url=&#8221;https:\/\/group.areakitchen.it\/wedding\/catering\/&#8221; admin_label=&#8221;Esperienza pluriennale&#8221; module_id=&#8221;md_matr&#8221; _builder_version=&#8221;4.18.0&#8243; _module_preset=&#8221;default&#8221; background_color=&#8221;#FFFFFF&#8221; text_orientation=&#8221;left&#8221; background_layout=&#8221;light&#8221; global_colors_info=&#8221;{}&#8221;]<\/p>\n<p>Grazie alla nostra consolidata esperienza abbiamo anche<strong>\u00a0<\/strong>una proposta a plac\u00e9e\u00a0che pu\u00f2 soddisfare i palati pi\u00f9 esigenti. Potrete degustare le nostre caramelle piacentine, fatte a mano in laboratorio artigianale, le nostre lasagnette i nostri risotti per poi passare alla selezioni dei secondi di carne, da provare il nostro filetto alla Wellington rivisitato, o di pesce, con ad esempio la nostra Rosa di Branzino.<\/p>\n<p>Ma sappiamo anche che un <strong>catering a Milano per matrimoni<\/strong> deve essere in grado di soddisfare tutte le esigenze dei propri ospiti e quindi potremo vedere insieme le proposte per i men\u00f9 bambini, per men\u00f9 vegetariani\/vegani e per intolleranti.<\/p>\n<p>Per concludere in bellezza e lasciare un ricordo indelebile del Vostro matrimonio vi aspettano le nostre isole dei dolci, la torta nuziale e, ovviamente, se volete proseguire la festa l\u2019american bar.<\/p>\n<p>[\/et_pb_cta][\/et_pb_column][\/et_pb_row][et_pb_row column_structure=&#8221;1_2,1_2&#8243; use_custom_gutter=&#8221;on&#8221; gutter_width=&#8221;1&#8243; make_equal=&#8221;on&#8221; admin_label=&#8221;Network&#8221; _builder_version=&#8221;4.18.0&#8243; _module_preset=&#8221;default&#8221; background_enable_color=&#8221;off&#8221; custom_padding=&#8221;0px||0px||false|false&#8221; collapsed=&#8221;off&#8221; global_colors_info=&#8221;{}&#8221;][et_pb_column type=&#8221;1_2&#8243; _builder_version=&#8221;4.16&#8243; _module_preset=&#8221;default&#8221; background_color=&#8221;#FFFFFF&#8221; global_colors_info=&#8221;{}&#8221;][et_pb_cta title=&#8221;Un Network al tuo servizio&#8221; button_url=&#8221;https:\/\/group.areakitchen.it\/wedding\/location\/&#8221; admin_label=&#8221;Network&#8221; module_id=&#8221;md_matr&#8221; _builder_version=&#8221;4.18.0&#8243; _module_preset=&#8221;default&#8221; background_color=&#8221;#FFFFFF&#8221; text_orientation=&#8221;left&#8221; background_layout=&#8221;light&#8221; global_colors_info=&#8221;{}&#8221;]<\/p>\n<p>Come <strong>catering a Milano per matrimoni <\/strong>abbiamo creato negli anni un forte network e offriamo servizi che vanno oltre la proposta culinaria, dalla mise en place fino alla scelta della musica e, soprattutto per la scelta pi\u00f9 importante: quella\u00a0della location, che sar\u00e0 il luogo ideale per dare vita al vostro sogno.<\/p>\n<p>Atmosfere magiche, paesaggi incantevoli e una completa immersione nella natura sono solo alcune delle qualit\u00e0 che caratterizzano le nostre location a due passi dalla citt\u00e0.<\/p>\n<p>Contattateci, anche grazie al nostro form, e il nostro staff sar\u00e0 felice di accompagnarvi in quello che sar\u00e0 il giorno pi\u00f9 bello della vostra vita!<\/p>\n<div class=\"et_pb_button_wrapper\" style=\"text-align: left;\"><a class=\"et_pb_button et_pb_promo_button cd-btn js-cd-panel-trigger acme_form_trigger\" href=\"#\" data-panel=\"main\">Contattaci<\/a><\/div>\n<p>[\/et_pb_cta][\/et_pb_column][et_pb_column type=&#8221;1_2&#8243; _builder_version=&#8221;4.16&#8243; _module_preset=&#8221;default&#8221; global_colors_info=&#8221;{}&#8221;][et_pb_gallery gallery_ids=&#8221;1264,1263,1716,1669&#8243; fullwidth=&#8221;on&#8221; module_id=&#8221;md_matr_img&#8221; _builder_version=&#8221;4.18.0&#8243; _module_preset=&#8221;default&#8221; global_colors_info=&#8221;{}&#8221;][\/et_pb_gallery][\/et_pb_column][\/et_pb_row][\/et_pb_section]<\/p>\n","protected":false},"excerpt":{"rendered":"<p>Area Kitchen Wedding offre un servizio personalizzato di\u00a0catering a Milano\u00a0per matrimoni. Crediamo che il nostro compito sia quello di affiancare gli sposi al meglio, offrendo un\u2019esperienza di catering in grado di rispecchiare i vostri desideri e le vostre esigenze, per rendere il vostro giorno indimenticabile.La nostra proposta di catering a Milano per matrimoni rispecchia a [&hellip;]<\/p>\n","protected":false},"author":4,"featured_media":1505,"parent":0,"menu_order":0,"comment_status":"closed","ping_status":"closed","template":"","meta":{"_et_pb_use_builder":"on","_et_pb_old_content":"","_et_gb_content_width":""},"yoast_head":"<!-- This site is optimized with the Yoast SEO plugin v19.11 - https:\/\/yoast.com\/wordpress\/plugins\/seo\/ -->\n<title>Area Kitchen Wedding: catering a Milano per matrimoni<\/title>\n<meta name=\"description\" content=\"Offriamo un servizio personalizzato di catering a Milano per matrimoni: perch\u00e9 il giorno delle nozze \u00e8 un ricordo da custodire con amore.\" \/>\n<meta name=\"robots\" content=\"index, follow, max-snippet:-1, max-image-preview:large, max-video-preview:-1\" \/>\n<link rel=\"canonical\" href=\"https:\/\/group.areakitchen.it\/wedding\/catering-a-milano-per-matrimoni\/\" \/>\n<meta property=\"og:locale\" content=\"it_IT\" \/>\n<meta property=\"og:type\" content=\"article\" \/>\n<meta property=\"og:title\" content=\"Area Kitchen Wedding: catering a Milano per matrimoni\" \/>\n<meta property=\"og:description\" content=\"Offriamo un servizio personalizzato di catering a Milano per matrimoni: perch\u00e9 il giorno delle nozze \u00e8 un ricordo da custodire con amore.\" \/>\n<meta property=\"og:url\" content=\"https:\/\/group.areakitchen.it\/wedding\/catering-a-milano-per-matrimoni\/\" \/>\n<meta property=\"og:site_name\" content=\"Area Kitchen Group Wedding\" \/>\n<meta property=\"article:modified_time\" content=\"2022-09-19T09:11:17+00:00\" \/>\n<meta property=\"og:image\" content=\"https:\/\/group.areakitchen.it\/wedding\/wp-content\/uploads\/sites\/2\/2021\/02\/location.jpg\" \/>\n\t<meta property=\"og:image:width\" content=\"1000\" \/>\n\t<meta property=\"og:image:height\" content=\"800\" \/>\n\t<meta property=\"og:image:type\" content=\"image\/jpeg\" \/>\n<meta name=\"twitter:card\" content=\"summary_large_image\" \/>\n<meta name=\"twitter:label1\" content=\"Tempo di lettura stimato\" \/>\n\t<meta name=\"twitter:data1\" content=\"4 minuti\" \/>\n<script type=\"application\/ld+json\" class=\"yoast-schema-graph\">{\"@context\":\"https:\/\/schema.org\",\"@graph\":[{\"@type\":\"WebPage\",\"@id\":\"https:\/\/group.areakitchen.it\/wedding\/catering-a-milano-per-matrimoni\/\",\"url\":\"https:\/\/group.areakitchen.it\/wedding\/catering-a-milano-per-matrimoni\/\",\"name\":\"Area Kitchen Wedding: catering a Milano per matrimoni\",\"isPartOf\":{\"@id\":\"https:\/\/group.areakitchen.it\/wedding\/#website\"},\"datePublished\":\"2022-09-19T09:11:14+00:00\",\"dateModified\":\"2022-09-19T09:11:17+00:00\",\"description\":\"Offriamo un servizio personalizzato di catering a Milano per matrimoni: perch\u00e9 il giorno delle nozze \u00e8 un ricordo da custodire con amore.\",\"breadcrumb\":{\"@id\":\"https:\/\/group.areakitchen.it\/wedding\/catering-a-milano-per-matrimoni\/#breadcrumb\"},\"inLanguage\":\"it-IT\",\"potentialAction\":[{\"@type\":\"ReadAction\",\"target\":[\"https:\/\/group.areakitchen.it\/wedding\/catering-a-milano-per-matrimoni\/\"]}]},{\"@type\":\"BreadcrumbList\",\"@id\":\"https:\/\/group.areakitchen.it\/wedding\/catering-a-milano-per-matrimoni\/#breadcrumb\",\"itemListElement\":[{\"@type\":\"ListItem\",\"position\":1,\"name\":\"Home\",\"item\":\"https:\/\/group.areakitchen.it\/wedding\/\"},{\"@type\":\"ListItem\",\"position\":2,\"name\":\"Area Kitchen Wedding: l\u2019eccellenza del Catering a Milano per matrimoni\"}]},{\"@type\":\"WebSite\",\"@id\":\"https:\/\/group.areakitchen.it\/wedding\/#website\",\"url\":\"https:\/\/group.areakitchen.it\/wedding\/\",\"name\":\"Area Kitchen Group Wedding\",\"description\":\"Un nuovo approccio nel mondo del Banqueting\",\"potentialAction\":[{\"@type\":\"SearchAction\",\"target\":{\"@type\":\"EntryPoint\",\"urlTemplate\":\"https:\/\/group.areakitchen.it\/wedding\/?s={search_term_string}\"},\"query-input\":\"required name=search_term_string\"}],\"inLanguage\":\"it-IT\"}]}<\/script>\n<!-- \/ Yoast SEO plugin. -->","yoast_head_json":{"title":"Area Kitchen Wedding: catering a Milano per matrimoni","description":"Offriamo un servizio personalizzato di catering a Milano per matrimoni: perch\u00e9 il giorno delle nozze \u00e8 un ricordo da custodire con amore.","robots":{"index":"index","follow":"follow","max-snippet":"max-snippet:-1","max-image-preview":"max-image-preview:large","max-video-preview":"max-video-preview:-1"},"canonical":"https:\/\/group.areakitchen.it\/wedding\/catering-a-milano-per-matrimoni\/","og_locale":"it_IT","og_type":"article","og_title":"Area Kitchen Wedding: catering a Milano per matrimoni","og_description":"Offriamo un servizio personalizzato di catering a Milano per matrimoni: perch\u00e9 il giorno delle nozze \u00e8 un ricordo da custodire con amore.","og_url":"https:\/\/group.areakitchen.it\/wedding\/catering-a-milano-per-matrimoni\/","og_site_name":"Area Kitchen Group Wedding","article_modified_time":"2022-09-19T09:11:17+00:00","og_image":[{"width":1000,"height":800,"url":"https:\/\/group.areakitchen.it\/wedding\/wp-content\/uploads\/sites\/2\/2021\/02\/location.jpg","type":"image\/jpeg"}],"twitter_card":"summary_large_image","twitter_misc":{"Tempo di lettura stimato":"4 minuti"},"schema":{"@context":"https:\/\/schema.org","@graph":[{"@type":"WebPage","@id":"https:\/\/group.areakitchen.it\/wedding\/catering-a-milano-per-matrimoni\/","url":"https:\/\/group.areakitchen.it\/wedding\/catering-a-milano-per-matrimoni\/","name":"Area Kitchen Wedding: catering a Milano per matrimoni","isPartOf":{"@id":"https:\/\/group.areakitchen.it\/wedding\/#website"},"datePublished":"2022-09-19T09:11:14+00:00","dateModified":"2022-09-19T09:11:17+00:00","description":"Offriamo un servizio personalizzato di catering a Milano per matrimoni: perch\u00e9 il giorno delle nozze \u00e8 un ricordo da custodire con amore.","breadcrumb":{"@id":"https:\/\/group.areakitchen.it\/wedding\/catering-a-milano-per-matrimoni\/#breadcrumb"},"inLanguage":"it-IT","potentialAction":[{"@type":"ReadAction","target":["https:\/\/group.areakitchen.it\/wedding\/catering-a-milano-per-matrimoni\/"]}]},{"@type":"BreadcrumbList","@id":"https:\/\/group.areakitchen.it\/wedding\/catering-a-milano-per-matrimoni\/#breadcrumb","itemListElement":[{"@type":"ListItem","position":1,"name":"Home","item":"https:\/\/group.areakitchen.it\/wedding\/"},{"@type":"ListItem","position":2,"name":"Area Kitchen Wedding: l\u2019eccellenza del Catering a Milano per matrimoni"}]},{"@type":"WebSite","@id":"https:\/\/group.areakitchen.it\/wedding\/#website","url":"https:\/\/group.areakitchen.it\/wedding\/","name":"Area Kitchen Group Wedding","description":"Un nuovo approccio nel mondo del Banqueting","potentialAction":[{"@type":"SearchAction","target":{"@type":"EntryPoint","urlTemplate":"https:\/\/group.areakitchen.it\/wedding\/?s={search_term_string}"},"query-input":"required name=search_term_string"}],"inLanguage":"it-IT"}]}},"_links":{"self":[{"href":"https:\/\/group.areakitchen.it\/wedding\/wp-json\/wp\/v2\/pages\/1854"}],"collection":[{"href":"https:\/\/group.areakitchen.it\/wedding\/wp-json\/wp\/v2\/pages"}],"about":[{"href":"https:\/\/group.areakitchen.it\/wedding\/wp-json\/wp\/v2\/types\/page"}],"author":[{"embeddable":true,"href":"https:\/\/group.areakitchen.it\/wedding\/wp-json\/wp\/v2\/users\/4"}],"replies":[{"embeddable":true,"href":"https:\/\/group.areakitchen.it\/wedding\/wp-json\/wp\/v2\/comments?post=1854"}],"version-history":[{"count":24,"href":"https:\/\/group.areakitchen.it\/wedding\/wp-json\/wp\/v2\/pages\/1854\/revisions"}],"predecessor-version":[{"id":1972,"href":"https:\/\/group.areakitchen.it\/wedding\/wp-json\/wp\/v2\/pages\/1854\/revisions\/1972"}],"wp:featuredmedia":[{"embeddable":true,"href":"https:\/\/group.areakitchen.it\/wedding\/wp-json\/wp\/v2\/media\/1505"}],"wp:attachment":[{"href":"https:\/\/group.areakitchen.it\/wedding\/wp-json\/wp\/v2\/media?parent=1854"}],"curies":[{"name":"wp","href":"https:\/\/api.w.org\/{rel}","templated":true}]}}