{"id":1101,"date":"2021-06-24T13:42:03","date_gmt":"2021-06-24T11:42:03","guid":{"rendered":"https:\/\/group.areakitchen.it\/wedding\/?page_id=1101"},"modified":"2022-08-29T14:16:17","modified_gmt":"2022-08-29T12:16:17","slug":"tenuta-san-giovanni","status":"publish","type":"page","link":"https:\/\/group.areakitchen.it\/wedding\/tenuta-san-giovanni\/","title":{"rendered":"Tenuta San Giovanni"},"content":{"rendered":"<p>[et_pb_section fb_built=&#8221;1&#8243; admin_label=&#8221;Tenuta San Giovanni&#8221; module_id=&#8221;md_location_slide&#8221; _builder_version=&#8221;4.9.2&#8243; _module_preset=&#8221;default&#8221; background_color=&#8221;#fff7f6&#8243; custom_padding=&#8221;0px||15px||false|false&#8221; locked=&#8221;off&#8221; collapsed=&#8221;off&#8221; global_colors_info=&#8221;{}&#8221;][et_pb_row _builder_version=&#8221;4.9.2&#8243; _module_preset=&#8221;default&#8221; background_image=&#8221;https:\/\/group.areakitchen.it\/wedding\/wp-content\/uploads\/sites\/2\/2021\/06\/slide_sangiovanni.jpg&#8221; collapsed=&#8221;off&#8221; global_colors_info=&#8221;{}&#8221;][et_pb_column type=&#8221;4_4&#8243; _builder_version=&#8221;4.8.2&#8243; _module_preset=&#8221;default&#8221; global_colors_info=&#8221;{}&#8221;][et_pb_slider _builder_version=&#8221;4.9.2&#8243; _module_preset=&#8221;default&#8221; global_colors_info=&#8221;{}&#8221;][et_pb_slide heading=&#8221;Tenuta San Giovanni Olevano&#8221; _builder_version=&#8221;4.9.2&#8243; _module_preset=&#8221;default&#8221; body_font_size=&#8221;15px&#8221; body_line_height=&#8221;1.8em&#8221; background_color=&#8221;#fff7f6&#8243; background_enable_color=&#8221;on&#8221; text_orientation=&#8221;left&#8221; background_layout=&#8221;light&#8221; hover_enabled=&#8221;0&#8243; global_colors_info=&#8221;{}&#8221; sticky_transition=&#8221;on&#8221; sticky_enabled=&#8221;0&#8243;]<\/p>\n<p>Nel cuore della campagna di Olevano di Lomellina, in provincia di Pavia, la Tenuta San Giovanni \u00e8 un rifugio di quiete ed eleganza. Al suo interno, l\u2019Agriturismo Alla Corte di Leone si propone come raffinata location per cerimonie, matrimoni e ricevimenti di ogni genere.<br \/><a href=\"https:\/\/www.allacortedileone.it\/\"><u>www.allacortedileone.it<\/u><\/a><\/p>\n<p>[\/et_pb_slide][\/et_pb_slider][\/et_pb_column][\/et_pb_row][\/et_pb_section][et_pb_section fb_built=&#8221;1&#8243; admin_label=&#8221;Tenuta San Giovanni &#8211; due&#8221; module_id=&#8221;md_catering_chef&#8221; _builder_version=&#8221;4.9.2&#8243; _module_preset=&#8221;default&#8221; background_color=&#8221;#fff7f6&#8243; custom_padding=&#8221;0px||15px||false|false&#8221; locked=&#8221;off&#8221; collapsed=&#8221;off&#8221; global_colors_info=&#8221;{}&#8221;][et_pb_row column_structure=&#8221;1_2,1_2&#8243; use_custom_gutter=&#8221;on&#8221; gutter_width=&#8221;1&#8243; make_equal=&#8221;on&#8221; admin_label=&#8221;Tenuta San Giovanni &#8211; due&#8221; _builder_version=&#8221;4.9.2&#8243; _module_preset=&#8221;default&#8221; custom_padding=&#8221;0px||0px||false|false&#8221; collapsed=&#8221;off&#8221; global_colors_info=&#8221;{}&#8221;][et_pb_column type=&#8221;1_2&#8243; _builder_version=&#8221;4.9.2&#8243; _module_preset=&#8221;default&#8221; background_image=&#8221;https:\/\/group.areakitchen.it\/wedding\/wp-content\/uploads\/sites\/2\/2021\/06\/Foto-2-900x600px-low.jpg&#8221; global_colors_info=&#8221;{}&#8221;][\/et_pb_column][et_pb_column type=&#8221;1_2&#8243; _builder_version=&#8221;4.8.2&#8243; _module_preset=&#8221;default&#8221; background_color=&#8221;#FFFFFF&#8221; global_colors_info=&#8221;{}&#8221;][et_pb_cta admin_label=&#8221;Tenuta San Giovanni &#8211; due&#8221; _builder_version=&#8221;4.11.4&#8243; _module_preset=&#8221;default&#8221; body_font_size=&#8221;15px&#8221; body_line_height=&#8221;1.8em&#8221; background_color=&#8221;#FFFFFF&#8221; text_orientation=&#8221;left&#8221; background_layout=&#8221;light&#8221; custom_padding=&#8221;100px||100px||false|false&#8221; hover_enabled=&#8221;0&#8243; global_colors_info=&#8221;{}&#8221; sticky_enabled=&#8221;0&#8243;]<\/p>\n<p>Questa Location per matrimoni a Pavia \u00e8 situata in un piccolo borgo in provincia. Tenuta San Giovanni \u00e8 un&#8217;idilliaca dimora di campagna, romantica e immersa nel verde, offre anche la possibilit\u00e0 di pernottare.<\/p>\n<p>[\/et_pb_cta][\/et_pb_column][\/et_pb_row][\/et_pb_section][et_pb_section fb_built=&#8221;1&#8243; admin_label=&#8221;Tenuta San Giovanni &#8211; due&#8221; module_id=&#8221;md_catering_chef&#8221; _builder_version=&#8221;4.9.2&#8243; _module_preset=&#8221;default&#8221; background_color=&#8221;#fff7f6&#8243; custom_padding=&#8221;0px||15px||false|false&#8221; locked=&#8221;off&#8221; collapsed=&#8221;off&#8221; global_colors_info=&#8221;{}&#8221;][et_pb_row column_structure=&#8221;1_2,1_2&#8243; use_custom_gutter=&#8221;on&#8221; gutter_width=&#8221;1&#8243; make_equal=&#8221;on&#8221; admin_label=&#8221;Tenuta San Giovanni &#8211; due&#8221; _builder_version=&#8221;4.9.2&#8243; _module_preset=&#8221;default&#8221; custom_padding=&#8221;0px||0px||false|false&#8221; collapsed=&#8221;off&#8221; global_colors_info=&#8221;{}&#8221;][et_pb_column type=&#8221;1_2&#8243; _builder_version=&#8221;4.9.2&#8243; _module_preset=&#8221;default&#8221; background_enable_image=&#8221;off&#8221; global_colors_info=&#8221;{}&#8221;][et_pb_cta admin_label=&#8221;Tenuta San Giovanni &#8211; due&#8221; _builder_version=&#8221;4.9.7&#8243; _module_preset=&#8221;default&#8221; body_font_size=&#8221;15px&#8221; body_line_height=&#8221;1.8em&#8221; background_color=&#8221;#FFFFFF&#8221; text_orientation=&#8221;left&#8221; background_layout=&#8221;light&#8221; custom_padding=&#8221;100px||100px||false|false&#8221; hover_enabled=&#8221;0&#8243; global_colors_info=&#8221;{}&#8221; sticky_enabled=&#8221;0&#8243;]<\/p>\n<p>Sale romantiche, ampi saloni di pietra, il rigoglioso giardino e il fresco porticato rendono ogni evento unico e distintivo.<\/p>\n<p>[\/et_pb_cta][\/et_pb_column][et_pb_column type=&#8221;1_2&#8243; _builder_version=&#8221;4.9.2&#8243; _module_preset=&#8221;default&#8221; background_color=&#8221;#FFFFFF&#8221; background_image=&#8221;https:\/\/group.areakitchen.it\/wedding\/wp-content\/uploads\/sites\/2\/2021\/06\/31429396_2436377766387785_1103410302734565376_n-900x600px-low.jpg&#8221; background_position=&#8221;bottom_center&#8221; global_colors_info=&#8221;{}&#8221;][\/et_pb_column][\/et_pb_row][\/et_pb_section][et_pb_section fb_built=&#8221;1&#8243; admin_label=&#8221;Tenuta San Giovanni &#8211; info&#8221; module_id=&#8221;md_catering_chef&#8221; _builder_version=&#8221;4.9.2&#8243; _module_preset=&#8221;default&#8221; background_color=&#8221;#fff7f6&#8243; custom_padding=&#8221;0px||40px||false|false&#8221; locked=&#8221;off&#8221; collapsed=&#8221;off&#8221; global_colors_info=&#8221;{}&#8221;][et_pb_row column_structure=&#8221;1_2,1_2&#8243; use_custom_gutter=&#8221;on&#8221; gutter_width=&#8221;1&#8243; make_equal=&#8221;on&#8221; admin_label=&#8221;Tenuta San Giovanni &#8211; info&#8221; module_id=&#8221;md_loc_info&#8221; _builder_version=&#8221;4.9.2&#8243; _module_preset=&#8221;default&#8221; custom_padding=&#8221;0px||0px||false|false&#8221; collapsed=&#8221;off&#8221; global_colors_info=&#8221;{}&#8221;][et_pb_column type=&#8221;1_2&#8243; module_id=&#8221;md_info_title&#8221; _builder_version=&#8221;4.9.2&#8243; _module_preset=&#8221;default&#8221; background_color=&#8221;#e6bfbc&#8221; background_enable_image=&#8221;off&#8221; global_colors_info=&#8221;{}&#8221;][et_pb_cta title=&#8221;Info&#8221; admin_label=&#8221;Tenuta San Giovanni &#8211; info&#8221; _builder_version=&#8221;4.9.2&#8243; _module_preset=&#8221;default&#8221; body_font_size=&#8221;15px&#8221; body_line_height=&#8221;1.8em&#8221; background_color=&#8221;#e6bfbc&#8221; text_orientation=&#8221;left&#8221; background_layout=&#8221;light&#8221; custom_padding=&#8221;100px||100px||false|false&#8221; global_colors_info=&#8221;{}&#8221;][\/et_pb_cta][\/et_pb_column][et_pb_column type=&#8221;1_2&#8243; _builder_version=&#8221;4.8.2&#8243; _module_preset=&#8221;default&#8221; background_color=&#8221;#FFFFFF&#8221; global_colors_info=&#8221;{}&#8221;][et_pb_cta admin_label=&#8221;Tenuta San Giovanni &#8211; info&#8221; _builder_version=&#8221;4.9.7&#8243; _module_preset=&#8221;default&#8221; body_font_size=&#8221;15px&#8221; body_line_height=&#8221;1.8em&#8221; background_color=&#8221;#FFFFFF&#8221; text_orientation=&#8221;left&#8221; background_layout=&#8221;light&#8221; custom_padding=&#8221;60px||60px||false|false&#8221; global_colors_info=&#8221;{}&#8221;]Via Umberto I, 11\/A<br \/>\n27020 Olevano di Lomellina (PV)<br \/>\nN\u00b0 persone: <strong>250<\/strong><\/p>\n<p><strong><\/strong><\/p>\n<p><strong>Contatti:<\/strong><br \/>Monica Panu<br \/><a href=\"mailto:monica.panu@areakitchen.it\">monica.panu@areakitchen.it<\/a><br \/>388.854.0134<\/p>\n<div class=\"et_pb_button_wrapper\"><a class=\"et_pb_button et_pb_promo_button cd-btn js-cd-panel-trigger acme_form_trigger\" data-panel=\"main\" href=\"#\">contattaci<\/a><\/div>\n<p>[\/et_pb_cta][\/et_pb_column][\/et_pb_row][\/et_pb_section][et_pb_section fb_built=&#8221;1&#8243; disabled_on=&#8221;off|off|off&#8221; admin_label=&#8221;Location ville&#8221; module_id=&#8221;md_loc_ville&#8221; _builder_version=&#8221;4.9.2&#8243; _module_preset=&#8221;default&#8221; background_color=&#8221;#fff7f6&#8243; custom_padding=&#8221;0px||70px||false|false&#8221; locked=&#8221;off&#8221; collapsed=&#8221;on&#8221; global_colors_info=&#8221;{}&#8221;][et_pb_row column_structure=&#8221;1_3,1_3,1_3&#8243; use_custom_gutter=&#8221;on&#8221; gutter_width=&#8221;1&#8243; make_equal=&#8221;on&#8221; _builder_version=&#8221;4.9.2&#8243; _module_preset=&#8221;default&#8221; background_color=&#8221;#e6bfbc&#8221; custom_padding=&#8221;10px|0px|10px|10px|false|false&#8221; global_colors_info=&#8221;{}&#8221;][et_pb_column type=&#8221;1_3&#8243; _builder_version=&#8221;4.9.2&#8243; _module_preset=&#8221;default&#8221; global_colors_info=&#8221;{}&#8221;][et_pb_cta button_url=&#8221;https:\/\/group.areakitchen.it\/wedding\/villa-le-due-torrette\/&#8221; button_text=&#8221;Villa le due torrette&#8221; admin_label=&#8221;Villa le due torrette&#8221; module_class=&#8221;md_dolci&#8221; _builder_version=&#8221;4.9.2&#8243; _module_preset=&#8221;default&#8221; background_enable_color=&#8221;off&#8221; background_image=&#8221;https:\/\/group.areakitchen.it\/wedding\/wp-content\/uploads\/sites\/2\/2021\/06\/SA-LOW-760-900x600px-low.jpg&#8221; border_width_right=&#8221;10px&#8221; border_color_right=&#8221;#e6bfbc&#8221; border_color_bottom=&#8221;#e6bfbc&#8221; global_colors_info=&#8221;{}&#8221;][\/et_pb_cta][\/et_pb_column][et_pb_column type=&#8221;1_3&#8243; _builder_version=&#8221;4.9.2&#8243; _module_preset=&#8221;default&#8221; global_colors_info=&#8221;{}&#8221;][et_pb_cta button_url=&#8221;https:\/\/group.areakitchen.it\/wedding\/tenuta-san-giovanni\/&#8221; button_text=&#8221;Tenuta San Giovanni Olevano&#8221; admin_label=&#8221;Tenuta San Giovanni Olevano&#8221; module_class=&#8221;md_pla&#8221; _builder_version=&#8221;4.9.2&#8243; _module_preset=&#8221;default&#8221; background_enable_color=&#8221;off&#8221; background_image=&#8221;https:\/\/group.areakitchen.it\/wedding\/wp-content\/uploads\/sites\/2\/2021\/06\/31444596_2436378769721018_3198913567868846080_n-900x600px-low.jpg&#8221; border_width_right=&#8221;10px&#8221; border_color_right=&#8221;#e6bfbc&#8221; global_colors_info=&#8221;{}&#8221;][\/et_pb_cta][\/et_pb_column][et_pb_column type=&#8221;1_3&#8243; _builder_version=&#8221;4.9.2&#8243; _module_preset=&#8221;default&#8221; global_colors_info=&#8221;{}&#8221;][et_pb_cta button_url=&#8221;https:\/\/group.areakitchen.it\/wedding\/villa-monte-morone\/&#8221; button_text=&#8221;Villa Monte Morone&#8221; admin_label=&#8221;Villa Monte Morone&#8221; module_class=&#8221;md_mise&#8221; _builder_version=&#8221;4.9.2&#8243; _module_preset=&#8221;default&#8221; background_enable_color=&#8221;off&#8221; background_image=&#8221;https:\/\/group.areakitchen.it\/wedding\/wp-content\/uploads\/sites\/2\/2021\/06\/FSP_8493-900x600px-low.jpg&#8221; border_width_right=&#8221;10px&#8221; border_color_right=&#8221;#e6bfbc&#8221; global_colors_info=&#8221;{}&#8221;][\/et_pb_cta][\/et_pb_column][\/et_pb_row][\/et_pb_section]<\/p>\n","protected":false},"excerpt":{"rendered":"<p>Nel cuore della campagna di Olevano di Lomellina, in provincia di Pavia, la Tenuta San Giovanni \u00e8 un rifugio di quiete ed eleganza. Al suo interno, l\u2019Agriturismo Alla Corte di Leone si propone come raffinata location per cerimonie, matrimoni e ricevimenti di ogni genere.www.allacortedileone.itQuesta Location per matrimoni a Pavia \u00e8 situata in un piccolo borgo [&hellip;]<\/p>\n","protected":false},"author":3,"featured_media":1709,"parent":0,"menu_order":0,"comment_status":"closed","ping_status":"closed","template":"","meta":{"_et_pb_use_builder":"on","_et_pb_old_content":"","_et_gb_content_width":""},"yoast_head":"<!-- This site is optimized with the Yoast SEO plugin v19.11 - https:\/\/yoast.com\/wordpress\/plugins\/seo\/ -->\n<title>Tenuta San Giovanni - Area Kitchen Group Wedding<\/title>\n<meta name=\"description\" content=\"Tenuta San Giovanni \u00e8 una location per matrimoni immersa nella quiete di campagna di Pavia, con all&#039;interno un agriturismo per matrimoni.\" \/>\n<meta name=\"robots\" content=\"index, follow, max-snippet:-1, max-image-preview:large, max-video-preview:-1\" \/>\n<link rel=\"canonical\" href=\"https:\/\/group.areakitchen.it\/wedding\/tenuta-san-giovanni\/\" \/>\n<meta property=\"og:locale\" content=\"it_IT\" \/>\n<meta property=\"og:type\" content=\"article\" \/>\n<meta property=\"og:title\" content=\"Tenuta San Giovanni - Area Kitchen Group Wedding\" \/>\n<meta property=\"og:description\" content=\"Tenuta San Giovanni \u00e8 una location per matrimoni immersa nella quiete di campagna di Pavia, con all&#039;interno un agriturismo per matrimoni.\" \/>\n<meta property=\"og:url\" content=\"https:\/\/group.areakitchen.it\/wedding\/tenuta-san-giovanni\/\" \/>\n<meta property=\"og:site_name\" content=\"Area Kitchen Group Wedding\" \/>\n<meta property=\"article:modified_time\" content=\"2022-08-29T12:16:17+00:00\" \/>\n<meta property=\"og:image\" content=\"https:\/\/group.areakitchen.it\/wedding\/wp-content\/uploads\/sites\/2\/2021\/06\/slide_sangiovanni.jpg\" \/>\n\t<meta property=\"og:image:width\" content=\"1452\" \/>\n\t<meta property=\"og:image:height\" content=\"745\" \/>\n\t<meta property=\"og:image:type\" content=\"image\/jpeg\" \/>\n<meta name=\"twitter:card\" content=\"summary_large_image\" \/>\n<meta name=\"twitter:label1\" content=\"Tempo di lettura stimato\" \/>\n\t<meta name=\"twitter:data1\" content=\"6 minuti\" \/>\n<script type=\"application\/ld+json\" class=\"yoast-schema-graph\">{\"@context\":\"https:\/\/schema.org\",\"@graph\":[{\"@type\":\"WebPage\",\"@id\":\"https:\/\/group.areakitchen.it\/wedding\/tenuta-san-giovanni\/\",\"url\":\"https:\/\/group.areakitchen.it\/wedding\/tenuta-san-giovanni\/\",\"name\":\"Tenuta San Giovanni - Area Kitchen Group Wedding\",\"isPartOf\":{\"@id\":\"https:\/\/group.areakitchen.it\/wedding\/#website\"},\"datePublished\":\"2021-06-24T11:42:03+00:00\",\"dateModified\":\"2022-08-29T12:16:17+00:00\",\"description\":\"Tenuta San Giovanni \u00e8 una location per matrimoni immersa nella quiete di campagna di Pavia, con all'interno un agriturismo per matrimoni.\",\"breadcrumb\":{\"@id\":\"https:\/\/group.areakitchen.it\/wedding\/tenuta-san-giovanni\/#breadcrumb\"},\"inLanguage\":\"it-IT\",\"potentialAction\":[{\"@type\":\"ReadAction\",\"target\":[\"https:\/\/group.areakitchen.it\/wedding\/tenuta-san-giovanni\/\"]}]},{\"@type\":\"BreadcrumbList\",\"@id\":\"https:\/\/group.areakitchen.it\/wedding\/tenuta-san-giovanni\/#breadcrumb\",\"itemListElement\":[{\"@type\":\"ListItem\",\"position\":1,\"name\":\"Home\",\"item\":\"https:\/\/group.areakitchen.it\/wedding\/\"},{\"@type\":\"ListItem\",\"position\":2,\"name\":\"Tenuta San Giovanni\"}]},{\"@type\":\"WebSite\",\"@id\":\"https:\/\/group.areakitchen.it\/wedding\/#website\",\"url\":\"https:\/\/group.areakitchen.it\/wedding\/\",\"name\":\"Area Kitchen Group Wedding\",\"description\":\"Un nuovo approccio nel mondo del Banqueting\",\"potentialAction\":[{\"@type\":\"SearchAction\",\"target\":{\"@type\":\"EntryPoint\",\"urlTemplate\":\"https:\/\/group.areakitchen.it\/wedding\/?s={search_term_string}\"},\"query-input\":\"required name=search_term_string\"}],\"inLanguage\":\"it-IT\"}]}<\/script>\n<!-- \/ Yoast SEO plugin. -->","yoast_head_json":{"title":"Tenuta San Giovanni - Area Kitchen Group Wedding","description":"Tenuta San Giovanni \u00e8 una location per matrimoni immersa nella quiete di campagna di Pavia, con all'interno un agriturismo per matrimoni.","robots":{"index":"index","follow":"follow","max-snippet":"max-snippet:-1","max-image-preview":"max-image-preview:large","max-video-preview":"max-video-preview:-1"},"canonical":"https:\/\/group.areakitchen.it\/wedding\/tenuta-san-giovanni\/","og_locale":"it_IT","og_type":"article","og_title":"Tenuta San Giovanni - Area Kitchen Group Wedding","og_description":"Tenuta San Giovanni \u00e8 una location per matrimoni immersa nella quiete di campagna di Pavia, con all'interno un agriturismo per matrimoni.","og_url":"https:\/\/group.areakitchen.it\/wedding\/tenuta-san-giovanni\/","og_site_name":"Area Kitchen Group Wedding","article_modified_time":"2022-08-29T12:16:17+00:00","og_image":[{"width":1452,"height":745,"url":"https:\/\/group.areakitchen.it\/wedding\/wp-content\/uploads\/sites\/2\/2021\/06\/slide_sangiovanni.jpg","type":"image\/jpeg"}],"twitter_card":"summary_large_image","twitter_misc":{"Tempo di lettura stimato":"6 minuti"},"schema":{"@context":"https:\/\/schema.org","@graph":[{"@type":"WebPage","@id":"https:\/\/group.areakitchen.it\/wedding\/tenuta-san-giovanni\/","url":"https:\/\/group.areakitchen.it\/wedding\/tenuta-san-giovanni\/","name":"Tenuta San Giovanni - Area Kitchen Group Wedding","isPartOf":{"@id":"https:\/\/group.areakitchen.it\/wedding\/#website"},"datePublished":"2021-06-24T11:42:03+00:00","dateModified":"2022-08-29T12:16:17+00:00","description":"Tenuta San Giovanni \u00e8 una location per matrimoni immersa nella quiete di campagna di Pavia, con all'interno un agriturismo per matrimoni.","breadcrumb":{"@id":"https:\/\/group.areakitchen.it\/wedding\/tenuta-san-giovanni\/#breadcrumb"},"inLanguage":"it-IT","potentialAction":[{"@type":"ReadAction","target":["https:\/\/group.areakitchen.it\/wedding\/tenuta-san-giovanni\/"]}]},{"@type":"BreadcrumbList","@id":"https:\/\/group.areakitchen.it\/wedding\/tenuta-san-giovanni\/#breadcrumb","itemListElement":[{"@type":"ListItem","position":1,"name":"Home","item":"https:\/\/group.areakitchen.it\/wedding\/"},{"@type":"ListItem","position":2,"name":"Tenuta San Giovanni"}]},{"@type":"WebSite","@id":"https:\/\/group.areakitchen.it\/wedding\/#website","url":"https:\/\/group.areakitchen.it\/wedding\/","name":"Area Kitchen Group Wedding","description":"Un nuovo approccio nel mondo del Banqueting","potentialAction":[{"@type":"SearchAction","target":{"@type":"EntryPoint","urlTemplate":"https:\/\/group.areakitchen.it\/wedding\/?s={search_term_string}"},"query-input":"required name=search_term_string"}],"inLanguage":"it-IT"}]}},"_links":{"self":[{"href":"https:\/\/group.areakitchen.it\/wedding\/wp-json\/wp\/v2\/pages\/1101"}],"collection":[{"href":"https:\/\/group.areakitchen.it\/wedding\/wp-json\/wp\/v2\/pages"}],"about":[{"href":"https:\/\/group.areakitchen.it\/wedding\/wp-json\/wp\/v2\/types\/page"}],"author":[{"embeddable":true,"href":"https:\/\/group.areakitchen.it\/wedding\/wp-json\/wp\/v2\/users\/3"}],"replies":[{"embeddable":true,"href":"https:\/\/group.areakitchen.it\/wedding\/wp-json\/wp\/v2\/comments?post=1101"}],"version-history":[{"count":16,"href":"https:\/\/group.areakitchen.it\/wedding\/wp-json\/wp\/v2\/pages\/1101\/revisions"}],"predecessor-version":[{"id":1844,"href":"https:\/\/group.areakitchen.it\/wedding\/wp-json\/wp\/v2\/pages\/1101\/revisions\/1844"}],"wp:featuredmedia":[{"embeddable":true,"href":"https:\/\/group.areakitchen.it\/wedding\/wp-json\/wp\/v2\/media\/1709"}],"wp:attachment":[{"href":"https:\/\/group.areakitchen.it\/wedding\/wp-json\/wp\/v2\/media?parent=1101"}],"curies":[{"name":"wp","href":"https:\/\/api.w.org\/{rel}","templated":true}]}}