{"id":2,"date":"2021-01-27T16:39:58","date_gmt":"2021-01-27T15:39:58","guid":{"rendered":"http:\/\/group.areakitchen.it\/en\/?page_id=2"},"modified":"2021-11-08T15:30:16","modified_gmt":"2021-11-08T14:30:16","slug":"homepage","status":"publish","type":"page","link":"https:\/\/group.areakitchen.it\/en\/","title":{"rendered":"Homepage"},"content":{"rendered":"<p>[et_pb_section fb_built=&#8221;1&#8243; disabled_on=&#8221;off|off|off&#8221; admin_label=&#8221;Banqueting&#8221; module_id=&#8221;md_banqueting&#8221; _builder_version=&#8221;4.9.7&#8243; _module_preset=&#8221;default&#8221; background_color=&#8221;#FFFFFF&#8221; background_enable_image=&#8221;off&#8221; custom_padding=&#8221;0px|0px|0px|0px|false|false&#8221; locked=&#8221;off&#8221; collapsed=&#8221;off&#8221; global_colors_info=&#8221;{}&#8221;][et_pb_row _builder_version=&#8221;4.9.7&#8243; _module_preset=&#8221;default&#8221; width=&#8221;90%&#8221; custom_padding=&#8221;0px||15px||false|false&#8221; global_colors_info=&#8221;{}&#8221;][et_pb_column type=&#8221;4_4&#8243; _builder_version=&#8221;4.8.2&#8243; _module_preset=&#8221;default&#8221; global_colors_info=&#8221;{}&#8221;][et_pb_slider dot_nav_custom_color=&#8221;#ffffff&#8221; _builder_version=&#8221;4.11.4&#8243; _module_preset=&#8221;default&#8221; header_text_align=&#8221;left&#8221; header_text_color=&#8221;#323945&#8243; header_font_size=&#8221;40px&#8221; header_line_height=&#8221;1.3em&#8221; body_text_align=&#8221;left&#8221; body_text_color=&#8221;#323945&#8243; background_image=&#8221;http:\/\/group.areakitchen.it\/wp-content\/uploads\/2021\/10\/miseenplace.jpg&#8221; header_font_size_tablet=&#8221;30px&#8221; header_font_size_phone=&#8221;20px&#8221; header_font_size_last_edited=&#8221;on|phone&#8221; global_colors_info=&#8221;{}&#8221;][et_pb_slide heading=&#8221;BANQUETING  INNOVATION &#8221; button_text=&#8221;LEARN MORE&#8221; button_link=&#8221;http:\/\/group.areakitchen.it\/corporate-en\/healthy-banqueting\/&#8221; admin_title=&#8221;UN NUOVO APPROCCIO NEL MONDO DEL BANQUETING&#8221; _builder_version=&#8221;4.11.4&#8243; _module_preset=&#8221;default&#8221; body_text_align=&#8221;left&#8221; background_enable_color=&#8221;off&#8221; background_image=&#8221;http:\/\/group.areakitchen.it\/wp-content\/uploads\/2021\/10\/miseenplace.jpg&#8221; background_enable_image=&#8221;on&#8221; text_orientation=&#8221;left&#8221; background_layout=&#8221;light&#8221; global_colors_info=&#8221;{}&#8221; sticky_transition=&#8221;on&#8221;]<\/p>\n<p>Area Kitchen proposes a variety of innovative formats offering brand new eating experiences.\u00a0\u00a0 Combinations include digital team building activities through food\u00a0 via online and hybrid variations to encourage team spirit. From multimedia personalised cooking activity boxes to healthy banqueting experiences \u00a0our aim is to please.<\/p>\n<p>[\/et_pb_slide][\/et_pb_slider][\/et_pb_column][\/et_pb_row][\/et_pb_section][et_pb_section fb_built=&#8221;1&#8243; admin_label=&#8221;Section Group&#8221; module_id=&#8221;md_service_group&#8221; _builder_version=&#8221;4.8.2&#8243; custom_padding=&#8221;||10px||false|false&#8221; collapsed=&#8221;off&#8221; global_colors_info=&#8221;{}&#8221;][et_pb_row column_structure=&#8221;1_2,1_2&#8243; _builder_version=&#8221;4.9.2&#8243; background_size=&#8221;initial&#8221; background_position=&#8221;top_left&#8221; background_repeat=&#8221;repeat&#8221; width=&#8221;90%&#8221; global_colors_info=&#8221;{}&#8221;][et_pb_column type=&#8221;1_2&#8243; module_id=&#8221;md_service_group_col_1&#8243; _builder_version=&#8221;4.9.2&#8243; background_image=&#8221;http:\/\/group.areakitchen.it\/wp-content\/uploads\/2021\/05\/corporate-1000x800px-low.jpg&#8221; custom_padding=&#8221;|||&#8221; global_colors_info=&#8221;{}&#8221; custom_padding__hover=&#8221;|||&#8221;][et_pb_cta title=&#8221;Corporate&#8221; button_url=&#8221;\/corporate-en\/&#8221; button_text=&#8221;LEARN MORE&#8221; admin_label=&#8221;Corporate&#8221; _builder_version=&#8221;4.11.4&#8243; _module_preset=&#8221;default&#8221; background_enable_color=&#8221;off&#8221; background_layout=&#8221;light&#8221; global_colors_info=&#8221;{}&#8221;]<\/p>\n<p>We create IMMERSIVE and INNOVATIVE food experiences to communicate the sheer beauty of Italian food and its quality via a new concept of live food events designed to entertain and inspire our guests.<\/p>\n<p>[\/et_pb_cta][\/et_pb_column][et_pb_column type=&#8221;1_2&#8243; module_id=&#8221;md_service_group_col_2&#8243; _builder_version=&#8221;4.9.2&#8243; background_image=&#8221;http:\/\/group.areakitchen.it\/wp-content\/uploads\/2021\/05\/wedding-1000x800px-low.jpg&#8221; custom_padding=&#8221;|||&#8221; global_colors_info=&#8221;{}&#8221; custom_padding__hover=&#8221;|||&#8221;][et_pb_cta title=&#8221;WeddingS&#8221; button_url=&#8221;\/wedding-en\/&#8221; button_text=&#8221;LEARN MORE&#8221; admin_label=&#8221;Wedding&#8221; _builder_version=&#8221;4.11.4&#8243; _module_preset=&#8221;default&#8221; background_enable_color=&#8221;off&#8221; background_layout=&#8221;light&#8221; global_colors_info=&#8221;{}&#8221;]<\/p>\n<p>We believe in our mission to support newlyweds by creating a wedding day a memory to cherish by designing an event that reflects the uniqueness of the couple who choose us.<\/p>\n<p>[\/et_pb_cta][\/et_pb_column][\/et_pb_row][\/et_pb_section][et_pb_section fb_built=&#8221;1&#8243; admin_label=&#8221;Fantasie Gourmet&#8221; module_id=&#8221;md_call_home&#8221; _builder_version=&#8221;4.8.1&#8243; _module_preset=&#8221;default&#8221; collapsed=&#8221;off&#8221; global_colors_info=&#8221;{}&#8221;][et_pb_row _builder_version=&#8221;4.8.2&#8243; _module_preset=&#8221;default&#8221; width=&#8221;90%&#8221; custom_padding=&#8221;0px||||false|false&#8221; global_colors_info=&#8221;{}&#8221;][et_pb_column type=&#8221;4_4&#8243; _builder_version=&#8221;4.8.1&#8243; _module_preset=&#8221;default&#8221; global_colors_info=&#8221;{}&#8221;][et_pb_cta title=&#8221;SARTORIAL BANQUETING FOR TAILORED EVENTS&#8221; admin_label=&#8221;Testo&#8221; _builder_version=&#8221;4.9.7&#8243; _module_preset=&#8221;default&#8221; background_enable_color=&#8221;off&#8221; background_layout=&#8221;light&#8221; custom_margin=&#8221;||0px||false|false&#8221; custom_padding=&#8221;||10px||false|false&#8221; global_colors_info=&#8221;{}&#8221;]<\/p>\n<p>A banqueting service seeking to produce both traditional and experimental experiences whilst maintaining top notch aesthetics and high gastronomic standards.<\/p>\n<p>[\/et_pb_cta][et_pb_code admin_label=&#8221;Slider immagini&#8221; module_id=&#8221;md_slider_immagini&#8221; _builder_version=&#8221;4.8.1&#8243; _module_preset=&#8221;default&#8221; global_colors_info=&#8221;{}&#8221;]\t\r\n\t\t<style type=\"text\/css\">\r\n\t\t\t#slidershow-83-content { width: 100%; height: 500px; margin: 0px 0px 20px 0px; padding: 0px 0px 0px 0px;  }\r\n\t\t\t#slidershow-83 { width: 100%; height: 500px; }\r\n\t\t\t#slidershow-83-content .sy-box { width: 100%; height: 500px; }\r\n\t\t\t\t\t#slidershow-83-content .gridslider-title-font-family {  font-weight: normal; letter-spacing: 3px; word-spacing: 5px; text-transform: inherit; font-family: inherit;  }\r\n\t\t\t#slidershow-83-content .gridslider-subtitle-font-family { font-family: inherit; font-family: inherit; }\r\n\t\t\t#slidershow-83-content .coy-effect-shadow { opacity: 0.7;}\r\n\t\t\t#slidershow-83-content .grid-slider { border: 1px solid #ffffff;}\r\n\t\t<\/style>\r\n\t\t<div id=\"slidershow-83-content\" class=\"\" >\t\t\r\n\t\t\t<ul id=\"slidershow-83\" class=\"pre-loader-grid\">\r\n\t\t\t\t<li style=\"display: none;\"><div id=\"grid-layout-01\" class=\"content-grid-layout grid-layout-01\">\r\n\t<div class=\"grid-container\">\r\n\t \r\n\t\r\n\t\t\t\t  \r\n\t\t  <div id=\"position-01\" class=\"position-01 edit-it-now grid-slider\">\r\n\t\t  \t\t  \t\r\n\t<div class=\"grid-grid-cell coy-effect-hover zoom-in \" style=\"background-image: url('http:\/\/group.areakitchen.it\/wp-content\/uploads\/2021\/02\/IMG_3444_low.jpg');\"><\/div>\r\n\t\t<span class=\"gridslider-content-text\" data-position=\"1\" >                                                             <span class=\"gridslider-content-subtitle gridslider-subtitle-font-family subtitle-top-left\" style=\"color: #ffffff\">\r\n                                        <span class=\"gridslider-subtitle-underline\"\r\n                             >\r\n                            Subtitle Here                                     <span class=\"coy-line\" style=\"background-color: #ff6a00;\"><\/span>\r\n                                        <\/span>\r\n                                    <\/span>\r\n                                                                                    <div id=\"coy-0-1\" class=\"gridslider-content-title\">\r\n\t\t\t\t\t\t\t\t\t                                        <h3 class=\"gridslider-title-large gridslider-title-font-family\" style=\"color: #ffffff\">Title Here<\/h3>\r\n                                    <\/div>\r\n                            <\/span>\t\r\n\t\t  <\/div>\r\n\t\t  \r\n\t\t\t\t  \r\n\t\t  <div id=\"position-02\" class=\"position-02 edit-it-now grid-slider\">\r\n\t\t  \t\t  \t\r\n\t<div class=\"grid-grid-cell coy-effect-hover zoom-in \" style=\"background-image: url('http:\/\/group.areakitchen.it\/wp-content\/uploads\/2021\/05\/millefoglie-mortadella-e-mela-verde-900x600px.jpg');\"><\/div>\r\n\t\t<span class=\"gridslider-content-text\" data-position=\"2\" >                                                             <span class=\"gridslider-content-subtitle gridslider-subtitle-font-family subtitle-top-left\" style=\"color: #ffffff\">\r\n                                        <span class=\"gridslider-subtitle-underline\"\r\n                             >\r\n                            Subtitle Here                                     <span class=\"coy-line\" style=\"background-color: #ff6a00;\"><\/span>\r\n                                        <\/span>\r\n                                    <\/span>\r\n                                                                                    <div id=\"coy-0-2\" class=\"gridslider-content-title\">\r\n\t\t\t\t\t\t\t\t\t                                        <h3 class=\"gridslider-title-medium gridslider-title-font-family\" style=\"color: #ffffff\">Title Here<\/h3>\r\n                                    <\/div>\r\n                            <\/span>\t\r\n\t\t  <\/div>\r\n\t\t  \r\n\t\t\t\t  \r\n\t\t  <div id=\"position-03\" class=\"position-03 edit-it-now grid-slider\">\r\n\t\t  \t\t  \t\r\n\t<div class=\"grid-grid-cell coy-effect-hover zoom-in \" style=\"background-image: url('http:\/\/group.areakitchen.it\/wp-content\/uploads\/2021\/02\/VM-1024_low.jpg');\"><\/div>\r\n\t\t<a href=\"\/wp-content\/uploads\/2021\/02\/VM-1024_low.jpg\" class=\"gridslider-content-text\" target=\"_parent\" data-position=\"3\" >                                                             <span class=\"gridslider-content-subtitle gridslider-subtitle-font-family subtitle-top-left\" style=\"color: #ffffff\">\r\n                                        <span class=\"gridslider-subtitle-underline\"\r\n                             >\r\n                            Subtitle Here                                     <span class=\"coy-line\" style=\"background-color: #ff6a00;\"><\/span>\r\n                                        <\/span>\r\n                                    <\/span>\r\n                                                                                    <div id=\"coy-0-3\" class=\"gridslider-content-title\">\r\n\t\t\t\t\t\t\t\t\t                                        <h3 class=\"gridslider-title-medium gridslider-title-font-family\" style=\"color: #ffffff\">Title Here<\/h3>\r\n                                    <\/div>\r\n                            <\/a>\t\r\n\t\t  <\/div>\r\n\t\t  \r\n\t\t\t\t\r\n\t\t<\/div>\r\n<\/div>\r\n<\/li><li style=\"display: none;\"><div id=\"grid-layout-01\" class=\"content-grid-layout grid-layout-01\">\r\n\t<div class=\"grid-container\">\r\n\t \r\n\t\r\n\t\t\t\t  \r\n\t\t  <div id=\"position-01\" class=\"position-01 edit-it-now grid-slider\">\r\n\t\t  \t\t  \t\r\n\t<div class=\"grid-grid-cell coy-effect-hover zoom-in \" style=\"background-image: url('http:\/\/group.areakitchen.it\/wp-content\/uploads\/2021\/05\/filetto-alla-welligton-900x600px-low.jpg');\"><\/div>\r\n\t\t<span class=\"gridslider-content-text\" data-position=\"1\" >                                                             <span class=\"gridslider-content-subtitle gridslider-subtitle-font-family subtitle-top-left\" style=\"color: #ffffff\">\r\n                                        <span class=\"gridslider-subtitle-underline\"\r\n                             >\r\n                            Subtitle                                     <span class=\"coy-line\" style=\"background-color: #ff6a00;\"><\/span>\r\n                                        <\/span>\r\n                                    <\/span>\r\n                                                                                    <div id=\"coy-1-1\" class=\"gridslider-content-title\">\r\n\t\t\t\t\t\t\t\t\t                                        <h3 class=\"gridslider-title-large gridslider-title-font-family\" style=\"color: #ffffff\">Title Here<\/h3>\r\n                                    <\/div>\r\n                            <\/span>\t\r\n\t\t  <\/div>\r\n\t\t  \r\n\t\t\t\t  \r\n\t\t  <div id=\"position-02\" class=\"position-02 edit-it-now grid-slider\">\r\n\t\t  \t\t  \t\r\n\t<div class=\"grid-grid-cell coy-effect-hover zoom-in \" style=\"background-image: url('http:\/\/group.areakitchen.it\/wp-content\/uploads\/2021\/05\/Stufato-di-manzo-al-cacao-con-timballno-di-patate-alla-crema-e-spugna-al-prezzemolo-900x600px-low.jpg');\"><\/div>\r\n\t\t<span class=\"gridslider-content-text\" data-position=\"2\" >                                                             <span class=\"gridslider-content-subtitle gridslider-subtitle-font-family subtitle-top-left\" style=\"color: #ffffff\">\r\n                                        <span class=\"gridslider-subtitle-underline\"\r\n                             >\r\n                            Subtitle                                     <span class=\"coy-line\" style=\"background-color: #ff6a00;\"><\/span>\r\n                                        <\/span>\r\n                                    <\/span>\r\n                                                                                    <div id=\"coy-1-2\" class=\"gridslider-content-title\">\r\n\t\t\t\t\t\t\t\t\t                                        <h3 class=\"gridslider-title-medium gridslider-title-font-family\" style=\"color: #ffffff\">Title Here<\/h3>\r\n                                    <\/div>\r\n                            <\/span>\t\r\n\t\t  <\/div>\r\n\t\t  \r\n\t\t\t\t  \r\n\t\t  <div id=\"position-03\" class=\"position-03 edit-it-now grid-slider\">\r\n\t\t  \t\t  \t\r\n\t<div class=\"grid-grid-cell coy-effect-hover zoom-in \" style=\"background-image: url('http:\/\/group.areakitchen.it\/wp-content\/uploads\/2021\/05\/capresemolecolare-900x600px-low.jpg');\"><\/div>\r\n\t\t<span class=\"gridslider-content-text\" data-position=\"3\" >                                                             <span class=\"gridslider-content-subtitle gridslider-subtitle-font-family subtitle-top-left\" style=\"color: #ffffff\">\r\n                                        <span class=\"gridslider-subtitle-underline\"\r\n                             >\r\n                            Subtitle                                     <span class=\"coy-line\" style=\"background-color: #ff6a00;\"><\/span>\r\n                                        <\/span>\r\n                                    <\/span>\r\n                                                                                    <div id=\"coy-1-3\" class=\"gridslider-content-title\">\r\n\t\t\t\t\t\t\t\t\t                                        <h3 class=\"gridslider-title-medium gridslider-title-font-family\" style=\"color: #ffffff\">Title Here<\/h3>\r\n                                    <\/div>\r\n                            <\/span>\t\r\n\t\t  <\/div>\r\n\t\t  \r\n\t\t\t\t\r\n\t\t<\/div>\r\n<\/div>\r\n<\/li>\t\t\t\t\r\n\t\t\t<\/ul>\r\n\t\t<\/div>\t\r\n\t\t\t\t\r\n\t\t<script type=\"text\/javascript\">\r\n\t\t\tjQuery(document).ready(function ($) {\r\n\t\t\t\t$(\"#slidershow-83\").delay(2000).removeClass(\"pre-loader-grid\");\r\n\t\t\t\t$(\"#slidershow-83 li\").delay(3000).show();\r\n\t\t\t\t$(\"#slidershow-83\").slippry({\r\n\t\t\t\t\t\t transition: 'horizontal', \/\/'fade', 'horizontal', 'vertical'\t\t\t\t\t\r\n\t\t\t\t\t\t speed: 1000,\r\n\t\t\t\t\t\t pause: 3000,\r\n\t\t\t\t\t\t auto: false,\t\t\t\t\t \r\n\t\t\t\t\t\t autoHover: true,\r\n\t\t\t\t\t\t pager: false,\r\n\t\t\t\t\t\t controls: true\t\t\t\t\t});\r\n\t\t\t\t\t\r\n\t\t\t\t\t\t\t$(\"#slidershow-83\").coygridfontes ({\r\n\t\t\t\t\t\t\t\tminFontLarge: 20,\r\n\t\t\t\t\t\t\t\tmaxFontLarge: 48,\r\n\t\t\t\t\t\t\t\tminFontMedium: 16,\r\n\t\t\t\t\t\t\t\tmaxFontMedium: 32,\r\n\t\t\t\t\t\t\t\tminFontSmall: 14,\r\n\t\t\t\t\t\t\t\tmaxFontSmall: 26\t\t\t\t\t\t\t\t});\r\n\t\t\t\t\r\n\t\t\t\r\n\t\t\t\t\t\r\n\t\t\t});\r\n\t\t<\/script>\r\n\r\n\t[\/et_pb_code][et_pb_button button_url=&#8221;\/corporate-en\/sartorial-banqueting\/&#8221; button_text=&#8221;LEARN MORE&#8221; button_alignment=&#8221;center&#8221; module_id=&#8221;md_button_home&#8221; _builder_version=&#8221;4.11.4&#8243; _module_preset=&#8221;default&#8221; custom_margin=&#8221;30px||||false|false&#8221; custom_margin_tablet=&#8221;&#8221; custom_margin_phone=&#8221;0px||||false|false&#8221; custom_margin_last_edited=&#8221;on|phone&#8221; global_colors_info=&#8221;{}&#8221;][\/et_pb_button][\/et_pb_column][\/et_pb_row][\/et_pb_section]<\/p>\n","protected":false},"excerpt":{"rendered":"<p>Area Kitchen proposes a variety of innovative formats offering brand new eating experiences.\u00a0\u00a0 Combinations include digital team building activities through food\u00a0 via online and hybrid variations to encourage team spirit. From multimedia personalised cooking activity boxes to healthy banqueting experiences \u00a0our aim is to please.We create IMMERSIVE and INNOVATIVE food experiences to communicate the sheer [&hellip;]<\/p>\n","protected":false},"author":1,"featured_media":0,"parent":0,"menu_order":0,"comment_status":"closed","ping_status":"open","template":"","meta":{"_et_pb_use_builder":"on","_et_pb_old_content":"<!-- wp:paragraph -->\r\n<p>Questa \u00e8 una pagina di esempio. Differisce da un articolo di un blog perch\u00e9 rimane sempre allo stesso posto e (in molti temi) appare nel menu di navigazione. Molte persone iniziano con una pagina di Informazioni che li presentano ai visitatori del sito. Potrebbe apparire una presentazione del tipo:<\/p>\r\n<!-- \/wp:paragraph --><!-- wp:quote -->\r\n<blockquote class=\"wp-block-quote\">\r\n<p>Ciao! Sono un fattorino ciclista di giorno, aspirante attore di notte e questo \u00e8 il mio sito web. Vivo a Los Angeles, ho un grande cane di nome Jack e mi piace la pi\u00f1a colada. (E prendere la pioggia)<\/p>\r\n<\/blockquote>\r\n<!-- \/wp:quote --><!-- wp:paragraph -->\r\n<p>...o qualcosa di simile:<\/p>\r\n<!-- \/wp:paragraph --><!-- wp:quote -->\r\n<blockquote class=\"wp-block-quote\">\r\n<p>La Societ\u00e0 XYZ Aggeggi \u00e8 stata fondata nel 1971 e da allora fornisce al pubblico aggeggi di ottima qualit\u00e0. Situata a Fantasilandia, XYZ impiega oltre 2.000 persone e realizza ogni sorta di aggeggio fantastico per la comunit\u00e0 di Fantasilandia.<\/p>\r\n<\/blockquote>\r\n<!-- \/wp:quote --><!-- wp:paragraph -->\r\n<p>Come nuovo utente di WordPress, dovresti andare nella tua <a href=\"http:\/\/group.areakitchen.it.http98.wm1.me\/wp-admin\/\">Bacheca<\/a> per eliminare questa pagina, e crearne delle nuove per i tuoi contenuti. Divertiti!<\/p>\r\n<!-- \/wp:paragraph -->","_et_gb_content_width":""},"yoast_head":"<!-- This site is optimized with the Yoast SEO plugin v19.11 - https:\/\/yoast.com\/wordpress\/plugins\/seo\/ -->\n<title>Homepage - Area Kitchen<\/title>\n<meta name=\"robots\" content=\"noindex, follow, max-snippet:-1, max-image-preview:large, max-video-preview:-1\" \/>\n<meta property=\"og:locale\" content=\"en_US\" \/>\n<meta property=\"og:type\" content=\"article\" \/>\n<meta property=\"og:title\" content=\"Homepage - Area Kitchen\" \/>\n<meta property=\"og:description\" content=\"Area Kitchen proposes a variety of innovative formats offering brand new eating experiences.\u00a0\u00a0 Combinations include digital team building activities through food\u00a0 via online and hybrid variations to encourage team spirit. From multimedia personalised cooking activity boxes to healthy banqueting experiences \u00a0our aim is to please.We create IMMERSIVE and INNOVATIVE food experiences to communicate the sheer [&hellip;]\" \/>\n<meta property=\"og:url\" content=\"https:\/\/group.areakitchen.it\/en\/\" \/>\n<meta property=\"og:site_name\" content=\"Area Kitchen\" \/>\n<meta property=\"article:modified_time\" content=\"2021-11-08T14:30:16+00:00\" \/>\n<meta name=\"twitter:card\" content=\"summary_large_image\" \/>\n<meta name=\"twitter:label1\" content=\"Est. reading time\" \/>\n\t<meta name=\"twitter:data1\" content=\"4 minutes\" \/>\n<script type=\"application\/ld+json\" class=\"yoast-schema-graph\">{\"@context\":\"https:\/\/schema.org\",\"@graph\":[{\"@type\":\"WebPage\",\"@id\":\"https:\/\/group.areakitchen.it\/en\/\",\"url\":\"https:\/\/group.areakitchen.it\/en\/\",\"name\":\"Homepage - Area Kitchen\",\"isPartOf\":{\"@id\":\"https:\/\/group.areakitchen.it\/en\/#website\"},\"datePublished\":\"2021-01-27T15:39:58+00:00\",\"dateModified\":\"2021-11-08T14:30:16+00:00\",\"breadcrumb\":{\"@id\":\"https:\/\/group.areakitchen.it\/en\/#breadcrumb\"},\"inLanguage\":\"en-US\",\"potentialAction\":[{\"@type\":\"ReadAction\",\"target\":[\"https:\/\/group.areakitchen.it\/en\/\"]}]},{\"@type\":\"BreadcrumbList\",\"@id\":\"https:\/\/group.areakitchen.it\/en\/#breadcrumb\",\"itemListElement\":[{\"@type\":\"ListItem\",\"position\":1,\"name\":\"Home\",\"item\":\"https:\/\/group.areakitchen.it\/en\/\"},{\"@type\":\"ListItem\",\"position\":2,\"name\":\"Homepage\"}]},{\"@type\":\"WebSite\",\"@id\":\"https:\/\/group.areakitchen.it\/en\/#website\",\"url\":\"https:\/\/group.areakitchen.it\/en\/\",\"name\":\"Area Kitchen\",\"description\":\"Banqueting Innovation\",\"potentialAction\":[{\"@type\":\"SearchAction\",\"target\":{\"@type\":\"EntryPoint\",\"urlTemplate\":\"https:\/\/group.areakitchen.it\/en\/?s={search_term_string}\"},\"query-input\":\"required name=search_term_string\"}],\"inLanguage\":\"en-US\"}]}<\/script>\n<!-- \/ Yoast SEO plugin. -->","yoast_head_json":{"title":"Homepage - Area Kitchen","robots":{"index":"noindex","follow":"follow","max-snippet":"max-snippet:-1","max-image-preview":"max-image-preview:large","max-video-preview":"max-video-preview:-1"},"og_locale":"en_US","og_type":"article","og_title":"Homepage - Area Kitchen","og_description":"Area Kitchen proposes a variety of innovative formats offering brand new eating experiences.\u00a0\u00a0 Combinations include digital team building activities through food\u00a0 via online and hybrid variations to encourage team spirit. From multimedia personalised cooking activity boxes to healthy banqueting experiences \u00a0our aim is to please.We create IMMERSIVE and INNOVATIVE food experiences to communicate the sheer [&hellip;]","og_url":"https:\/\/group.areakitchen.it\/en\/","og_site_name":"Area Kitchen","article_modified_time":"2021-11-08T14:30:16+00:00","twitter_card":"summary_large_image","twitter_misc":{"Est. reading time":"4 minutes"},"schema":{"@context":"https:\/\/schema.org","@graph":[{"@type":"WebPage","@id":"https:\/\/group.areakitchen.it\/en\/","url":"https:\/\/group.areakitchen.it\/en\/","name":"Homepage - Area Kitchen","isPartOf":{"@id":"https:\/\/group.areakitchen.it\/en\/#website"},"datePublished":"2021-01-27T15:39:58+00:00","dateModified":"2021-11-08T14:30:16+00:00","breadcrumb":{"@id":"https:\/\/group.areakitchen.it\/en\/#breadcrumb"},"inLanguage":"en-US","potentialAction":[{"@type":"ReadAction","target":["https:\/\/group.areakitchen.it\/en\/"]}]},{"@type":"BreadcrumbList","@id":"https:\/\/group.areakitchen.it\/en\/#breadcrumb","itemListElement":[{"@type":"ListItem","position":1,"name":"Home","item":"https:\/\/group.areakitchen.it\/en\/"},{"@type":"ListItem","position":2,"name":"Homepage"}]},{"@type":"WebSite","@id":"https:\/\/group.areakitchen.it\/en\/#website","url":"https:\/\/group.areakitchen.it\/en\/","name":"Area Kitchen","description":"Banqueting Innovation","potentialAction":[{"@type":"SearchAction","target":{"@type":"EntryPoint","urlTemplate":"https:\/\/group.areakitchen.it\/en\/?s={search_term_string}"},"query-input":"required name=search_term_string"}],"inLanguage":"en-US"}]}},"_links":{"self":[{"href":"https:\/\/group.areakitchen.it\/en\/wp-json\/wp\/v2\/pages\/2"}],"collection":[{"href":"https:\/\/group.areakitchen.it\/en\/wp-json\/wp\/v2\/pages"}],"about":[{"href":"https:\/\/group.areakitchen.it\/en\/wp-json\/wp\/v2\/types\/page"}],"author":[{"embeddable":true,"href":"https:\/\/group.areakitchen.it\/en\/wp-json\/wp\/v2\/users\/1"}],"replies":[{"embeddable":true,"href":"https:\/\/group.areakitchen.it\/en\/wp-json\/wp\/v2\/comments?post=2"}],"version-history":[{"count":111,"href":"https:\/\/group.areakitchen.it\/en\/wp-json\/wp\/v2\/pages\/2\/revisions"}],"predecessor-version":[{"id":425,"href":"https:\/\/group.areakitchen.it\/en\/wp-json\/wp\/v2\/pages\/2\/revisions\/425"}],"wp:attachment":[{"href":"https:\/\/group.areakitchen.it\/en\/wp-json\/wp\/v2\/media?parent=2"}],"curies":[{"name":"wp","href":"https:\/\/api.w.org\/{rel}","templated":true}]}}