{"id":58,"date":"2021-02-10T12:07:14","date_gmt":"2021-02-10T11:07:14","guid":{"rendered":"https:\/\/group.areakitchen.it\/corporate\/?page_id=58"},"modified":"2022-08-29T16:10:11","modified_gmt":"2022-08-29T14:10:11","slug":"live-showcooking","status":"publish","type":"page","link":"https:\/\/group.areakitchen.it\/corporate\/live-showcooking\/","title":{"rendered":"Live \/ Showcooking"},"content":{"rendered":"<p>[et_pb_section fb_built=&#8221;1&#8243; admin_label=&#8221;Live \/ Showcooking&#8221; module_id=&#8221;md_digital_banqueting&#8221; _builder_version=&#8221;4.9.7&#8243; _module_preset=&#8221;default&#8221; background_color=&#8221;#FFFFFF&#8221; custom_padding=&#8221;0px||15px||false|false&#8221; collapsed=&#8221;off&#8221; global_colors_info=&#8221;{}&#8221;][et_pb_row column_structure=&#8221;1_2,1_2&#8243; use_custom_gutter=&#8221;on&#8221; gutter_width=&#8221;1&#8243; make_equal=&#8221;on&#8221; module_class=&#8221;md_show&#8221; _builder_version=&#8221;4.11.4&#8243; _module_preset=&#8221;default&#8221; background_enable_color=&#8221;off&#8221; custom_margin=&#8221;||15px||false|false&#8221; custom_padding=&#8221;0px||0px||false|false&#8221; collapsed=&#8221;off&#8221; global_colors_info=&#8221;{}&#8221;][et_pb_column type=&#8221;1_2&#8243; _builder_version=&#8221;4.11.4&#8243; _module_preset=&#8221;default&#8221; background_color=&#8221;#FFFFFF&#8221; border_width_all=&#8221;10px&#8221; border_color_all=&#8221;#ae8e65&#8243; global_colors_info=&#8221;{}&#8221;][et_pb_gallery gallery_ids=&#8221;290&#8243; fullwidth=&#8221;on&#8221; _builder_version=&#8221;4.9.7&#8243; _module_preset=&#8221;default&#8221; global_colors_info=&#8221;{}&#8221;][\/et_pb_gallery][et_pb_cta title=&#8221;PER UN CORPORATE EVENT MEMORABILE&#8221; admin_label=&#8221;PER UN CORPORATE EVENT MEMORABILE&#8221; module_id=&#8221;md_live_cta&#8221; _builder_version=&#8221;4.11.4&#8243; _module_preset=&#8221;default&#8221; background_color=&#8221;#FFFFFF&#8221; text_orientation=&#8221;left&#8221; background_layout=&#8221;light&#8221; hover_enabled=&#8221;0&#8243; global_colors_info=&#8221;{}&#8221; sticky_enabled=&#8221;0&#8243;]<\/p>\n<p>Lo Show Cooking \u00e8 un ingrediente che non pu\u00f2 mancare nei vostri eventi, con l\u2019intervento del nostro chef Sebastiano Rovida, il coinvolgimento e il divertimento accompagneranno piatti deliziosi.<\/p>\n<p>Area Kitchen \u00e8 specializzata nella creazione di team building progettati su misura e spaziano da sfide culinarie fino a momenti di edutainement per una nuova consapevolezza alimentare.<\/p>\n<div class=\"et_pb_button_wrapper\" style=\"text-align: left;\"><a class=\"et_pb_button et_pb_promo_button cd-btn js-cd-panel-trigger acme_form_trigger\" href=\"#\" data-panel=\"main\">Contattaci<\/a><\/div>\n<p>[\/et_pb_cta][\/et_pb_column][et_pb_column type=&#8221;1_2&#8243; _builder_version=&#8221;4.9.7&#8243; _module_preset=&#8221;default&#8221; background_color=&#8221;#FFFFFF&#8221; border_width_all=&#8221;10px&#8221; border_color_all=&#8221;#ae8e65&#8243; global_colors_info=&#8221;{}&#8221;][et_pb_gallery gallery_ids=&#8221;295,296&#8243; fullwidth=&#8221;on&#8221; _builder_version=&#8221;4.11.4&#8243; _module_preset=&#8221;default&#8221; global_colors_info=&#8221;{}&#8221;][\/et_pb_gallery][et_pb_cta title=&#8221;SHOW COOKING MOLECOLARE&#8221; admin_label=&#8221;SHOW COOKING MOLECOLARE&#8221; module_id=&#8221;md_live_cta&#8221; _builder_version=&#8221;4.11.4&#8243; _module_preset=&#8221;default&#8221; background_color=&#8221;#FFFFFF&#8221; text_orientation=&#8221;left&#8221; background_layout=&#8221;light&#8221; global_colors_info=&#8221;{}&#8221;]<\/p>\n<div class=\"oIy2qc\" data-message-text=\"SHOW COOKING MOLECOLARE:  Intrattieni i tuoi ospiti creando un\u2019atmosfera divertente e coinvolgente Il fascino della cucina molecolare \u00e8 la scomposizione e ricomposizione degli alimenti attraverso la creativit\u00e0 dello chef portando all\u2019esaltazione della materia prima e concentrando il gusto. Lo showcooking molecolare \u00e8 un momento perfetto per intrattenere gli ospiti, che potranno interagire con lo chef attraverso domande o curiosit\u00e0, assistendo alla realizzazione, passo dopo passo, del cocktail o \">Intrattieni i tuoi ospiti creando un\u2019atmosfera divertente e coinvolgente Il fascino della cucina molecolare \u00e8 la scomposizione e ricomposizione degli alimenti attraverso la creativit\u00e0 dello chef portando all\u2019esaltazione della materia prima e concentrando il gusto. Lo showcooking molecolare \u00e8 un momento perfetto per intrattenere gli ospiti, che potranno interagire con lo chef attraverso domande o curiosit\u00e0, assistendo alla realizzazione, passo dopo passo, del cocktail o della portata che si andr\u00e0 ad assaggiare. Lo showcooking molecolare diventa anche digital grazie al nostro digital banqueting.<\/div>\n<p>&nbsp;<\/p>\n<div class=\"et_pb_button_wrapper\" style=\"text-align: left\"><a class=\"et_pb_button et_pb_promo_button cd-btn js-cd-panel-trigger acme_form_trigger\" href=\"#\" data-panel=\"main\">Contattaci<\/a><\/div>\n<p>[\/et_pb_cta][\/et_pb_column][\/et_pb_row][\/et_pb_section][et_pb_section fb_built=&#8221;1&#8243; disabled_on=&#8221;off|off|off&#8221; admin_label=&#8221;Eventi &#8221; module_id=&#8221;md_eventi_grid&#8221; _builder_version=&#8221;4.9.7&#8243; _module_preset=&#8221;default&#8221; background_color=&#8221;RGBA(0,0,0,0)&#8221; custom_padding=&#8221;0px||70px||false|false&#8221; locked=&#8221;off&#8221; collapsed=&#8221;off&#8221; global_colors_info=&#8221;{}&#8221;][et_pb_row column_structure=&#8221;1_4,1_4,1_4,1_4&#8243; use_custom_gutter=&#8221;on&#8221; gutter_width=&#8221;1&#8243; make_equal=&#8221;on&#8221; _builder_version=&#8221;4.9.7&#8243; _module_preset=&#8221;default&#8221; background_color=&#8221;#ae8e65&#8243; custom_padding=&#8221;10px|0px|10px|10px|false|false&#8221; global_colors_info=&#8221;{}&#8221;][et_pb_column type=&#8221;1_4&#8243; _builder_version=&#8221;4.9.2&#8243; _module_preset=&#8221;default&#8221; global_colors_info=&#8221;{}&#8221;][et_pb_cta button_url=&#8221;https:\/\/group.areakitchen.it\/corporate\/banqueting-sartoriale\/&#8221; button_text=&#8221;Scopri il nostro Banqueting Sartoriale&#8221; admin_label=&#8221;Banqueting Sartoriale&#8221; module_class=&#8221;md_dolci&#8221; _builder_version=&#8221;4.9.7&#8243; _module_preset=&#8221;default&#8221; background_enable_color=&#8221;off&#8221; background_image=&#8221;https:\/\/group.areakitchen.it\/corporate\/wp-content\/uploads\/sites\/3\/2021\/07\/slide_banqueting-1.jpg&#8221; border_color_all=&#8221;#ae8e65&#8243; border_width_right=&#8221;10px&#8221; border_color_bottom=&#8221;#e6bfbc&#8221; locked=&#8221;off&#8221; global_colors_info=&#8221;{}&#8221;][\/et_pb_cta][\/et_pb_column][et_pb_column type=&#8221;1_4&#8243; _builder_version=&#8221;4.9.2&#8243; _module_preset=&#8221;default&#8221; global_colors_info=&#8221;{}&#8221;][et_pb_cta button_url=&#8221;https:\/\/group.areakitchen.it\/corporate\/healthy-banqueting\/&#8221; button_text=&#8221;Scopri il nostro healthy Banqueting&#8221; admin_label=&#8221;healthy Banqueting&#8221; module_class=&#8221;md_dolci&#8221; _builder_version=&#8221;4.9.7&#8243; _module_preset=&#8221;default&#8221; background_enable_color=&#8221;off&#8221; background_image=&#8221;https:\/\/group.areakitchen.it\/corporate\/wp-content\/uploads\/sites\/3\/2021\/07\/slide_helthy.jpg&#8221; border_color_all=&#8221;#ae8e65&#8243; border_width_right=&#8221;10px&#8221; border_color_bottom=&#8221;#e6bfbc&#8221; global_colors_info=&#8221;{}&#8221;][\/et_pb_cta][\/et_pb_column][et_pb_column type=&#8221;1_4&#8243; _builder_version=&#8221;4.9.2&#8243; _module_preset=&#8221;default&#8221; global_colors_info=&#8221;{}&#8221;][et_pb_cta button_url=&#8221;https:\/\/group.areakitchen.it\/corporate\/digital-banqueting\/&#8221; button_text=&#8221;Scopri il nostro Digital Banqueting&#8221; admin_label=&#8221;Digital Banqueting&#8221; module_class=&#8221;md_dolci&#8221; _builder_version=&#8221;4.9.7&#8243; _module_preset=&#8221;default&#8221; background_enable_color=&#8221;off&#8221; background_image=&#8221;https:\/\/group.areakitchen.it\/corporate\/wp-content\/uploads\/sites\/3\/2021\/07\/slide_digital-1.jpg&#8221; border_color_all=&#8221;#ae8e65&#8243; border_width_right=&#8221;10px&#8221; border_color_bottom=&#8221;#e6bfbc&#8221; locked=&#8221;off&#8221; global_colors_info=&#8221;{}&#8221;][\/et_pb_cta][\/et_pb_column][et_pb_column type=&#8221;1_4&#8243; _builder_version=&#8221;4.9.2&#8243; _module_preset=&#8221;default&#8221; global_colors_info=&#8221;{}&#8221;][et_pb_cta button_url=&#8221;https:\/\/group.areakitchen.it\/corporate\/personal-box\/&#8221; button_text=&#8221;Scopri le nostre Personal Box&#8221; admin_label=&#8221;Personal Box&#8221; module_class=&#8221;md_mise&#8221; _builder_version=&#8221;4.9.7&#8243; _module_preset=&#8221;default&#8221; background_enable_color=&#8221;off&#8221; background_image=&#8221;https:\/\/group.areakitchen.it\/corporate\/wp-content\/uploads\/sites\/3\/2021\/07\/AK12.jpg&#8221; border_width_right=&#8221;10px&#8221; border_color_right=&#8221;#ae8e65&#8243; global_colors_info=&#8221;{}&#8221;][\/et_pb_cta][\/et_pb_column][\/et_pb_row][\/et_pb_section]<\/p>\n","protected":false},"excerpt":{"rendered":"<p>Lo Show Cooking \u00e8 un ingrediente che non pu\u00f2 mancare nei vostri eventi, con l\u2019intervento del nostro chef Sebastiano Rovida, il coinvolgimento e il divertimento accompagneranno piatti deliziosi. Area Kitchen \u00e8 specializzata nella creazione di team building progettati su misura e spaziano da sfide culinarie fino a momenti di edutainement per una nuova consapevolezza alimentare. [&hellip;]<\/p>\n","protected":false},"author":3,"featured_media":290,"parent":0,"menu_order":0,"comment_status":"closed","ping_status":"closed","template":"","meta":{"_et_pb_use_builder":"on","_et_pb_old_content":"","_et_gb_content_width":""},"yoast_head":"<!-- This site is optimized with the Yoast SEO plugin v19.11 - https:\/\/yoast.com\/wordpress\/plugins\/seo\/ -->\n<title>Live \/ Showcooking - Area Kitchen Group Corporate<\/title>\n<meta name=\"description\" content=\"Gli Show Cooking di Area Kitchen sono un mix perfetto tra spettacolo e tecnica: le abilit\u00e0 dello chef diventano una performance artistica.\" \/>\n<meta name=\"robots\" content=\"index, follow, max-snippet:-1, max-image-preview:large, max-video-preview:-1\" \/>\n<link rel=\"canonical\" href=\"https:\/\/group.areakitchen.it\/corporate\/live-showcooking\/\" \/>\n<meta property=\"og:locale\" content=\"it_IT\" \/>\n<meta property=\"og:type\" content=\"article\" \/>\n<meta property=\"og:title\" content=\"Live \/ Showcooking - Area Kitchen Group Corporate\" \/>\n<meta property=\"og:description\" content=\"Gli Show Cooking di Area Kitchen sono un mix perfetto tra spettacolo e tecnica: le abilit\u00e0 dello chef diventano una performance artistica.\" \/>\n<meta property=\"og:url\" content=\"https:\/\/group.areakitchen.it\/corporate\/live-showcooking\/\" \/>\n<meta property=\"og:site_name\" content=\"Area Kitchen Group Corporate\" \/>\n<meta property=\"article:modified_time\" content=\"2022-08-29T14:10:11+00:00\" \/>\n<meta property=\"og:image\" content=\"https:\/\/group.areakitchen.it\/corporate\/wp-content\/uploads\/sites\/3\/2021\/07\/AK32.jpg\" \/>\n\t<meta property=\"og:image:width\" content=\"900\" \/>\n\t<meta property=\"og:image:height\" content=\"600\" \/>\n\t<meta property=\"og:image:type\" content=\"image\/jpeg\" \/>\n<meta name=\"twitter:card\" content=\"summary_large_image\" \/>\n<meta name=\"twitter:label1\" content=\"Tempo di lettura stimato\" \/>\n\t<meta name=\"twitter:data1\" content=\"4 minuti\" \/>\n<script type=\"application\/ld+json\" class=\"yoast-schema-graph\">{\"@context\":\"https:\/\/schema.org\",\"@graph\":[{\"@type\":\"WebPage\",\"@id\":\"https:\/\/group.areakitchen.it\/corporate\/live-showcooking\/\",\"url\":\"https:\/\/group.areakitchen.it\/corporate\/live-showcooking\/\",\"name\":\"Live \/ Showcooking - Area Kitchen Group Corporate\",\"isPartOf\":{\"@id\":\"https:\/\/group.areakitchen.it\/corporate\/#website\"},\"datePublished\":\"2021-02-10T11:07:14+00:00\",\"dateModified\":\"2022-08-29T14:10:11+00:00\",\"description\":\"Gli Show Cooking di Area Kitchen sono un mix perfetto tra spettacolo e tecnica: le abilit\u00e0 dello chef diventano una performance artistica.\",\"breadcrumb\":{\"@id\":\"https:\/\/group.areakitchen.it\/corporate\/live-showcooking\/#breadcrumb\"},\"inLanguage\":\"it-IT\",\"potentialAction\":[{\"@type\":\"ReadAction\",\"target\":[\"https:\/\/group.areakitchen.it\/corporate\/live-showcooking\/\"]}]},{\"@type\":\"BreadcrumbList\",\"@id\":\"https:\/\/group.areakitchen.it\/corporate\/live-showcooking\/#breadcrumb\",\"itemListElement\":[{\"@type\":\"ListItem\",\"position\":1,\"name\":\"Home\",\"item\":\"https:\/\/group.areakitchen.it\/corporate\/\"},{\"@type\":\"ListItem\",\"position\":2,\"name\":\"Live \/ Showcooking\"}]},{\"@type\":\"WebSite\",\"@id\":\"https:\/\/group.areakitchen.it\/corporate\/#website\",\"url\":\"https:\/\/group.areakitchen.it\/corporate\/\",\"name\":\"Area Kitchen Group Corporate\",\"description\":\"Un nuovo approccio nel mondo del Banqueting\",\"potentialAction\":[{\"@type\":\"SearchAction\",\"target\":{\"@type\":\"EntryPoint\",\"urlTemplate\":\"https:\/\/group.areakitchen.it\/corporate\/?s={search_term_string}\"},\"query-input\":\"required name=search_term_string\"}],\"inLanguage\":\"it-IT\"}]}<\/script>\n<!-- \/ Yoast SEO plugin. -->","yoast_head_json":{"title":"Live \/ Showcooking - Area Kitchen Group Corporate","description":"Gli Show Cooking di Area Kitchen sono un mix perfetto tra spettacolo e tecnica: le abilit\u00e0 dello chef diventano una performance artistica.","robots":{"index":"index","follow":"follow","max-snippet":"max-snippet:-1","max-image-preview":"max-image-preview:large","max-video-preview":"max-video-preview:-1"},"canonical":"https:\/\/group.areakitchen.it\/corporate\/live-showcooking\/","og_locale":"it_IT","og_type":"article","og_title":"Live \/ Showcooking - Area Kitchen Group Corporate","og_description":"Gli Show Cooking di Area Kitchen sono un mix perfetto tra spettacolo e tecnica: le abilit\u00e0 dello chef diventano una performance artistica.","og_url":"https:\/\/group.areakitchen.it\/corporate\/live-showcooking\/","og_site_name":"Area Kitchen Group Corporate","article_modified_time":"2022-08-29T14:10:11+00:00","og_image":[{"width":900,"height":600,"url":"https:\/\/group.areakitchen.it\/corporate\/wp-content\/uploads\/sites\/3\/2021\/07\/AK32.jpg","type":"image\/jpeg"}],"twitter_card":"summary_large_image","twitter_misc":{"Tempo di lettura stimato":"4 minuti"},"schema":{"@context":"https:\/\/schema.org","@graph":[{"@type":"WebPage","@id":"https:\/\/group.areakitchen.it\/corporate\/live-showcooking\/","url":"https:\/\/group.areakitchen.it\/corporate\/live-showcooking\/","name":"Live \/ Showcooking - Area Kitchen Group Corporate","isPartOf":{"@id":"https:\/\/group.areakitchen.it\/corporate\/#website"},"datePublished":"2021-02-10T11:07:14+00:00","dateModified":"2022-08-29T14:10:11+00:00","description":"Gli Show Cooking di Area Kitchen sono un mix perfetto tra spettacolo e tecnica: le abilit\u00e0 dello chef diventano una performance artistica.","breadcrumb":{"@id":"https:\/\/group.areakitchen.it\/corporate\/live-showcooking\/#breadcrumb"},"inLanguage":"it-IT","potentialAction":[{"@type":"ReadAction","target":["https:\/\/group.areakitchen.it\/corporate\/live-showcooking\/"]}]},{"@type":"BreadcrumbList","@id":"https:\/\/group.areakitchen.it\/corporate\/live-showcooking\/#breadcrumb","itemListElement":[{"@type":"ListItem","position":1,"name":"Home","item":"https:\/\/group.areakitchen.it\/corporate\/"},{"@type":"ListItem","position":2,"name":"Live \/ Showcooking"}]},{"@type":"WebSite","@id":"https:\/\/group.areakitchen.it\/corporate\/#website","url":"https:\/\/group.areakitchen.it\/corporate\/","name":"Area Kitchen Group Corporate","description":"Un nuovo approccio nel mondo del Banqueting","potentialAction":[{"@type":"SearchAction","target":{"@type":"EntryPoint","urlTemplate":"https:\/\/group.areakitchen.it\/corporate\/?s={search_term_string}"},"query-input":"required name=search_term_string"}],"inLanguage":"it-IT"}]}},"_links":{"self":[{"href":"https:\/\/group.areakitchen.it\/corporate\/wp-json\/wp\/v2\/pages\/58"}],"collection":[{"href":"https:\/\/group.areakitchen.it\/corporate\/wp-json\/wp\/v2\/pages"}],"about":[{"href":"https:\/\/group.areakitchen.it\/corporate\/wp-json\/wp\/v2\/types\/page"}],"author":[{"embeddable":true,"href":"https:\/\/group.areakitchen.it\/corporate\/wp-json\/wp\/v2\/users\/3"}],"replies":[{"embeddable":true,"href":"https:\/\/group.areakitchen.it\/corporate\/wp-json\/wp\/v2\/comments?post=58"}],"version-history":[{"count":38,"href":"https:\/\/group.areakitchen.it\/corporate\/wp-json\/wp\/v2\/pages\/58\/revisions"}],"predecessor-version":[{"id":1259,"href":"https:\/\/group.areakitchen.it\/corporate\/wp-json\/wp\/v2\/pages\/58\/revisions\/1259"}],"wp:featuredmedia":[{"embeddable":true,"href":"https:\/\/group.areakitchen.it\/corporate\/wp-json\/wp\/v2\/media\/290"}],"wp:attachment":[{"href":"https:\/\/group.areakitchen.it\/corporate\/wp-json\/wp\/v2\/media?parent=58"}],"curies":[{"name":"wp","href":"https:\/\/api.w.org\/{rel}","templated":true}]}}