{"id":2,"date":"2021-01-28T10:20:54","date_gmt":"2021-01-28T09:20:54","guid":{"rendered":"https:\/\/group.areakitchen.it\/corporate\/?page_id=2"},"modified":"2021-10-27T15:47:18","modified_gmt":"2021-10-27T13:47:18","slug":"homepage","status":"publish","type":"page","link":"https:\/\/group.areakitchen.it\/corporate\/","title":{"rendered":"Homepage"},"content":{"rendered":"<p>[et_pb_section fb_built=&#8221;1&#8243; admin_label=&#8221;Servizi Corporate&#8221; module_id=&#8221;md_service_corporate&#8221; _builder_version=&#8221;4.8.2&#8243; background_color=&#8221;#FFFFFF&#8221; collapsed=&#8221;off&#8221; global_colors_info=&#8221;{}&#8221;][et_pb_row column_structure=&#8221;1_3,1_3,1_3&#8243; make_equal=&#8221;on&#8221; _builder_version=&#8221;4.9.7&#8243; background_size=&#8221;initial&#8221; background_position=&#8221;top_left&#8221; background_repeat=&#8221;repeat&#8221; global_colors_info=&#8221;{}&#8221;][et_pb_column type=&#8221;1_3&#8243; module_id=&#8221;md_service_corporate_col_1&#8243; _builder_version=&#8221;4.8.2&#8243; background_image=&#8221;https:\/\/group.areakitchen.it\/corporate\/wp-content\/uploads\/sites\/3\/2021\/02\/eventi.jpg&#8221; custom_padding=&#8221;|||&#8221; global_colors_info=&#8221;{}&#8221; custom_padding__hover=&#8221;|||&#8221;][et_pb_cta title=&#8221;Eventi&#8221; button_url=&#8221;https:\/\/group.areakitchen.it\/corporate\/eventi\/&#8221; button_text=&#8221;scopri di pi\u00f9&#8221; admin_label=&#8221;Eventi&#8221; _builder_version=&#8221;4.11.4&#8243; _module_preset=&#8221;default&#8221; background_enable_color=&#8221;off&#8221; background_layout=&#8221;light&#8221; global_colors_info=&#8221;{}&#8221;]<\/p>\n<p>In sinergia con il mood dell&#8217;evento, Area Kitchen ha la ricetta perfetta per ogni esigenza. Men\u00f9 originali vanno in scena con allestimenti dallo stile unico, all\u2019interno di location esclusive.<\/p>\n<p>[\/et_pb_cta][\/et_pb_column][et_pb_column type=&#8221;1_3&#8243; module_id=&#8221;md_service_corporate_col_2&#8243; _builder_version=&#8221;4.9.7&#8243; background_image=&#8221;https:\/\/group.areakitchen.it\/corporate\/wp-content\/uploads\/sites\/3\/2021\/07\/Foto-Banqueting-Sartoriale-1-1.jpg&#8221; custom_padding=&#8221;|||&#8221; global_colors_info=&#8221;{}&#8221; custom_padding__hover=&#8221;|||&#8221;][et_pb_cta title=&#8221;BANQUETING SARTORIALE&#8221; button_url=&#8221;https:\/\/group.areakitchen.it\/corporate\/banqueting-sartoriale\/&#8221; button_text=&#8221;scopri di pi\u00f9&#8221; admin_label=&#8221;BANQUETING SARTORIALE&#8221; _builder_version=&#8221;4.11.4&#8243; _module_preset=&#8221;default&#8221; background_enable_color=&#8221;off&#8221; background_layout=&#8221;light&#8221; global_colors_info=&#8221;{}&#8221;]<\/p>\n<p>Area Kitchen ha scritto il lessico del \u201cBanqueting Sartoriale\u201d, attraverso la personalizzazione senza limiti di ogni banchetto. Ciascun evento \u00e8 cucito a misura del cliente, punto dopo punto..<\/p>\n<p>[\/et_pb_cta][\/et_pb_column][et_pb_column type=&#8221;1_3&#8243; module_id=&#8221;md_service_corporate_col_3&#8243; _builder_version=&#8221;4.9.7&#8243; background_image=&#8221;https:\/\/group.areakitchen.it\/corporate\/wp-content\/uploads\/sites\/3\/2021\/07\/Foto-Location-1-1.jpg&#8221; custom_padding=&#8221;|||&#8221; global_colors_info=&#8221;{}&#8221; custom_padding__hover=&#8221;|||&#8221;][et_pb_cta title=&#8221;Location&#8221; button_url=&#8221;https:\/\/group.areakitchen.it\/corporate\/corporate-location\/&#8221; button_text=&#8221;scopri di pi\u00f9&#8221; admin_label=&#8221;Location&#8221; _builder_version=&#8221;4.9.7&#8243; _module_preset=&#8221;default&#8221; background_enable_color=&#8221;off&#8221; background_layout=&#8221;light&#8221; global_colors_info=&#8221;{}&#8221;]<\/p>\n<p>Area Kitchen rappresenta un unico interlocutore per ogni grande evento.<br \/>Il nostro staff studier\u00e0 ogni dettaglio perch\u00e8 facciamo parte del vostro team.<\/p>\n<p>[\/et_pb_cta][\/et_pb_column][\/et_pb_row][\/et_pb_section][et_pb_section fb_built=&#8221;1&#8243; module_id=&#8221;md_digital_banqueting&#8221; module_class=&#8221;digital_home&#8221; _builder_version=&#8221;4.9.7&#8243; _module_preset=&#8221;default&#8221; background_enable_color=&#8221;off&#8221; custom_padding=&#8221;0px||0px||false|false&#8221; locked=&#8221;off&#8221; collapsed=&#8221;off&#8221; global_colors_info=&#8221;{}&#8221;][et_pb_row column_structure=&#8221;2_5,3_5&#8243; make_equal=&#8221;on&#8221; _builder_version=&#8221;4.9.7&#8243; _module_preset=&#8221;default&#8221; background_color=&#8221;#FFFFFF&#8221; custom_padding=&#8221;0px||0px||false|false&#8221; global_colors_info=&#8221;{}&#8221;][et_pb_column type=&#8221;2_5&#8243; _builder_version=&#8221;4.9.7&#8243; _module_preset=&#8221;default&#8221; global_colors_info=&#8221;{}&#8221;][et_pb_cta title=&#8221;Pensa fuori dai soliti Catering&#8221; button_url=&#8221;https:\/\/group.areakitchen.it\/corporate\/healthy-banqueting\/&#8221; button_text=&#8221;I nuovi format&#8221; admin_label=&#8221;Pensa fuori dai soliti Catering&#8221; _builder_version=&#8221;4.9.7&#8243; _module_preset=&#8221;default&#8221; background_color=&#8221;#FFFFFF&#8221; text_orientation=&#8221;left&#8221; background_layout=&#8221;light&#8221; custom_padding=&#8221;70px||70px||false|false&#8221; global_colors_info=&#8221;{}&#8221;]<\/p>\n<p>Con Area Kitchen puoi ridefinire il \u201csolito\u201d evento aziendale e deliziare i tuoi ospiti con proposte food uniche, soluzioni disegnate sulle esigenze del tuo team ed esperienze interattive da vivere insieme al nostro chef Sebastiano Rovida.<\/p>\n<p>[\/et_pb_cta][\/et_pb_column][et_pb_column type=&#8221;3_5&#8243; _builder_version=&#8221;4.9.7&#8243; _module_preset=&#8221;default&#8221; background_image=&#8221;https:\/\/group.areakitchen.it\/corporate\/wp-content\/uploads\/sites\/3\/2021\/09\/AKnonilsolitocatering.jpg&#8221; global_colors_info=&#8221;{}&#8221;][\/et_pb_column][\/et_pb_row][\/et_pb_section][et_pb_section fb_built=&#8221;1&#8243; admin_label=&#8221;Eventi Immagini&#8221; module_id=&#8221;md_call_home&#8221; _builder_version=&#8221;4.8.2&#8243; _module_preset=&#8221;default&#8221; background_color=&#8221;#FFFFFF&#8221; locked=&#8221;off&#8221; collapsed=&#8221;on&#8221; global_colors_info=&#8221;{}&#8221;][et_pb_row _builder_version=&#8221;4.8.2&#8243; _module_preset=&#8221;default&#8221; custom_padding=&#8221;||0px||false|false&#8221; global_colors_info=&#8221;{}&#8221;][et_pb_column type=&#8221;4_4&#8243; _builder_version=&#8221;4.8.1&#8243; _module_preset=&#8221;default&#8221; global_colors_info=&#8221;{}&#8221;][et_pb_code admin_label=&#8221;Slider immagini&#8221; module_id=&#8221;md_slider_immagini&#8221; _builder_version=&#8221;4.8.2&#8243; _module_preset=&#8221;default&#8221; global_colors_info=&#8221;{}&#8221;]\t\r\n\t\t<style type=\"text\/css\">\r\n\t\t\t#slidershow-104-content { width: 100%; height: 500px; margin: 0px 0px 0px 0px; padding: 0px 0px 0px 0px;  }\r\n\t\t\t#slidershow-104 { width: 100%; height: 500px; }\r\n\t\t\t#slidershow-104-content .sy-box { width: 100%; height: 500px; }\r\n\t\t\t\t\t#slidershow-104-content .gridslider-title-font-family {  font-weight: normal; letter-spacing: 3px; word-spacing: 5px; text-transform: inherit; font-family: inherit;  }\r\n\t\t\t#slidershow-104-content .gridslider-subtitle-font-family { font-family: inherit; font-family: inherit; }\r\n\t\t\t#slidershow-104-content .coy-effect-shadow { opacity: 0.7;}\r\n\t\t\t#slidershow-104-content .grid-slider { border: 1px solid #ffffff;}\r\n\t\t<\/style>\r\n\t\t<div id=\"slidershow-104-content\" class=\"\" >\t\t\r\n\t\t\t<ul id=\"slidershow-104\" class=\"pre-loader-grid\">\r\n\t\t\t\t<li style=\"display: none;\"><div id=\"grid-layout-01\" class=\"content-grid-layout grid-layout-01\">\r\n\t<div class=\"grid-container\">\r\n\t \r\n\t\r\n\t\t\t\t  \r\n\t\t  <div id=\"position-01\" class=\"position-01 edit-it-now grid-slider\">\r\n\t\t  \t\t  \t\r\n\t<div class=\"grid-grid-cell coy-effect-hover off \" style=\"background-image: url('http:\/\/group.areakitchen.it\/corporate\/wp-content\/uploads\/sites\/3\/2021\/07\/IMG_3308.jpg');\"><\/div>\r\n\t\t<span class=\"gridslider-content-text\" data-position=\"1\" >                                                             <span class=\"gridslider-content-subtitle gridslider-subtitle-font-family subtitle-top-left\" style=\"color: #ffffff\">\r\n                                        <span class=\"gridslider-subtitle-underline\"\r\n                             >\r\n                            Subtitle Here                                     <span class=\"coy-line\" style=\"background-color: #ff6a00;\"><\/span>\r\n                                        <\/span>\r\n                                    <\/span>\r\n                                                                                    <div id=\"coy-0-1\" class=\"gridslider-content-title\">\r\n\t\t\t\t\t\t\t\t\t                                        <h3 class=\"gridslider-title-large gridslider-title-font-family\" style=\"color: #ffffff\">Title Here<\/h3>\r\n                                    <\/div>\r\n                            <\/span>\t\r\n\t\t  <\/div>\r\n\t\t  \r\n\t\t\t\t  \r\n\t\t  <div id=\"position-02\" class=\"position-02 edit-it-now grid-slider\">\r\n\t\t  \t\t  \t\r\n\t<div class=\"grid-grid-cell coy-effect-hover off \" style=\"background-image: url('http:\/\/group.areakitchen.it\/corporate\/wp-content\/uploads\/sites\/3\/2021\/07\/IMG_6534.jpg');\"><\/div>\r\n\t\t<span class=\"gridslider-content-text\" data-position=\"2\" >                                                             <span class=\"gridslider-content-subtitle gridslider-subtitle-font-family subtitle-top-left\" style=\"color: #ffffff\">\r\n                                        <span class=\"gridslider-subtitle-underline\"\r\n                             >\r\n                            Subtitle Here                                     <span class=\"coy-line\" style=\"background-color: #ff6a00;\"><\/span>\r\n                                        <\/span>\r\n                                    <\/span>\r\n                                                                                    <div id=\"coy-0-2\" class=\"gridslider-content-title\">\r\n\t\t\t\t\t\t\t\t\t                                        <h3 class=\"gridslider-title-medium gridslider-title-font-family\" style=\"color: #ffffff\">Title Here<\/h3>\r\n                                    <\/div>\r\n                            <\/span>\t\r\n\t\t  <\/div>\r\n\t\t  \r\n\t\t\t\t  \r\n\t\t  <div id=\"position-03\" class=\"position-03 edit-it-now grid-slider\">\r\n\t\t  \t\t  \t\r\n\t<div class=\"grid-grid-cell coy-effect-hover off \" style=\"background-image: url('http:\/\/group.areakitchen.it\/corporate\/wp-content\/uploads\/sites\/3\/2021\/07\/IMG_3270.jpg');\"><\/div>\r\n\t\t<span class=\"gridslider-content-text\" data-position=\"3\" >                                                             <span class=\"gridslider-content-subtitle gridslider-subtitle-font-family subtitle-top-left\" style=\"color: #ffffff\">\r\n                                        <span class=\"gridslider-subtitle-underline\"\r\n                             >\r\n                            Subtitle Here                                     <span class=\"coy-line\" style=\"background-color: #ff6a00;\"><\/span>\r\n                                        <\/span>\r\n                                    <\/span>\r\n                                                                                    <div id=\"coy-0-3\" class=\"gridslider-content-title\">\r\n\t\t\t\t\t\t\t\t\t                                        <h3 class=\"gridslider-title-medium gridslider-title-font-family\" style=\"color: #ffffff\">Title Here<\/h3>\r\n                                    <\/div>\r\n                            <\/span>\t\r\n\t\t  <\/div>\r\n\t\t  \r\n\t\t\t\t\r\n\t\t<\/div>\r\n<\/div>\r\n<\/li><li style=\"display: none;\"><div id=\"grid-layout-01\" class=\"content-grid-layout grid-layout-01\">\r\n\t<div class=\"grid-container\">\r\n\t \r\n\t\r\n\t\t\t\t  \r\n\t\t  <div id=\"position-01\" class=\"position-01 edit-it-now grid-slider\">\r\n\t\t  \t\t  \t\r\n\t<div class=\"grid-grid-cell coy-effect-hover off \" style=\"background-image: url('http:\/\/group.areakitchen.it\/corporate\/wp-content\/uploads\/sites\/3\/2021\/07\/IMG_0148-1.jpg');\"><\/div>\r\n\t\t<span class=\"gridslider-content-text\" data-position=\"1\" >                                                             <span class=\"gridslider-content-subtitle gridslider-subtitle-font-family subtitle-top-left\" style=\"color: #ffffff\">\r\n                                        <span class=\"gridslider-subtitle-underline\"\r\n                             >\r\n                            Subtitle                                     <span class=\"coy-line\" style=\"background-color: #ff6a00;\"><\/span>\r\n                                        <\/span>\r\n                                    <\/span>\r\n                                                                                    <div id=\"coy-1-1\" class=\"gridslider-content-title\">\r\n\t\t\t\t\t\t\t\t\t                                        <h3 class=\"gridslider-title-large gridslider-title-font-family\" style=\"color: #ffffff\">Title Here<\/h3>\r\n                                    <\/div>\r\n                            <\/span>\t\r\n\t\t  <\/div>\r\n\t\t  \r\n\t\t\t\t  \r\n\t\t  <div id=\"position-02\" class=\"position-02 edit-it-now grid-slider\">\r\n\t\t  \t\t  \t\r\n\t<div class=\"grid-grid-cell coy-effect-hover off \" style=\"background-image: url('http:\/\/group.areakitchen.it\/corporate\/wp-content\/uploads\/sites\/3\/2021\/07\/IMG_6686-3.jpg');\"><\/div>\r\n\t\t<span class=\"gridslider-content-text\" data-position=\"2\" >                                                             <span class=\"gridslider-content-subtitle gridslider-subtitle-font-family subtitle-top-left\" style=\"color: #ffffff\">\r\n                                        <span class=\"gridslider-subtitle-underline\"\r\n                             >\r\n                            Subtitle                                     <span class=\"coy-line\" style=\"background-color: #ff6a00;\"><\/span>\r\n                                        <\/span>\r\n                                    <\/span>\r\n                                                                                    <div id=\"coy-1-2\" class=\"gridslider-content-title\">\r\n\t\t\t\t\t\t\t\t\t                                        <h3 class=\"gridslider-title-medium gridslider-title-font-family\" style=\"color: #ffffff\">Title Here<\/h3>\r\n                                    <\/div>\r\n                            <\/span>\t\r\n\t\t  <\/div>\r\n\t\t  \r\n\t\t\t\t  \r\n\t\t  <div id=\"position-03\" class=\"position-03 edit-it-now grid-slider\">\r\n\t\t  \t\t  \t\r\n\t<div class=\"grid-grid-cell coy-effect-hover off \" style=\"background-image: url('http:\/\/group.areakitchen.it\/corporate\/wp-content\/uploads\/sites\/3\/2021\/07\/IMG_0081.jpg');\"><\/div>\r\n\t\t<span class=\"gridslider-content-text\" data-position=\"3\" >                                                             <span class=\"gridslider-content-subtitle gridslider-subtitle-font-family subtitle-top-left\" style=\"color: #ffffff\">\r\n                                        <span class=\"gridslider-subtitle-underline\"\r\n                             >\r\n                            Subtitle                                     <span class=\"coy-line\" style=\"background-color: #ff6a00;\"><\/span>\r\n                                        <\/span>\r\n                                    <\/span>\r\n                                                                                    <div id=\"coy-1-3\" class=\"gridslider-content-title\">\r\n\t\t\t\t\t\t\t\t\t                                        <h3 class=\"gridslider-title-medium gridslider-title-font-family\" style=\"color: #ffffff\">Title Here<\/h3>\r\n                                    <\/div>\r\n                            <\/span>\t\r\n\t\t  <\/div>\r\n\t\t  \r\n\t\t\t\t\r\n\t\t<\/div>\r\n<\/div>\r\n<\/li>\t\t\t\t\r\n\t\t\t<\/ul>\r\n\t\t<\/div>\t\r\n\t\t\t\t\r\n\t\t<script type=\"text\/javascript\">\r\n\t\t\tjQuery(document).ready(function ($) {\r\n\t\t\t\t$(\"#slidershow-104\").delay(2000).removeClass(\"pre-loader-grid\");\r\n\t\t\t\t$(\"#slidershow-104 li\").delay(3000).show();\r\n\t\t\t\t$(\"#slidershow-104\").slippry({\r\n\t\t\t\t\t\t transition: 'horizontal', \/\/'fade', 'horizontal', 'vertical'\t\t\t\t\t\r\n\t\t\t\t\t\t speed: 1000,\r\n\t\t\t\t\t\t pause: 3000,\r\n\t\t\t\t\t\t auto: true,\t\t\t\t\t \r\n\t\t\t\t\t\t autoHover: true,\r\n\t\t\t\t\t\t pager: false,\r\n\t\t\t\t\t\t controls: true\t\t\t\t\t});\r\n\t\t\t\t\t\r\n\t\t\t\t\t\t\t$(\"#slidershow-104\").coygridfontes ({\r\n\t\t\t\t\t\t\t\tminFontLarge: 20,\r\n\t\t\t\t\t\t\t\tmaxFontLarge: 48,\r\n\t\t\t\t\t\t\t\tminFontMedium: 16,\r\n\t\t\t\t\t\t\t\tmaxFontMedium: 32,\r\n\t\t\t\t\t\t\t\tminFontSmall: 14,\r\n\t\t\t\t\t\t\t\tmaxFontSmall: 26\t\t\t\t\t\t\t\t});\r\n\t\t\t\t\r\n\t\t\t\r\n\t\t\t\t\t\r\n\t\t\t});\r\n\t\t<\/script>\r\n\r\n\t[\/et_pb_code][\/et_pb_column][\/et_pb_row][\/et_pb_section][et_pb_section fb_built=&#8221;1&#8243; admin_label=&#8221;Quote&#8221; module_id=&#8221;md_quote&#8221; _builder_version=&#8221;4.11.4&#8243; _module_preset=&#8221;default&#8221; background_color=&#8221;#f9f0dd&#8221; custom_padding=&#8221;0px|0px|20px|0px|false|false&#8221; hover_enabled=&#8221;0&#8243; collapsed=&#8221;off&#8221; global_colors_info=&#8221;{}&#8221; sticky_enabled=&#8221;0&#8243;][et_pb_row _builder_version=&#8221;4.8.2&#8243; _module_preset=&#8221;default&#8221; global_colors_info=&#8221;{}&#8221;][et_pb_column type=&#8221;4_4&#8243; _builder_version=&#8221;4.8.2&#8243; _module_preset=&#8221;default&#8221; global_colors_info=&#8221;{}&#8221;][et_pb_slider dot_nav_custom_color=&#8221;#ffffff&#8221; _builder_version=&#8221;4.9.7&#8243; _module_preset=&#8221;default&#8221; header_text_align=&#8221;left&#8221; header_text_color=&#8221;#FFFFFF&#8221; header_font_size=&#8221;40px&#8221; header_line_height=&#8221;1.3em&#8221; body_text_align=&#8221;left&#8221; body_text_color=&#8221;#FFFFFF&#8221; body_line_height=&#8221;1.8em&#8221; header_font_size_tablet=&#8221;30px&#8221; header_font_size_phone=&#8221;20px&#8221; header_font_size_last_edited=&#8221;on|phone&#8221; global_colors_info=&#8221;{}&#8221;][et_pb_slide heading=&#8221;Festa annuale&#8221; _builder_version=&#8221;4.9.7&#8243; _module_preset=&#8221;default&#8221; body_text_align=&#8221;left&#8221; background_enable_color=&#8221;off&#8221; background_image=&#8221;https:\/\/group.areakitchen.it\/corporate\/wp-content\/uploads\/sites\/3\/2021\/02\/slide_quote_corporate.jpg&#8221; background_enable_image=&#8221;on&#8221; text_orientation=&#8221;left&#8221; background_layout=&#8221;light&#8221; global_colors_info=&#8221;{}&#8221; sticky_transition=&#8221;on&#8221;]<\/p>\n<p>Ho avuto modo di lavorare con Area Kitchen in occasione della festa annuale della mia azienda e sia noi che i nostri ospiti siamo rimasti molto soddisfatti dal servizio catering di Area Kitchen: cibo ottimo, presentazione elegante e staff competente. Da ripetere!<\/p>\n<p>[\/et_pb_slide][\/et_pb_slider][\/et_pb_column][\/et_pb_row][\/et_pb_section]<\/p>\n","protected":false},"excerpt":{"rendered":"<p>In sinergia con il mood dell&#8217;evento, Area Kitchen ha la ricetta perfetta per ogni esigenza. Men\u00f9 originali vanno in scena con allestimenti dallo stile unico, all\u2019interno di location esclusive.Area Kitchen ha scritto il lessico del \u201cBanqueting Sartoriale\u201d, attraverso la personalizzazione senza limiti di ogni banchetto. Ciascun evento \u00e8 cucito a misura del cliente, punto dopo [&hellip;]<\/p>\n","protected":false},"author":1,"featured_media":0,"parent":0,"menu_order":0,"comment_status":"closed","ping_status":"open","template":"","meta":{"_et_pb_use_builder":"on","_et_pb_old_content":"<!-- wp:paragraph -->\r\n<p>Questa \u00e8 una pagina di esempio. Differisce da un articolo di un blog perch\u00e9 rimane sempre allo stesso posto e (in molti temi) appare nel menu di navigazione. Molte persone iniziano con una pagina di Informazioni che li presentano ai visitatori del sito. Potrebbe apparire una presentazione del tipo:<\/p>\r\n<!-- \/wp:paragraph --><!-- wp:quote -->\r\n<blockquote class=\"wp-block-quote\">\r\n<p>Ciao! Sono un fattorino ciclista di giorno, aspirante attore di notte e questo \u00e8 il mio sito web. Vivo a Los Angeles, ho un grande cane di nome Jack e mi piace la pi\u00f1a colada. (E prendere la pioggia)<\/p>\r\n<\/blockquote>\r\n<!-- \/wp:quote --><!-- wp:paragraph -->\r\n<p>...o qualcosa di simile:<\/p>\r\n<!-- \/wp:paragraph --><!-- wp:quote -->\r\n<blockquote class=\"wp-block-quote\">\r\n<p>La Societ\u00e0 XYZ Aggeggi \u00e8 stata fondata nel 1971 e da allora fornisce al pubblico aggeggi di ottima qualit\u00e0. Situata a Fantasilandia, XYZ impiega oltre 2.000 persone e realizza ogni sorta di aggeggio fantastico per la comunit\u00e0 di Fantasilandia.<\/p>\r\n<\/blockquote>\r\n<!-- \/wp:quote --><!-- wp:paragraph -->\r\n<p>Come nuovo utente di WordPress, dovresti andare nella tua <a href=\"http:\/\/group.areakitchen.it.http98.wm1.me\/corporate\/wp-admin\/\">Bacheca<\/a> per eliminare questa pagina, e crearne delle nuove per i tuoi contenuti. Divertiti!<\/p>\r\n<!-- \/wp:paragraph -->","_et_gb_content_width":""},"yoast_head":"<!-- This site is optimized with the Yoast SEO plugin v19.11 - https:\/\/yoast.com\/wordpress\/plugins\/seo\/ -->\n<title>Homepage - Area Kitchen Group Corporate<\/title>\n<meta name=\"robots\" content=\"index, follow, max-snippet:-1, max-image-preview:large, max-video-preview:-1\" \/>\n<link rel=\"canonical\" href=\"https:\/\/group.areakitchen.it\/corporate\/\" \/>\n<meta property=\"og:locale\" content=\"it_IT\" \/>\n<meta property=\"og:type\" content=\"article\" \/>\n<meta property=\"og:title\" content=\"Homepage - Area Kitchen Group Corporate\" \/>\n<meta property=\"og:description\" content=\"In sinergia con il mood dell&#039;evento, Area Kitchen ha la ricetta perfetta per ogni esigenza. Men\u00f9 originali vanno in scena con allestimenti dallo stile unico, all\u2019interno di location esclusive.Area Kitchen ha scritto il lessico del \u201cBanqueting Sartoriale\u201d, attraverso la personalizzazione senza limiti di ogni banchetto. Ciascun evento \u00e8 cucito a misura del cliente, punto dopo [&hellip;]\" \/>\n<meta property=\"og:url\" content=\"https:\/\/group.areakitchen.it\/corporate\/\" \/>\n<meta property=\"og:site_name\" content=\"Area Kitchen Group Corporate\" \/>\n<meta property=\"article:modified_time\" content=\"2021-10-27T13:47:18+00:00\" \/>\n<meta name=\"twitter:card\" content=\"summary_large_image\" \/>\n<meta name=\"twitter:label1\" content=\"Tempo di lettura stimato\" \/>\n\t<meta name=\"twitter:data1\" content=\"4 minuti\" \/>\n<script type=\"application\/ld+json\" class=\"yoast-schema-graph\">{\"@context\":\"https:\/\/schema.org\",\"@graph\":[{\"@type\":\"WebPage\",\"@id\":\"https:\/\/group.areakitchen.it\/corporate\/\",\"url\":\"https:\/\/group.areakitchen.it\/corporate\/\",\"name\":\"Homepage - Area Kitchen Group Corporate\",\"isPartOf\":{\"@id\":\"https:\/\/group.areakitchen.it\/corporate\/#website\"},\"datePublished\":\"2021-01-28T09:20:54+00:00\",\"dateModified\":\"2021-10-27T13:47:18+00:00\",\"breadcrumb\":{\"@id\":\"https:\/\/group.areakitchen.it\/corporate\/#breadcrumb\"},\"inLanguage\":\"it-IT\",\"potentialAction\":[{\"@type\":\"ReadAction\",\"target\":[\"https:\/\/group.areakitchen.it\/corporate\/\"]}]},{\"@type\":\"BreadcrumbList\",\"@id\":\"https:\/\/group.areakitchen.it\/corporate\/#breadcrumb\",\"itemListElement\":[{\"@type\":\"ListItem\",\"position\":1,\"name\":\"Home\",\"item\":\"https:\/\/group.areakitchen.it\/corporate\/\"},{\"@type\":\"ListItem\",\"position\":2,\"name\":\"Homepage\"}]},{\"@type\":\"WebSite\",\"@id\":\"https:\/\/group.areakitchen.it\/corporate\/#website\",\"url\":\"https:\/\/group.areakitchen.it\/corporate\/\",\"name\":\"Area Kitchen Group Corporate\",\"description\":\"Un nuovo approccio nel mondo del Banqueting\",\"potentialAction\":[{\"@type\":\"SearchAction\",\"target\":{\"@type\":\"EntryPoint\",\"urlTemplate\":\"https:\/\/group.areakitchen.it\/corporate\/?s={search_term_string}\"},\"query-input\":\"required name=search_term_string\"}],\"inLanguage\":\"it-IT\"}]}<\/script>\n<!-- \/ Yoast SEO plugin. -->","yoast_head_json":{"title":"Homepage - Area Kitchen Group Corporate","robots":{"index":"index","follow":"follow","max-snippet":"max-snippet:-1","max-image-preview":"max-image-preview:large","max-video-preview":"max-video-preview:-1"},"canonical":"https:\/\/group.areakitchen.it\/corporate\/","og_locale":"it_IT","og_type":"article","og_title":"Homepage - Area Kitchen Group Corporate","og_description":"In sinergia con il mood dell'evento, Area Kitchen ha la ricetta perfetta per ogni esigenza. Men\u00f9 originali vanno in scena con allestimenti dallo stile unico, all\u2019interno di location esclusive.Area Kitchen ha scritto il lessico del \u201cBanqueting Sartoriale\u201d, attraverso la personalizzazione senza limiti di ogni banchetto. Ciascun evento \u00e8 cucito a misura del cliente, punto dopo [&hellip;]","og_url":"https:\/\/group.areakitchen.it\/corporate\/","og_site_name":"Area Kitchen Group Corporate","article_modified_time":"2021-10-27T13:47:18+00:00","twitter_card":"summary_large_image","twitter_misc":{"Tempo di lettura stimato":"4 minuti"},"schema":{"@context":"https:\/\/schema.org","@graph":[{"@type":"WebPage","@id":"https:\/\/group.areakitchen.it\/corporate\/","url":"https:\/\/group.areakitchen.it\/corporate\/","name":"Homepage - Area Kitchen Group Corporate","isPartOf":{"@id":"https:\/\/group.areakitchen.it\/corporate\/#website"},"datePublished":"2021-01-28T09:20:54+00:00","dateModified":"2021-10-27T13:47:18+00:00","breadcrumb":{"@id":"https:\/\/group.areakitchen.it\/corporate\/#breadcrumb"},"inLanguage":"it-IT","potentialAction":[{"@type":"ReadAction","target":["https:\/\/group.areakitchen.it\/corporate\/"]}]},{"@type":"BreadcrumbList","@id":"https:\/\/group.areakitchen.it\/corporate\/#breadcrumb","itemListElement":[{"@type":"ListItem","position":1,"name":"Home","item":"https:\/\/group.areakitchen.it\/corporate\/"},{"@type":"ListItem","position":2,"name":"Homepage"}]},{"@type":"WebSite","@id":"https:\/\/group.areakitchen.it\/corporate\/#website","url":"https:\/\/group.areakitchen.it\/corporate\/","name":"Area Kitchen Group Corporate","description":"Un nuovo approccio nel mondo del Banqueting","potentialAction":[{"@type":"SearchAction","target":{"@type":"EntryPoint","urlTemplate":"https:\/\/group.areakitchen.it\/corporate\/?s={search_term_string}"},"query-input":"required name=search_term_string"}],"inLanguage":"it-IT"}]}},"_links":{"self":[{"href":"https:\/\/group.areakitchen.it\/corporate\/wp-json\/wp\/v2\/pages\/2"}],"collection":[{"href":"https:\/\/group.areakitchen.it\/corporate\/wp-json\/wp\/v2\/pages"}],"about":[{"href":"https:\/\/group.areakitchen.it\/corporate\/wp-json\/wp\/v2\/types\/page"}],"author":[{"embeddable":true,"href":"https:\/\/group.areakitchen.it\/corporate\/wp-json\/wp\/v2\/users\/1"}],"replies":[{"embeddable":true,"href":"https:\/\/group.areakitchen.it\/corporate\/wp-json\/wp\/v2\/comments?post=2"}],"version-history":[{"count":57,"href":"https:\/\/group.areakitchen.it\/corporate\/wp-json\/wp\/v2\/pages\/2\/revisions"}],"predecessor-version":[{"id":1141,"href":"https:\/\/group.areakitchen.it\/corporate\/wp-json\/wp\/v2\/pages\/2\/revisions\/1141"}],"wp:attachment":[{"href":"https:\/\/group.areakitchen.it\/corporate\/wp-json\/wp\/v2\/media?parent=2"}],"curies":[{"name":"wp","href":"https:\/\/api.w.org\/{rel}","templated":true}]}}