{"id":1495,"date":"2022-12-09T09:36:00","date_gmt":"2022-12-09T08:36:00","guid":{"rendered":"https:\/\/group.areakitchen.it\/corporate\/?page_id=1495"},"modified":"2022-12-09T09:36:03","modified_gmt":"2022-12-09T08:36:03","slug":"show-cooking","status":"publish","type":"page","link":"https:\/\/group.areakitchen.it\/corporate\/show-cooking\/","title":{"rendered":"Show cooking"},"content":{"rendered":"<p>[et_pb_section fb_built=&#8221;1&#8243; admin_label=&#8221;Gli show cooking di Area Kitchen&#8221; module_id=&#8221;md_title_slide&#8221; _builder_version=&#8221;4.18.0&#8243; _module_preset=&#8221;default&#8221; background_color=&#8221;#FFFFFF&#8221; custom_padding=&#8221;0px||15px||false|false&#8221; locked=&#8221;off&#8221; collapsed=&#8221;off&#8221; global_colors_info=&#8221;{}&#8221;][et_pb_row _builder_version=&#8221;4.16&#8243; _module_preset=&#8221;default&#8221; background_image=&#8221;https:\/\/group.areakitchen.it\/corporate\/wp-content\/uploads\/sites\/3\/2021\/07\/Foto-quadrante-di-apertura.png&#8221; collapsed=&#8221;off&#8221; global_colors_info=&#8221;{}&#8221;][et_pb_column type=&#8221;4_4&#8243; _builder_version=&#8221;4.16&#8243; _module_preset=&#8221;default&#8221; global_colors_info=&#8221;{}&#8221;][et_pb_slider _builder_version=&#8221;4.18.0&#8243; _module_preset=&#8221;default&#8221; global_colors_info=&#8221;{}&#8221;][et_pb_slide heading=&#8221;Gli show cooking di Area Kitchen&#8221; admin_title=&#8221;Location&#8221; _builder_version=&#8221;4.18.0&#8243; _module_preset=&#8221;default&#8221; body_font_size=&#8221;15px&#8221; body_line_height=&#8221;1.8em&#8221; background_color=&#8221;#FFFFFF&#8221; background_enable_color=&#8221;on&#8221; text_orientation=&#8221;left&#8221; background_layout=&#8221;light&#8221; global_colors_info=&#8221;{}&#8221; sticky_transition=&#8221;on&#8221;]<\/p>\n<p>Sorprendi i tuoi ospiti con qualcosa di memorabile. Come Area Kitchen crediamo che sia importante vedere il cibo, non solo come pasto, ma come una vera esperienza, proprio da questa idea nascono i nostri show cooking: un mix perfetto tra spettacolo e tecnica.<\/p>\n<p>[\/et_pb_slide][\/et_pb_slider][\/et_pb_column][\/et_pb_row][\/et_pb_section][et_pb_section fb_built=&#8221;1&#8243; admin_label=&#8221;Show cooking&#8221; module_id=&#8221;md_digital_banqueting&#8221; _builder_version=&#8221;4.18.0&#8243; _module_preset=&#8221;default&#8221; background_color=&#8221;#FFFFFF&#8221; custom_padding=&#8221;0px||0px||false|false&#8221; collapsed=&#8221;off&#8221; global_colors_info=&#8221;{}&#8221;][et_pb_row column_structure=&#8221;1_2,1_2&#8243; use_custom_gutter=&#8221;on&#8221; gutter_width=&#8221;1&#8243; make_equal=&#8221;on&#8221; admin_label=&#8221;I nostri chef mescolano tecnica e passione per intrattenere&#8221; _builder_version=&#8221;4.18.0&#8243; _module_preset=&#8221;default&#8221; background_enable_color=&#8221;off&#8221; custom_margin=&#8221;||20px||false|false&#8221; custom_padding=&#8221;0px||0px||false|false&#8221; collapsed=&#8221;off&#8221; global_colors_info=&#8221;{}&#8221;][et_pb_column type=&#8221;1_2&#8243; _builder_version=&#8221;4.16&#8243; _module_preset=&#8221;default&#8221; background_color=&#8221;#FFFFFF&#8221; global_colors_info=&#8221;{}&#8221;][et_pb_cta title=&#8221;I nostri chef mescolano tecnica e passione per intrattenere&#8221; button_url=&#8221;#&#8221; admin_label=&#8221;I nostri chef mescolano tecnica e passione per intrattenere&#8221; module_id=&#8221;md_cta_cor&#8221; _builder_version=&#8221;4.18.0&#8243; _module_preset=&#8221;default&#8221; background_color=&#8221;#FFFFFF&#8221; text_orientation=&#8221;left&#8221; background_layout=&#8221;light&#8221; global_colors_info=&#8221;{}&#8221;]<\/p>\n<p>Tra procedimenti e movenze i nostri chef mescolano tecnica e passione, cos\u00ec che il pubblico presente possa vedere un professionista della cucina all\u2019opera, apprendendo alcuni segreti del mestiere e sottoponendosi a una vera e propria forma di intrattenimento.<\/p>\n<p>Lo Show cooking permette di catturare l\u2019attenzione degli ospiti nel corso del vostro evento, che si divertiranno nell\u2019osservare e apprendere alcuni piccoli segreti culinari.<\/p>\n<p>[\/et_pb_cta][\/et_pb_column][et_pb_column type=&#8221;1_2&#8243; _builder_version=&#8221;4.16&#8243; _module_preset=&#8221;default&#8221; global_colors_info=&#8221;{}&#8221;][et_pb_gallery gallery_ids=&#8221;290,271,328&#8243; fullwidth=&#8221;on&#8221; module_id=&#8221;md_gallery_img&#8221; _builder_version=&#8221;4.18.0&#8243; _module_preset=&#8221;default&#8221; global_colors_info=&#8221;{}&#8221;][\/et_pb_gallery][\/et_pb_column][\/et_pb_row][et_pb_row column_structure=&#8221;1_2,1_2&#8243; use_custom_gutter=&#8221;on&#8221; gutter_width=&#8221;1&#8243; make_equal=&#8221;on&#8221; admin_label=&#8221;Il coinvolgimento e il divertimento la faranno da padrone&#8221; _builder_version=&#8221;4.18.0&#8243; _module_preset=&#8221;default&#8221; background_enable_color=&#8221;off&#8221; custom_margin=&#8221;||20px||false|false&#8221; custom_padding=&#8221;0px||0px||false|false&#8221; collapsed=&#8221;off&#8221; global_colors_info=&#8221;{}&#8221;][et_pb_column type=&#8221;1_2&#8243; _builder_version=&#8221;4.16&#8243; _module_preset=&#8221;default&#8221; background_color=&#8221;#FFFFFF&#8221; global_colors_info=&#8221;{}&#8221;][et_pb_gallery gallery_ids=&#8221;296,486,323&#8243; fullwidth=&#8221;on&#8221; disabled_on=&#8221;off|off|off&#8221; module_id=&#8221;md_gallery_img&#8221; _builder_version=&#8221;4.18.0&#8243; _module_preset=&#8221;default&#8221; global_colors_info=&#8221;{}&#8221;][\/et_pb_gallery][et_pb_image src=&#8221;https:\/\/group.areakitchen.it\/corporate\/wp-content\/uploads\/sites\/3\/2022\/07\/IMG_20220711_213202-2.jpg&#8221; title_text=&#8221;The Village Bistrot Location&#8221; disabled_on=&#8221;on|on|on&#8221; _builder_version=&#8221;4.16&#8243; _module_preset=&#8221;default&#8221; disabled=&#8221;on&#8221; global_colors_info=&#8221;{}&#8221;][\/et_pb_image][\/et_pb_column][et_pb_column type=&#8221;1_2&#8243; _builder_version=&#8221;4.16&#8243; _module_preset=&#8221;default&#8221; global_colors_info=&#8221;{}&#8221;][et_pb_cta title=&#8221;Il coinvolgimento e il divertimento la faranno da padrone&#8221; button_url=&#8221;#&#8221; admin_label=&#8221;Il coinvolgimento e il divertimento la faranno da padrone&#8221; module_id=&#8221;md_cta_cor&#8221; _builder_version=&#8221;4.18.0&#8243; _module_preset=&#8221;default&#8221; background_color=&#8221;#FFFFFF&#8221; text_orientation=&#8221;left&#8221; background_layout=&#8221;light&#8221; global_colors_info=&#8221;{}&#8221;]<\/p>\n<p>I nostri chef creeranno proposte culinarie al momento, mostrandovi le preparazioni fino ad arrivare al prodotto finito, e poterlo finalmente assaggiare. Un momento in cui vengono messe in mostra le competenze e le abilit\u00e0 degli chef, per mostrare la vera arte culinaria.<\/p>\n<p>Che si tratti di frittura, grigliate o di veri e propri piatti, il coinvolgimento e il divertimento la faranno da padrone.<\/p>\n<p>[\/et_pb_cta][\/et_pb_column][\/et_pb_row][et_pb_row column_structure=&#8221;1_2,1_2&#8243; use_custom_gutter=&#8221;on&#8221; gutter_width=&#8221;1&#8243; make_equal=&#8221;on&#8221; admin_label=&#8221;Lo show cooking molecolare porta la scienza in cucina&#8221; _builder_version=&#8221;4.18.0&#8243; _module_preset=&#8221;default&#8221; background_enable_color=&#8221;off&#8221; custom_margin=&#8221;||20px||false|false&#8221; custom_padding=&#8221;0px||0px||false|false&#8221; collapsed=&#8221;off&#8221; global_colors_info=&#8221;{}&#8221;][et_pb_column type=&#8221;1_2&#8243; _builder_version=&#8221;4.16&#8243; _module_preset=&#8221;default&#8221; background_color=&#8221;#FFFFFF&#8221; global_colors_info=&#8221;{}&#8221;][et_pb_cta title=&#8221;Lo show cooking molecolare porta la scienza in cucina&#8221; button_url=&#8221;https:\/\/www.thevillage.fun\/bistrot\/&#8221; admin_label=&#8221;Lo show cooking molecolare porta la scienza in cucina&#8221; module_id=&#8221;md_cta_cor&#8221; _builder_version=&#8221;4.18.0&#8243; _module_preset=&#8221;default&#8221; background_color=&#8221;#FFFFFF&#8221; text_orientation=&#8221;left&#8221; background_layout=&#8221;light&#8221; global_colors_info=&#8221;{}&#8221;]<\/p>\n<p>Ma non \u00e8 tutto. Per dare un tocco ancora pi\u00f9 scenografico il nostro executive chef Sebastiano Rovida vi stupir\u00e0 con uno show\u00a0cooking\u00a0molecolare, in grado di esaltare i sapori con stile.<\/p>\n<p>Le tecniche che \u00e8 possibile osservare sono molte: sferificazioni, gelatine, pressurizzazioni, polverizzazioni, sospensioni e uso dell\u2019azoto liquido.<\/p>\n<p>Il molecolare porta la scienza in cucina, sperimentando trasformazioni degli alimenti senza l\u2019utilizzo di sostanze chimiche o additivi.<\/p>\n<p>In questo modo potrete vivere a pieno l\u2019esperienza, interagendo con lo chef e assistendo alla realizzazione del cocktail o della portata che si andr\u00e0 ad assaggiare.<\/p>\n<p>[\/et_pb_cta][\/et_pb_column][et_pb_column type=&#8221;1_2&#8243; _builder_version=&#8221;4.16&#8243; _module_preset=&#8221;default&#8221; global_colors_info=&#8221;{}&#8221;][et_pb_image src=&#8221;https:\/\/group.areakitchen.it\/corporate\/wp-content\/uploads\/sites\/3\/2022\/07\/FOTO-DESTRA-Spiadinata-1.jpg&#8221; title_text=&#8221;The Village Bistrot&#8221; disabled_on=&#8221;on|on|on&#8221; _builder_version=&#8221;4.18.0&#8243; _module_preset=&#8221;default&#8221; disabled=&#8221;on&#8221; global_colors_info=&#8221;{}&#8221;][\/et_pb_image][et_pb_gallery gallery_ids=&#8221;488,487,1110&#8243; fullwidth=&#8221;on&#8221; disabled_on=&#8221;off|off|off&#8221; module_id=&#8221;md_gallery_img&#8221; _builder_version=&#8221;4.18.0&#8243; _module_preset=&#8221;default&#8221; global_colors_info=&#8221;{}&#8221;][\/et_pb_gallery][\/et_pb_column][\/et_pb_row][et_pb_row column_structure=&#8221;1_2,1_2&#8243; use_custom_gutter=&#8221;on&#8221; gutter_width=&#8221;1&#8243; make_equal=&#8221;on&#8221; admin_label=&#8221;Quando allo show cooking si aggiunge il Team building&#8221; module_class=&#8221;md_alcatraz&#8221; _builder_version=&#8221;4.18.0&#8243; _module_preset=&#8221;default&#8221; background_enable_color=&#8221;off&#8221; custom_margin=&#8221;||20px||false|false&#8221; custom_padding=&#8221;0px||0px||false|false&#8221; collapsed=&#8221;off&#8221; global_colors_info=&#8221;{}&#8221;][et_pb_column type=&#8221;1_2&#8243; _builder_version=&#8221;4.16&#8243; _module_preset=&#8221;default&#8221; background_color=&#8221;#FFFFFF&#8221; global_colors_info=&#8221;{}&#8221;][et_pb_code disabled_on=&#8221;on|on|on&#8221; _builder_version=&#8221;4.16&#8243; _module_preset=&#8221;default&#8221; disabled=&#8221;on&#8221; global_colors_info=&#8221;{}&#8221;]<\/p>\n<div class=\"embed-responsive embed-responsive-16by9\"><!-- [et_pb_line_break_holder] -->    <!-- [et_pb_line_break_holder] --><\/div>\n<p>[\/et_pb_code][et_pb_gallery gallery_ids=&#8221;541,850&#8243; fullwidth=&#8221;on&#8221; disabled_on=&#8221;off|off|off&#8221; module_id=&#8221;md_gallery_img&#8221; _builder_version=&#8221;4.18.0&#8243; _module_preset=&#8221;default&#8221; global_colors_info=&#8221;{}&#8221;][\/et_pb_gallery][\/et_pb_column][et_pb_column type=&#8221;1_2&#8243; _builder_version=&#8221;4.16&#8243; _module_preset=&#8221;default&#8221; background_color=&#8221;#FFFFFF&#8221; global_colors_info=&#8221;{}&#8221;][et_pb_cta title=&#8221;Quando allo show cooking si aggiunge il Team building&#8221; button_url=&#8221;#&#8221; admin_label=&#8221;Quando allo show cooking si aggiunge il Team building&#8221; module_id=&#8221;md_cta_cor&#8221; _builder_version=&#8221;4.18.0&#8243; _module_preset=&#8221;default&#8221; background_color=&#8221;#FFFFFF&#8221; text_orientation=&#8221;left&#8221; background_layout=&#8221;light&#8221; global_colors_info=&#8221;{}&#8221;]<\/p>\n<p>I nostri show\u00a0cooking vanno oltre l\u2019evento live, perch\u00e9 possono essere portati direttamente nelle case dei vostri ospiti, attraverso un\u2019offerta unica di team building che vedr\u00e0 questo show come protagonista.<\/p>\n<p>Da casa i partecipanti potranno divertirsi e sperimentare queste tecniche seguendo passo per passo il nostro chef, che le illustrer\u00e0 e mostrer\u00e0 loro in chiave dinamica.<\/p>\n<p>[\/et_pb_cta][\/et_pb_column][\/et_pb_row][\/et_pb_section][et_pb_section fb_built=&#8221;1&#8243; admin_label=&#8221;Contattaci&#8221; module_id=&#8221;md_catering_chef&#8221; _builder_version=&#8221;4.16&#8243; _module_preset=&#8221;default&#8221; background_color=&#8221;#f9f0dd&#8221; custom_padding=&#8221;0px||40px||false|false&#8221; locked=&#8221;off&#8221; collapsed=&#8221;off&#8221; global_colors_info=&#8221;{}&#8221;][et_pb_row column_structure=&#8221;2_3,1_3&#8243; use_custom_gutter=&#8221;on&#8221; gutter_width=&#8221;1&#8243; make_equal=&#8221;on&#8221; admin_label=&#8221;Contattaci&#8221; module_id=&#8221;md_loc_info&#8221; module_class=&#8221;scrivici&#8221; _builder_version=&#8221;4.16&#8243; _module_preset=&#8221;default&#8221; custom_padding=&#8221;0px||0px||false|false&#8221; collapsed=&#8221;off&#8221; global_colors_info=&#8221;{}&#8221;][et_pb_column type=&#8221;2_3&#8243; module_id=&#8221;md_info_title&#8221; _builder_version=&#8221;4.16&#8243; _module_preset=&#8221;default&#8221; background_color=&#8221;#e6bfbc&#8221; background_enable_image=&#8221;off&#8221; global_colors_info=&#8221;{}&#8221;][et_pb_cta title=&#8221;Contattaci per scoprire l&#8217;evento su misura per le tue esigenze&#8221; admin_label=&#8221;Contattaci per scoprire l&#8217;evento su misura per le tue esigenze&#8221; _builder_version=&#8221;4.18.0&#8243; _module_preset=&#8221;default&#8221; body_font_size=&#8221;15px&#8221; body_line_height=&#8221;1.8em&#8221; background_color=&#8221;#ae8e65&#8243; text_orientation=&#8221;left&#8221; background_layout=&#8221;light&#8221; custom_padding=&#8221;60px||60px||false|false&#8221; custom_padding_tablet=&#8221;&#8221; custom_padding_phone=&#8221;&#8221; custom_padding_last_edited=&#8221;on|phone&#8221; global_colors_info=&#8221;{}&#8221;][\/et_pb_cta][\/et_pb_column][et_pb_column type=&#8221;1_3&#8243; _builder_version=&#8221;4.16&#8243; _module_preset=&#8221;default&#8221; background_color=&#8221;#FFFFFF&#8221; global_colors_info=&#8221;{}&#8221;][et_pb_cta admin_label=&#8221;Info&#8221; module_id=&#8221;cor&#8221; _builder_version=&#8221;4.16&#8243; _module_preset=&#8221;default&#8221; body_font_size=&#8221;15px&#8221; body_line_height=&#8221;1.8em&#8221; background_color=&#8221;#FFFFFF&#8221; text_orientation=&#8221;left&#8221; background_layout=&#8221;light&#8221; custom_padding=&#8221;60px||60px||false|false&#8221; global_colors_info=&#8221;{}&#8221;]<\/p>\n<div class=\"et_pb_button_wrapper\" style=\"text-align: center\"><a class=\"et_pb_button et_pb_promo_button cd-btn js-cd-panel-trigger acme_form_trigger\" href=\"#\" data-panel=\"main\">scrivici<\/a><\/div>\n<p>[\/et_pb_cta][\/et_pb_column][\/et_pb_row][\/et_pb_section]<\/p>\n","protected":false},"excerpt":{"rendered":"<p>Sorprendi i tuoi ospiti con qualcosa di memorabile. Come Area Kitchen crediamo che sia importante vedere il cibo, non solo come pasto, ma come una vera esperienza, proprio da questa idea nascono i nostri show cooking: un mix perfetto tra spettacolo e tecnica.Tra procedimenti e movenze i nostri chef mescolano tecnica e passione, cos\u00ec che [&hellip;]<\/p>\n","protected":false},"author":2,"featured_media":577,"parent":0,"menu_order":0,"comment_status":"closed","ping_status":"closed","template":"","meta":{"_et_pb_use_builder":"on","_et_pb_old_content":"","_et_gb_content_width":""},"yoast_head":"<!-- This site is optimized with the Yoast SEO plugin v19.11 - https:\/\/yoast.com\/wordpress\/plugins\/seo\/ -->\n<title>Show cooking - Area Kitchen Group Corporate<\/title>\n<meta name=\"description\" content=\"Area Kitchen organizza show cooking che mostrano competenze e abilit\u00e0 degli chef catturando l&#039;attenzione degli ospiti.\" \/>\n<meta name=\"robots\" content=\"index, follow, max-snippet:-1, max-image-preview:large, max-video-preview:-1\" \/>\n<link rel=\"canonical\" href=\"https:\/\/group.areakitchen.it\/corporate\/show-cooking\/\" \/>\n<meta property=\"og:locale\" content=\"it_IT\" \/>\n<meta property=\"og:type\" content=\"article\" \/>\n<meta property=\"og:title\" content=\"Show cooking - Area Kitchen Group Corporate\" \/>\n<meta property=\"og:description\" content=\"Area Kitchen organizza show cooking che mostrano competenze e abilit\u00e0 degli chef catturando l&#039;attenzione degli ospiti.\" \/>\n<meta property=\"og:url\" content=\"https:\/\/group.areakitchen.it\/corporate\/show-cooking\/\" \/>\n<meta property=\"og:site_name\" content=\"Area Kitchen Group Corporate\" \/>\n<meta property=\"article:modified_time\" content=\"2022-12-09T08:36:03+00:00\" \/>\n<meta property=\"og:image\" content=\"https:\/\/group.areakitchen.it\/corporate\/wp-content\/uploads\/sites\/3\/2021\/07\/Foto-79.jpg\" \/>\n\t<meta property=\"og:image:width\" content=\"900\" \/>\n\t<meta property=\"og:image:height\" content=\"600\" \/>\n\t<meta property=\"og:image:type\" content=\"image\/jpeg\" \/>\n<meta name=\"twitter:card\" content=\"summary_large_image\" \/>\n<meta name=\"twitter:label1\" content=\"Tempo di lettura stimato\" \/>\n\t<meta name=\"twitter:data1\" content=\"4 minuti\" \/>\n<script type=\"application\/ld+json\" class=\"yoast-schema-graph\">{\"@context\":\"https:\/\/schema.org\",\"@graph\":[{\"@type\":\"WebPage\",\"@id\":\"https:\/\/group.areakitchen.it\/corporate\/show-cooking\/\",\"url\":\"https:\/\/group.areakitchen.it\/corporate\/show-cooking\/\",\"name\":\"Show cooking - Area Kitchen Group Corporate\",\"isPartOf\":{\"@id\":\"https:\/\/group.areakitchen.it\/corporate\/#website\"},\"datePublished\":\"2022-12-09T08:36:00+00:00\",\"dateModified\":\"2022-12-09T08:36:03+00:00\",\"description\":\"Area Kitchen organizza show cooking che mostrano competenze e abilit\u00e0 degli chef catturando l'attenzione degli ospiti.\",\"breadcrumb\":{\"@id\":\"https:\/\/group.areakitchen.it\/corporate\/show-cooking\/#breadcrumb\"},\"inLanguage\":\"it-IT\",\"potentialAction\":[{\"@type\":\"ReadAction\",\"target\":[\"https:\/\/group.areakitchen.it\/corporate\/show-cooking\/\"]}]},{\"@type\":\"BreadcrumbList\",\"@id\":\"https:\/\/group.areakitchen.it\/corporate\/show-cooking\/#breadcrumb\",\"itemListElement\":[{\"@type\":\"ListItem\",\"position\":1,\"name\":\"Home\",\"item\":\"https:\/\/group.areakitchen.it\/corporate\/\"},{\"@type\":\"ListItem\",\"position\":2,\"name\":\"Show cooking\"}]},{\"@type\":\"WebSite\",\"@id\":\"https:\/\/group.areakitchen.it\/corporate\/#website\",\"url\":\"https:\/\/group.areakitchen.it\/corporate\/\",\"name\":\"Area Kitchen Group Corporate\",\"description\":\"Un nuovo approccio nel mondo del Banqueting\",\"potentialAction\":[{\"@type\":\"SearchAction\",\"target\":{\"@type\":\"EntryPoint\",\"urlTemplate\":\"https:\/\/group.areakitchen.it\/corporate\/?s={search_term_string}\"},\"query-input\":\"required name=search_term_string\"}],\"inLanguage\":\"it-IT\"}]}<\/script>\n<!-- \/ Yoast SEO plugin. -->","yoast_head_json":{"title":"Show cooking - Area Kitchen Group Corporate","description":"Area Kitchen organizza show cooking che mostrano competenze e abilit\u00e0 degli chef catturando l'attenzione degli ospiti.","robots":{"index":"index","follow":"follow","max-snippet":"max-snippet:-1","max-image-preview":"max-image-preview:large","max-video-preview":"max-video-preview:-1"},"canonical":"https:\/\/group.areakitchen.it\/corporate\/show-cooking\/","og_locale":"it_IT","og_type":"article","og_title":"Show cooking - Area Kitchen Group Corporate","og_description":"Area Kitchen organizza show cooking che mostrano competenze e abilit\u00e0 degli chef catturando l'attenzione degli ospiti.","og_url":"https:\/\/group.areakitchen.it\/corporate\/show-cooking\/","og_site_name":"Area Kitchen Group Corporate","article_modified_time":"2022-12-09T08:36:03+00:00","og_image":[{"width":900,"height":600,"url":"https:\/\/group.areakitchen.it\/corporate\/wp-content\/uploads\/sites\/3\/2021\/07\/Foto-79.jpg","type":"image\/jpeg"}],"twitter_card":"summary_large_image","twitter_misc":{"Tempo di lettura stimato":"4 minuti"},"schema":{"@context":"https:\/\/schema.org","@graph":[{"@type":"WebPage","@id":"https:\/\/group.areakitchen.it\/corporate\/show-cooking\/","url":"https:\/\/group.areakitchen.it\/corporate\/show-cooking\/","name":"Show cooking - Area Kitchen Group Corporate","isPartOf":{"@id":"https:\/\/group.areakitchen.it\/corporate\/#website"},"datePublished":"2022-12-09T08:36:00+00:00","dateModified":"2022-12-09T08:36:03+00:00","description":"Area Kitchen organizza show cooking che mostrano competenze e abilit\u00e0 degli chef catturando l'attenzione degli ospiti.","breadcrumb":{"@id":"https:\/\/group.areakitchen.it\/corporate\/show-cooking\/#breadcrumb"},"inLanguage":"it-IT","potentialAction":[{"@type":"ReadAction","target":["https:\/\/group.areakitchen.it\/corporate\/show-cooking\/"]}]},{"@type":"BreadcrumbList","@id":"https:\/\/group.areakitchen.it\/corporate\/show-cooking\/#breadcrumb","itemListElement":[{"@type":"ListItem","position":1,"name":"Home","item":"https:\/\/group.areakitchen.it\/corporate\/"},{"@type":"ListItem","position":2,"name":"Show cooking"}]},{"@type":"WebSite","@id":"https:\/\/group.areakitchen.it\/corporate\/#website","url":"https:\/\/group.areakitchen.it\/corporate\/","name":"Area Kitchen Group Corporate","description":"Un nuovo approccio nel mondo del Banqueting","potentialAction":[{"@type":"SearchAction","target":{"@type":"EntryPoint","urlTemplate":"https:\/\/group.areakitchen.it\/corporate\/?s={search_term_string}"},"query-input":"required name=search_term_string"}],"inLanguage":"it-IT"}]}},"_links":{"self":[{"href":"https:\/\/group.areakitchen.it\/corporate\/wp-json\/wp\/v2\/pages\/1495"}],"collection":[{"href":"https:\/\/group.areakitchen.it\/corporate\/wp-json\/wp\/v2\/pages"}],"about":[{"href":"https:\/\/group.areakitchen.it\/corporate\/wp-json\/wp\/v2\/types\/page"}],"author":[{"embeddable":true,"href":"https:\/\/group.areakitchen.it\/corporate\/wp-json\/wp\/v2\/users\/2"}],"replies":[{"embeddable":true,"href":"https:\/\/group.areakitchen.it\/corporate\/wp-json\/wp\/v2\/comments?post=1495"}],"version-history":[{"count":11,"href":"https:\/\/group.areakitchen.it\/corporate\/wp-json\/wp\/v2\/pages\/1495\/revisions"}],"predecessor-version":[{"id":1556,"href":"https:\/\/group.areakitchen.it\/corporate\/wp-json\/wp\/v2\/pages\/1495\/revisions\/1556"}],"wp:featuredmedia":[{"embeddable":true,"href":"https:\/\/group.areakitchen.it\/corporate\/wp-json\/wp\/v2\/media\/577"}],"wp:attachment":[{"href":"https:\/\/group.areakitchen.it\/corporate\/wp-json\/wp\/v2\/media?parent=1495"}],"curies":[{"name":"wp","href":"https:\/\/api.w.org\/{rel}","templated":true}]}}