{"id":1455,"date":"2022-12-09T09:48:01","date_gmt":"2022-12-09T08:48:01","guid":{"rendered":"https:\/\/group.areakitchen.it\/corporate\/?page_id=1455"},"modified":"2022-12-09T09:48:01","modified_gmt":"2022-12-09T08:48:01","slug":"team-building-culinario","status":"publish","type":"page","link":"https:\/\/group.areakitchen.it\/corporate\/team-building-culinario\/","title":{"rendered":"Team building culinario"},"content":{"rendered":"<p>[et_pb_section fb_built=&#8221;1&#8243; admin_label=&#8221;Team building culinario&#8221; module_id=&#8221;md_title_slide&#8221; _builder_version=&#8221;4.18.0&#8243; _module_preset=&#8221;default&#8221; background_color=&#8221;#FFFFFF&#8221; custom_padding=&#8221;0px||15px||false|false&#8221; locked=&#8221;off&#8221; collapsed=&#8221;off&#8221; global_colors_info=&#8221;{}&#8221;][et_pb_row _builder_version=&#8221;4.16&#8243; _module_preset=&#8221;default&#8221; background_image=&#8221;https:\/\/group.areakitchen.it\/corporate\/wp-content\/uploads\/sites\/3\/2021\/07\/Foto-quadrante-di-apertura.png&#8221; collapsed=&#8221;off&#8221; global_colors_info=&#8221;{}&#8221;][et_pb_column type=&#8221;4_4&#8243; _builder_version=&#8221;4.16&#8243; _module_preset=&#8221;default&#8221; global_colors_info=&#8221;{}&#8221;][et_pb_slider _builder_version=&#8221;4.18.0&#8243; _module_preset=&#8221;default&#8221; hover_enabled=&#8221;0&#8243; global_colors_info=&#8221;{}&#8221; sticky_enabled=&#8221;0&#8243;][et_pb_slide heading=&#8221;Team building culinario con Area Kitchen&#8221; admin_title=&#8221;Location&#8221; _builder_version=&#8221;4.18.0&#8243; _module_preset=&#8221;default&#8221; body_font_size=&#8221;15px&#8221; body_line_height=&#8221;1.8em&#8221; background_color=&#8221;#FFFFFF&#8221; background_enable_color=&#8221;on&#8221; text_orientation=&#8221;left&#8221; background_layout=&#8221;light&#8221; hover_enabled=&#8221;0&#8243; global_colors_info=&#8221;{}&#8221; sticky_transition=&#8221;on&#8221; sticky_enabled=&#8221;0&#8243;]<\/p>\n<p>Area Kitchen crea un Team building culinario personalizzato e cucito sulle esigenze e sui valori dell\u2019azienda che ci sceglie.<\/p>\n<p>[\/et_pb_slide][\/et_pb_slider][\/et_pb_column][\/et_pb_row][\/et_pb_section][et_pb_section fb_built=&#8221;1&#8243; admin_label=&#8221;Team building culinario&#8221; module_id=&#8221;md_digital_banqueting&#8221; _builder_version=&#8221;4.18.0&#8243; _module_preset=&#8221;default&#8221; background_color=&#8221;#FFFFFF&#8221; custom_padding=&#8221;0px||0px||false|false&#8221; collapsed=&#8221;off&#8221; global_colors_info=&#8221;{}&#8221;][et_pb_row column_structure=&#8221;1_2,1_2&#8243; use_custom_gutter=&#8221;on&#8221; gutter_width=&#8221;1&#8243; make_equal=&#8221;on&#8221; admin_label=&#8221;Mangiar bene per star bene e far star bene il pianeta&#8221; _builder_version=&#8221;4.18.0&#8243; _module_preset=&#8221;default&#8221; background_enable_color=&#8221;off&#8221; custom_margin=&#8221;||20px||false|false&#8221; custom_padding=&#8221;0px||0px||false|false&#8221; collapsed=&#8221;off&#8221; global_colors_info=&#8221;{}&#8221;][et_pb_column type=&#8221;1_2&#8243; _builder_version=&#8221;4.16&#8243; _module_preset=&#8221;default&#8221; background_color=&#8221;#FFFFFF&#8221; global_colors_info=&#8221;{}&#8221;][et_pb_cta title=&#8221;Una immersive food experience tra formazione e lavoro di squadra&#8221; button_url=&#8221;#&#8221; admin_label=&#8221;Una immersive food experience tra formazione e lavoro di squadra&#8221; module_id=&#8221;md_cta_cor&#8221; _builder_version=&#8221;4.18.0&#8243; _module_preset=&#8221;default&#8221; background_color=&#8221;#FFFFFF&#8221; text_orientation=&#8221;left&#8221; background_layout=&#8221;light&#8221; global_colors_info=&#8221;{}&#8221;]<\/p>\n<p>Un team building in cui conoscenza e divertimento vanno di pari passo e che contraddistingueranno la giornata da passare insieme, in cui mangiare buon cibo, realizzare e gustare prelibate proposte culinarie, ma anche imparare.<\/p>\n<p>Un Team building culinario\u00a0che mira a far vivere ai brand e ai loro team una immersive food experience che coniuga formazione e lavoro di squadra, andando oltre alla cucina stessa dando vita ad un\u2019esperienza unica da condividere.<\/p>\n<p>[\/et_pb_cta][\/et_pb_column][et_pb_column type=&#8221;1_2&#8243; _builder_version=&#8221;4.16&#8243; _module_preset=&#8221;default&#8221; global_colors_info=&#8221;{}&#8221;][et_pb_gallery gallery_ids=&#8221;485,481,486,482&#8243; fullwidth=&#8221;on&#8221; module_id=&#8221;md_gallery_img&#8221; _builder_version=&#8221;4.18.0&#8243; _module_preset=&#8221;default&#8221; global_colors_info=&#8221;{}&#8221;][\/et_pb_gallery][\/et_pb_column][\/et_pb_row][et_pb_row column_structure=&#8221;1_2,1_2&#8243; use_custom_gutter=&#8221;on&#8221; gutter_width=&#8221;1&#8243; make_equal=&#8221;on&#8221; admin_label=&#8221;Il nostro executive chef Sebastiano Rovida risponde&#8221; _builder_version=&#8221;4.18.0&#8243; _module_preset=&#8221;default&#8221; background_enable_color=&#8221;off&#8221; custom_margin=&#8221;||20px||false|false&#8221; custom_padding=&#8221;0px||0px||false|false&#8221; collapsed=&#8221;off&#8221; global_colors_info=&#8221;{}&#8221;][et_pb_column type=&#8221;1_2&#8243; _builder_version=&#8221;4.16&#8243; _module_preset=&#8221;default&#8221; background_color=&#8221;#FFFFFF&#8221; global_colors_info=&#8221;{}&#8221;][et_pb_gallery gallery_ids=&#8221;486,477,322,479,323&#8243; fullwidth=&#8221;on&#8221; disabled_on=&#8221;off|off|off&#8221; module_id=&#8221;md_gallery_img&#8221; _builder_version=&#8221;4.18.0&#8243; _module_preset=&#8221;default&#8221; global_colors_info=&#8221;{}&#8221;][\/et_pb_gallery][et_pb_image src=&#8221;https:\/\/group.areakitchen.it\/corporate\/wp-content\/uploads\/sites\/3\/2022\/07\/IMG_20220711_213202-2.jpg&#8221; title_text=&#8221;The Village Bistrot Location&#8221; disabled_on=&#8221;on|on|on&#8221; _builder_version=&#8221;4.16&#8243; _module_preset=&#8221;default&#8221; disabled=&#8221;on&#8221; global_colors_info=&#8221;{}&#8221;][\/et_pb_image][\/et_pb_column][et_pb_column type=&#8221;1_2&#8243; _builder_version=&#8221;4.16&#8243; _module_preset=&#8221;default&#8221; global_colors_info=&#8221;{}&#8221;][et_pb_cta title=&#8221;Lo chef Sebastiano Rovida e i gruppi di lavoro&#8221; button_url=&#8221;#&#8221; admin_label=&#8221;Lo chef Sebastiano Rovida e i gruppi di lavoro&#8221; module_id=&#8221;md_cta_cor&#8221; _builder_version=&#8221;4.18.0&#8243; _module_preset=&#8221;default&#8221; background_color=&#8221;#FFFFFF&#8221; text_orientation=&#8221;left&#8221; background_layout=&#8221;light&#8221; global_colors_info=&#8221;{}&#8221;]<\/p>\n<p>Seguendo i passaggi del nostro executive chef, Sebastiano Rovida, i partecipanti potranno scoprire i piccoli segreti dello chef per realizzare il piatto perfetto, interagendo con lui attraverso domande o curiosit\u00e0, prendendo appunti nel corso del briefing. Ad ognuno viene data una scheda ricetta in cui appuntarsi tutto. Una volta appreso il pi\u00f9 possibile i partecipanti dovranno replicare la ricetta con il proprio gruppo di lavoro.<\/p>\n<p>Un format di Team building che permette di unire la competitivit\u00e0 al piacere di preparare una ricetta assieme al proprio team, in un contesto differente da quello lavorativo.<\/p>\n<p>[\/et_pb_cta][\/et_pb_column][\/et_pb_row][et_pb_row column_structure=&#8221;1_2,1_2&#8243; use_custom_gutter=&#8221;on&#8221; gutter_width=&#8221;1&#8243; make_equal=&#8221;on&#8221; admin_label=&#8221;Il Team building cucina Milano per un nuovo approccio al consumo&#8221; _builder_version=&#8221;4.18.0&#8243; _module_preset=&#8221;default&#8221; background_enable_color=&#8221;off&#8221; custom_margin=&#8221;||20px||false|false&#8221; custom_padding=&#8221;0px||0px||false|false&#8221; collapsed=&#8221;off&#8221; global_colors_info=&#8221;{}&#8221;][et_pb_column type=&#8221;1_2&#8243; _builder_version=&#8221;4.16&#8243; _module_preset=&#8221;default&#8221; background_color=&#8221;#FFFFFF&#8221; global_colors_info=&#8221;{}&#8221;][et_pb_cta title=&#8221;Il Team building culinario per stimolare velocit\u00e0, creativit\u00e0 e problem solving&#8221; button_url=&#8221;https:\/\/www.thevillage.fun\/bistrot\/&#8221; admin_label=&#8221;Il Team building culinario per stimolare velocit\u00e0, creativit\u00e0 e problem solving&#8221; module_id=&#8221;md_cta_cor&#8221; _builder_version=&#8221;4.18.0&#8243; _module_preset=&#8221;default&#8221; background_color=&#8221;#FFFFFF&#8221; text_orientation=&#8221;left&#8221; background_layout=&#8221;light&#8221; global_colors_info=&#8221;{}&#8221;]<\/p>\n<p>Strumenti professionali, materie prime di qualit\u00e0 e Lavoro di squadra, fanno del nostro format di Team building culinario un\u2019esperienza unica e su misura per voi, creando delle vere e proprie competizioni di cucina, attivit\u00e0 particolare e formante per i gruppi che intendono mettersi alla prova al di l\u00e0 del lavoro, con tanto di giuria e premiazione.<\/p>\n<p>Area Kitchen promuove un format di Team building in cucina in grado di stimolare velocit\u00e0, creativit\u00e0 e problem solving. Cos\u00ec come in una cucina professionale i partecipanti sperimenteranno la capacit\u00e0 di lavorare in armonia, che collaborano seguendo un obiettivo comune, mantenendo il vigore e la seriet\u00e0 che governano questo ambiente.<\/p>\n<p>[\/et_pb_cta][\/et_pb_column][et_pb_column type=&#8221;1_2&#8243; _builder_version=&#8221;4.16&#8243; _module_preset=&#8221;default&#8221; global_colors_info=&#8221;{}&#8221;][et_pb_image src=&#8221;https:\/\/group.areakitchen.it\/corporate\/wp-content\/uploads\/sites\/3\/2022\/07\/FOTO-DESTRA-Spiadinata-1.jpg&#8221; title_text=&#8221;The Village Bistrot&#8221; disabled_on=&#8221;on|on|on&#8221; _builder_version=&#8221;4.18.0&#8243; _module_preset=&#8221;default&#8221; disabled=&#8221;on&#8221; global_colors_info=&#8221;{}&#8221;][\/et_pb_image][et_pb_gallery gallery_ids=&#8221;482,483,1090&#8243; fullwidth=&#8221;on&#8221; disabled_on=&#8221;off|off|off&#8221; module_id=&#8221;md_gallery_img&#8221; _builder_version=&#8221;4.18.0&#8243; _module_preset=&#8221;default&#8221; global_colors_info=&#8221;{}&#8221;][\/et_pb_gallery][\/et_pb_column][\/et_pb_row][et_pb_row column_structure=&#8221;1_2,1_2&#8243; use_custom_gutter=&#8221;on&#8221; gutter_width=&#8221;1&#8243; make_equal=&#8221;on&#8221; disabled_on=&#8221;on|on|on&#8221; admin_label=&#8221;Le Location&#8221; module_class=&#8221;md_alcatraz&#8221; _builder_version=&#8221;4.18.0&#8243; _module_preset=&#8221;default&#8221; background_enable_color=&#8221;off&#8221; custom_margin=&#8221;||20px||false|false&#8221; custom_padding=&#8221;0px||0px||false|false&#8221; disabled=&#8221;on&#8221; collapsed=&#8221;off&#8221; global_colors_info=&#8221;{}&#8221;][et_pb_column type=&#8221;1_2&#8243; _builder_version=&#8221;4.16&#8243; _module_preset=&#8221;default&#8221; background_color=&#8221;#FFFFFF&#8221; global_colors_info=&#8221;{}&#8221;][et_pb_code disabled_on=&#8221;on|on|on&#8221; _builder_version=&#8221;4.16&#8243; _module_preset=&#8221;default&#8221; disabled=&#8221;on&#8221; global_colors_info=&#8221;{}&#8221;]<\/p>\n<div class=\"embed-responsive embed-responsive-16by9\"><!-- [et_pb_line_break_holder] --> <!-- [et_pb_line_break_holder] --><\/div>\n<p>[\/et_pb_code][et_pb_gallery gallery_ids=&#8221;579,1207,265,578&#8243; fullwidth=&#8221;on&#8221; disabled_on=&#8221;off|off|off&#8221; module_id=&#8221;md_gallery_img&#8221; _builder_version=&#8221;4.18.0&#8243; _module_preset=&#8221;default&#8221; global_colors_info=&#8221;{}&#8221;][\/et_pb_gallery][\/et_pb_column][et_pb_column type=&#8221;1_2&#8243; _builder_version=&#8221;4.16&#8243; _module_preset=&#8221;default&#8221; background_color=&#8221;#FFFFFF&#8221; global_colors_info=&#8221;{}&#8221;][et_pb_cta title=&#8221;Il Team building cucina Milano per un nuovo approccio al consumo&#8221; button_url=&#8221;#&#8221; admin_label=&#8221;Le Location&#8221; module_id=&#8221;md_cta_cor&#8221; _builder_version=&#8221;4.18.0&#8243; _module_preset=&#8221;default&#8221; background_color=&#8221;#FFFFFF&#8221; text_orientation=&#8221;left&#8221; background_layout=&#8221;light&#8221; global_colors_info=&#8221;{}&#8221;]<\/p>\n<p>Attraverso questa tipologia di Team building cucina Milano i partecipanti imparano ad adottare un nuovo approccio al consumo, che va oltre l\u2019ora della pausa pranzo, e che vuole creare un sistema valoriale condiviso verso il cambiamento, studiato per dare ai nostri ospiti uno sguardo nutrizionale su quello che stanno assaggiando.<\/p>\n<p>[\/et_pb_cta][\/et_pb_column][\/et_pb_row][\/et_pb_section][et_pb_section fb_built=&#8221;1&#8243; admin_label=&#8221;Contattaci&#8221; module_id=&#8221;md_catering_chef&#8221; _builder_version=&#8221;4.16&#8243; _module_preset=&#8221;default&#8221; background_color=&#8221;#f9f0dd&#8221; custom_padding=&#8221;0px||40px||false|false&#8221; locked=&#8221;off&#8221; collapsed=&#8221;off&#8221; global_colors_info=&#8221;{}&#8221;][et_pb_row column_structure=&#8221;2_3,1_3&#8243; use_custom_gutter=&#8221;on&#8221; gutter_width=&#8221;1&#8243; make_equal=&#8221;on&#8221; admin_label=&#8221;Contattaci&#8221; module_id=&#8221;md_loc_info&#8221; module_class=&#8221;scrivici&#8221; _builder_version=&#8221;4.16&#8243; _module_preset=&#8221;default&#8221; custom_padding=&#8221;0px||0px||false|false&#8221; collapsed=&#8221;off&#8221; global_colors_info=&#8221;{}&#8221;][et_pb_column type=&#8221;2_3&#8243; module_id=&#8221;md_info_title&#8221; _builder_version=&#8221;4.16&#8243; _module_preset=&#8221;default&#8221; background_color=&#8221;#e6bfbc&#8221; background_enable_image=&#8221;off&#8221; global_colors_info=&#8221;{}&#8221;][et_pb_cta title=&#8221;Contattaci per scoprire l&#8217;evento su misura per le tue esigenze&#8221; admin_label=&#8221;Contattaci per scoprire l&#8217;evento su misura per le tue esigenze&#8221; _builder_version=&#8221;4.18.0&#8243; _module_preset=&#8221;default&#8221; body_font_size=&#8221;15px&#8221; body_line_height=&#8221;1.8em&#8221; background_color=&#8221;#ae8e65&#8243; text_orientation=&#8221;left&#8221; background_layout=&#8221;light&#8221; custom_padding=&#8221;60px||60px||false|false&#8221; custom_padding_tablet=&#8221;&#8221; custom_padding_phone=&#8221;&#8221; custom_padding_last_edited=&#8221;on|phone&#8221; global_colors_info=&#8221;{}&#8221;][\/et_pb_cta][\/et_pb_column][et_pb_column type=&#8221;1_3&#8243; _builder_version=&#8221;4.16&#8243; _module_preset=&#8221;default&#8221; background_color=&#8221;#FFFFFF&#8221; global_colors_info=&#8221;{}&#8221;][et_pb_cta admin_label=&#8221;Info&#8221; module_id=&#8221;cor&#8221; _builder_version=&#8221;4.16&#8243; _module_preset=&#8221;default&#8221; body_font_size=&#8221;15px&#8221; body_line_height=&#8221;1.8em&#8221; background_color=&#8221;#FFFFFF&#8221; text_orientation=&#8221;left&#8221; background_layout=&#8221;light&#8221; custom_padding=&#8221;60px||60px||false|false&#8221; global_colors_info=&#8221;{}&#8221;]<\/p>\n<div class=\"et_pb_button_wrapper\" style=\"text-align: center\"><a class=\"et_pb_button et_pb_promo_button cd-btn js-cd-panel-trigger acme_form_trigger\" href=\"#\" data-panel=\"main\">scrivici<\/a><\/div>\n<p>[\/et_pb_cta][\/et_pb_column][\/et_pb_row][\/et_pb_section]<\/p>\n","protected":false},"excerpt":{"rendered":"<p>Area Kitchen crea un Team building culinario personalizzato e cucito sulle esigenze e sui valori dell\u2019azienda che ci sceglie. Un team building in cui conoscenza e divertimento vanno di pari passo e che contraddistingueranno la giornata da passare insieme, in cui mangiare buon cibo, realizzare e gustare prelibate proposte culinarie, ma anche imparare. Un Team [&hellip;]<\/p>\n","protected":false},"author":2,"featured_media":481,"parent":0,"menu_order":0,"comment_status":"closed","ping_status":"closed","template":"","meta":{"_et_pb_use_builder":"on","_et_pb_old_content":"","_et_gb_content_width":""},"yoast_head":"<!-- This site is optimized with the Yoast SEO plugin v19.11 - https:\/\/yoast.com\/wordpress\/plugins\/seo\/ -->\n<title>Team building culinario - Area Kitchen Group Corporate<\/title>\n<meta name=\"description\" content=\"Area Kitchen propone Team building culinario con l&#039;executive chef Sebastiano Rovida per stimolare velocit\u00e0, creativit\u00e0 e problem solving.\" \/>\n<meta name=\"robots\" content=\"index, follow, max-snippet:-1, max-image-preview:large, max-video-preview:-1\" \/>\n<link rel=\"canonical\" href=\"https:\/\/group.areakitchen.it\/corporate\/team-building-culinario\/\" \/>\n<meta property=\"og:locale\" content=\"it_IT\" \/>\n<meta property=\"og:type\" content=\"article\" \/>\n<meta property=\"og:title\" content=\"Team building culinario - Area Kitchen Group Corporate\" \/>\n<meta property=\"og:description\" content=\"Area Kitchen propone Team building culinario con l&#039;executive chef Sebastiano Rovida per stimolare velocit\u00e0, creativit\u00e0 e problem solving.\" \/>\n<meta property=\"og:url\" content=\"https:\/\/group.areakitchen.it\/corporate\/team-building-culinario\/\" \/>\n<meta property=\"og:site_name\" content=\"Area Kitchen Group Corporate\" \/>\n<meta property=\"og:image\" content=\"https:\/\/group.areakitchen.it\/corporate\/wp-content\/uploads\/sites\/3\/2021\/07\/AK14.jpg\" \/>\n\t<meta property=\"og:image:width\" content=\"900\" \/>\n\t<meta property=\"og:image:height\" content=\"600\" \/>\n\t<meta property=\"og:image:type\" content=\"image\/jpeg\" \/>\n<meta name=\"twitter:card\" content=\"summary_large_image\" \/>\n<meta name=\"twitter:label1\" content=\"Tempo di lettura stimato\" \/>\n\t<meta name=\"twitter:data1\" content=\"5 minuti\" \/>\n<script type=\"application\/ld+json\" class=\"yoast-schema-graph\">{\"@context\":\"https:\/\/schema.org\",\"@graph\":[{\"@type\":\"WebPage\",\"@id\":\"https:\/\/group.areakitchen.it\/corporate\/team-building-culinario\/\",\"url\":\"https:\/\/group.areakitchen.it\/corporate\/team-building-culinario\/\",\"name\":\"Team building culinario - Area Kitchen Group Corporate\",\"isPartOf\":{\"@id\":\"https:\/\/group.areakitchen.it\/corporate\/#website\"},\"datePublished\":\"2022-12-09T08:48:01+00:00\",\"dateModified\":\"2022-12-09T08:48:01+00:00\",\"description\":\"Area Kitchen propone Team building culinario con l'executive chef Sebastiano Rovida per stimolare velocit\u00e0, creativit\u00e0 e problem solving.\",\"breadcrumb\":{\"@id\":\"https:\/\/group.areakitchen.it\/corporate\/team-building-culinario\/#breadcrumb\"},\"inLanguage\":\"it-IT\",\"potentialAction\":[{\"@type\":\"ReadAction\",\"target\":[\"https:\/\/group.areakitchen.it\/corporate\/team-building-culinario\/\"]}]},{\"@type\":\"BreadcrumbList\",\"@id\":\"https:\/\/group.areakitchen.it\/corporate\/team-building-culinario\/#breadcrumb\",\"itemListElement\":[{\"@type\":\"ListItem\",\"position\":1,\"name\":\"Home\",\"item\":\"https:\/\/group.areakitchen.it\/corporate\/\"},{\"@type\":\"ListItem\",\"position\":2,\"name\":\"Team building culinario\"}]},{\"@type\":\"WebSite\",\"@id\":\"https:\/\/group.areakitchen.it\/corporate\/#website\",\"url\":\"https:\/\/group.areakitchen.it\/corporate\/\",\"name\":\"Area Kitchen Group Corporate\",\"description\":\"Un nuovo approccio nel mondo del Banqueting\",\"potentialAction\":[{\"@type\":\"SearchAction\",\"target\":{\"@type\":\"EntryPoint\",\"urlTemplate\":\"https:\/\/group.areakitchen.it\/corporate\/?s={search_term_string}\"},\"query-input\":\"required name=search_term_string\"}],\"inLanguage\":\"it-IT\"}]}<\/script>\n<!-- \/ Yoast SEO plugin. -->","yoast_head_json":{"title":"Team building culinario - Area Kitchen Group Corporate","description":"Area Kitchen propone Team building culinario con l'executive chef Sebastiano Rovida per stimolare velocit\u00e0, creativit\u00e0 e problem solving.","robots":{"index":"index","follow":"follow","max-snippet":"max-snippet:-1","max-image-preview":"max-image-preview:large","max-video-preview":"max-video-preview:-1"},"canonical":"https:\/\/group.areakitchen.it\/corporate\/team-building-culinario\/","og_locale":"it_IT","og_type":"article","og_title":"Team building culinario - Area Kitchen Group Corporate","og_description":"Area Kitchen propone Team building culinario con l'executive chef Sebastiano Rovida per stimolare velocit\u00e0, creativit\u00e0 e problem solving.","og_url":"https:\/\/group.areakitchen.it\/corporate\/team-building-culinario\/","og_site_name":"Area Kitchen Group Corporate","og_image":[{"width":900,"height":600,"url":"https:\/\/group.areakitchen.it\/corporate\/wp-content\/uploads\/sites\/3\/2021\/07\/AK14.jpg","type":"image\/jpeg"}],"twitter_card":"summary_large_image","twitter_misc":{"Tempo di lettura stimato":"5 minuti"},"schema":{"@context":"https:\/\/schema.org","@graph":[{"@type":"WebPage","@id":"https:\/\/group.areakitchen.it\/corporate\/team-building-culinario\/","url":"https:\/\/group.areakitchen.it\/corporate\/team-building-culinario\/","name":"Team building culinario - Area Kitchen Group Corporate","isPartOf":{"@id":"https:\/\/group.areakitchen.it\/corporate\/#website"},"datePublished":"2022-12-09T08:48:01+00:00","dateModified":"2022-12-09T08:48:01+00:00","description":"Area Kitchen propone Team building culinario con l'executive chef Sebastiano Rovida per stimolare velocit\u00e0, creativit\u00e0 e problem solving.","breadcrumb":{"@id":"https:\/\/group.areakitchen.it\/corporate\/team-building-culinario\/#breadcrumb"},"inLanguage":"it-IT","potentialAction":[{"@type":"ReadAction","target":["https:\/\/group.areakitchen.it\/corporate\/team-building-culinario\/"]}]},{"@type":"BreadcrumbList","@id":"https:\/\/group.areakitchen.it\/corporate\/team-building-culinario\/#breadcrumb","itemListElement":[{"@type":"ListItem","position":1,"name":"Home","item":"https:\/\/group.areakitchen.it\/corporate\/"},{"@type":"ListItem","position":2,"name":"Team building culinario"}]},{"@type":"WebSite","@id":"https:\/\/group.areakitchen.it\/corporate\/#website","url":"https:\/\/group.areakitchen.it\/corporate\/","name":"Area Kitchen Group Corporate","description":"Un nuovo approccio nel mondo del Banqueting","potentialAction":[{"@type":"SearchAction","target":{"@type":"EntryPoint","urlTemplate":"https:\/\/group.areakitchen.it\/corporate\/?s={search_term_string}"},"query-input":"required name=search_term_string"}],"inLanguage":"it-IT"}]}},"_links":{"self":[{"href":"https:\/\/group.areakitchen.it\/corporate\/wp-json\/wp\/v2\/pages\/1455"}],"collection":[{"href":"https:\/\/group.areakitchen.it\/corporate\/wp-json\/wp\/v2\/pages"}],"about":[{"href":"https:\/\/group.areakitchen.it\/corporate\/wp-json\/wp\/v2\/types\/page"}],"author":[{"embeddable":true,"href":"https:\/\/group.areakitchen.it\/corporate\/wp-json\/wp\/v2\/users\/2"}],"replies":[{"embeddable":true,"href":"https:\/\/group.areakitchen.it\/corporate\/wp-json\/wp\/v2\/comments?post=1455"}],"version-history":[{"count":10,"href":"https:\/\/group.areakitchen.it\/corporate\/wp-json\/wp\/v2\/pages\/1455\/revisions"}],"predecessor-version":[{"id":1557,"href":"https:\/\/group.areakitchen.it\/corporate\/wp-json\/wp\/v2\/pages\/1455\/revisions\/1557"}],"wp:featuredmedia":[{"embeddable":true,"href":"https:\/\/group.areakitchen.it\/corporate\/wp-json\/wp\/v2\/media\/481"}],"wp:attachment":[{"href":"https:\/\/group.areakitchen.it\/corporate\/wp-json\/wp\/v2\/media?parent=1455"}],"curies":[{"name":"wp","href":"https:\/\/api.w.org\/{rel}","templated":true}]}}