{"id":1281,"date":"2022-09-19T11:13:34","date_gmt":"2022-09-19T09:13:34","guid":{"rendered":"https:\/\/group.areakitchen.it\/corporate\/?page_id=1281"},"modified":"2022-09-19T11:48:30","modified_gmt":"2022-09-19T09:48:30","slug":"catering-a-milano-per-eventi","status":"publish","type":"page","link":"https:\/\/group.areakitchen.it\/corporate\/catering-a-milano-per-eventi\/","title":{"rendered":"Catering a Milano per eventi"},"content":{"rendered":"<p>[et_pb_section fb_built=&#8221;1&#8243; admin_label=&#8221;Catering a Milano per eventi &#8211; title&#8221; module_id=&#8221;md_title_slide&#8221; _builder_version=&#8221;4.18.0&#8243; _module_preset=&#8221;default&#8221; background_color=&#8221;#FFFFFF&#8221; custom_padding=&#8221;0px||15px||false|false&#8221; locked=&#8221;off&#8221; collapsed=&#8221;off&#8221; global_colors_info=&#8221;{}&#8221;][et_pb_row _builder_version=&#8221;4.18.0&#8243; _module_preset=&#8221;default&#8221; background_image=&#8221;https:\/\/group.areakitchen.it\/corporate\/wp-content\/uploads\/sites\/3\/2021\/07\/XMASNIGHT_20191211_CF_ALTA-08029.jpg&#8221; collapsed=&#8221;off&#8221; global_colors_info=&#8221;{}&#8221;][et_pb_column type=&#8221;4_4&#8243; _builder_version=&#8221;4.16&#8243; _module_preset=&#8221;default&#8221; global_colors_info=&#8221;{}&#8221;][et_pb_slider _builder_version=&#8221;4.18.0&#8243; _module_preset=&#8221;default&#8221; global_colors_info=&#8221;{}&#8221;][et_pb_slide heading=&#8221;Catering a Milano per eventi&#8221; admin_title=&#8221;Location&#8221; _builder_version=&#8221;4.18.0&#8243; _module_preset=&#8221;default&#8221; body_font_size=&#8221;15px&#8221; body_line_height=&#8221;1.8em&#8221; background_color=&#8221;#FFFFFF&#8221; background_enable_color=&#8221;on&#8221; text_orientation=&#8221;left&#8221; background_layout=&#8221;light&#8221; global_colors_info=&#8221;{}&#8221; sticky_transition=&#8221;on&#8221;]<\/p>\n<p>Area Kitchen rappresenta un servizio di eccellenza nel mondo del <strong>catering Milano per eventi<\/strong>.<\/p>\n<p>[\/et_pb_slide][\/et_pb_slider][\/et_pb_column][\/et_pb_row][\/et_pb_section][et_pb_section fb_built=&#8221;1&#8243; admin_label=&#8221; Catering a Milano per eventi&#8221; module_id=&#8221;md_digital_banqueting&#8221; _builder_version=&#8221;4.18.0&#8243; _module_preset=&#8221;default&#8221; background_color=&#8221;#FFFFFF&#8221; custom_padding=&#8221;0px||0px||false|false&#8221; collapsed=&#8221;off&#8221; global_colors_info=&#8221;{}&#8221;][et_pb_row column_structure=&#8221;1_2,1_2&#8243; use_custom_gutter=&#8221;on&#8221; gutter_width=&#8221;1&#8243; make_equal=&#8221;on&#8221; admin_label=&#8221;Ricetta perfetta&#8221; _builder_version=&#8221;4.18.0&#8243; _module_preset=&#8221;default&#8221; background_enable_color=&#8221;off&#8221; custom_margin=&#8221;||20px||false|false&#8221; custom_padding=&#8221;0px||0px||false|false&#8221; collapsed=&#8221;off&#8221; global_colors_info=&#8221;{}&#8221;][et_pb_column type=&#8221;1_2&#8243; _builder_version=&#8221;4.16&#8243; _module_preset=&#8221;default&#8221; background_color=&#8221;#FFFFFF&#8221; global_colors_info=&#8221;{}&#8221;][et_pb_cta title=&#8221;Eventi cuciti su misura per ogni cliente, la nostra ricetta perfetta per ogni occasione&#8221; button_url=&#8221;#&#8221; admin_label=&#8221;Ricetta perfetta&#8221; module_id=&#8221;md_cta_cor&#8221; _builder_version=&#8221;4.18.0&#8243; _module_preset=&#8221;default&#8221; background_color=&#8221;#FFFFFF&#8221; text_orientation=&#8221;left&#8221; background_layout=&#8221;light&#8221; global_colors_info=&#8221;{}&#8221;]<\/p>\n<p>Con la ricetta perfetta per ogni occasione, qualunque sia il mood e lo stile dell\u2019evento, AreaKitchen propone men\u00f9 originali in location esclusive, con allestimenti dallo stile unico.<br \/>Questo grazie ad un approccio innovativo al food, che le ha permesso di operare nel settore seguendo la filosofia di \u201cBanqueting sartoriale\u201d, che consente la creazione di eventi cuciti su misura per ogni cliente, capace di soddisfare le sue esigenze e necessit\u00e0.<br \/>Come Area Kitchen crediamo che il nostro obiettivo sia quello di rendere gli eventi dei nostri clienti delle esperienze memorabili, in grado di comunicare i valori dei brand che ci scelgono.<\/p>\n<p>[\/et_pb_cta][\/et_pb_column][et_pb_column type=&#8221;1_2&#8243; _builder_version=&#8221;4.16&#8243; _module_preset=&#8221;default&#8221; global_colors_info=&#8221;{}&#8221;][et_pb_gallery gallery_ids=&#8221;1099,108,222,271&#8243; fullwidth=&#8221;on&#8221; module_id=&#8221;md_gallery_img&#8221; _builder_version=&#8221;4.18.0&#8243; _module_preset=&#8221;default&#8221; global_colors_info=&#8221;{}&#8221;][\/et_pb_gallery][\/et_pb_column][\/et_pb_row][et_pb_row column_structure=&#8221;1_2,1_2&#8243; use_custom_gutter=&#8221;on&#8221; gutter_width=&#8221;1&#8243; make_equal=&#8221;on&#8221; admin_label=&#8221;Location in esclusiva&#8221; _builder_version=&#8221;4.18.0&#8243; _module_preset=&#8221;default&#8221; background_enable_color=&#8221;off&#8221; custom_margin=&#8221;||20px||false|false&#8221; custom_padding=&#8221;0px||0px||false|false&#8221; collapsed=&#8221;off&#8221; global_colors_info=&#8221;{}&#8221;][et_pb_column type=&#8221;1_2&#8243; _builder_version=&#8221;4.16&#8243; _module_preset=&#8221;default&#8221; background_color=&#8221;#FFFFFF&#8221; global_colors_info=&#8221;{}&#8221;][et_pb_gallery gallery_ids=&#8221;1207,405,265,579,268&#8243; fullwidth=&#8221;on&#8221; disabled_on=&#8221;off|off|off&#8221; module_id=&#8221;md_gallery_img&#8221; _builder_version=&#8221;4.18.0&#8243; _module_preset=&#8221;default&#8221; global_colors_info=&#8221;{}&#8221;][\/et_pb_gallery][et_pb_image src=&#8221;https:\/\/group.areakitchen.it\/corporate\/wp-content\/uploads\/sites\/3\/2022\/07\/IMG_20220711_213202-2.jpg&#8221; title_text=&#8221;The Village Bistrot Location&#8221; disabled_on=&#8221;on|on|on&#8221; _builder_version=&#8221;4.16&#8243; _module_preset=&#8221;default&#8221; disabled=&#8221;on&#8221; global_colors_info=&#8221;{}&#8221;][\/et_pb_image][\/et_pb_column][et_pb_column type=&#8221;1_2&#8243; _builder_version=&#8221;4.16&#8243; _module_preset=&#8221;default&#8221; global_colors_info=&#8221;{}&#8221;][et_pb_cta title=&#8221;Eventi di grandi dimensioni in location in esclusiva&#8221; button_url=&#8221;#&#8221; admin_label=&#8221;Location in esclusiva&#8221; module_id=&#8221;md_cta_cor&#8221; _builder_version=&#8221;4.18.0&#8243; _module_preset=&#8221;default&#8221; background_color=&#8221;#FFFFFF&#8221; text_orientation=&#8221;left&#8221; background_layout=&#8221;light&#8221; global_colors_info=&#8221;{}&#8221;]<\/p>\n<p>La lunga e consolidata esperienza come <strong>catering Milano per eventi<\/strong> permette ad Area Kitchen di gestire con facilit\u00e0 eventi di grandi dimensioni offrendo a brand, agenzie e clienti privati un interlocutore unico per l\u2019organizzazione dei propri eventi.<br \/>Area Kitchen \u00e8 divenuta nel corso degli anni un\u2019azienda specializzata in eventi con grandi numeri, in grado di poter organizzare qualsiasi tipologia di evento, dai primi momenti della giornata con coffe break e coffee station, a quelli serali con aperitivi e drink list create ad hoc per l\u2019evento, fino alle eleganti proposte di cena a plac\u00e8e.<\/p>\n<p>Tutto questo proposto in location in esclusiva per Area Kitchen, come The Village Bistrot, il nuovo locale firmato Area Kitchen, in grado di far fronte a qualsiasi evenienza, con una sala interna, un bistrot e una magnifica terrazza panoramica su piscina. E l\u2019Alcatraz di Milano, uno spazio unico che offre infinti spunti creativi grazie alla possibilit\u00e0 di ricreare due spazi in uno.<\/p>\n<p>[\/et_pb_cta][\/et_pb_column][\/et_pb_row][et_pb_row column_structure=&#8221;1_2,1_2&#8243; use_custom_gutter=&#8221;on&#8221; gutter_width=&#8221;1&#8243; make_equal=&#8221;on&#8221; admin_label=&#8221;Il cibo come leva di comunicazione&#8221; _builder_version=&#8221;4.18.0&#8243; _module_preset=&#8221;default&#8221; background_enable_color=&#8221;off&#8221; custom_margin=&#8221;||20px||false|false&#8221; custom_padding=&#8221;0px||0px||false|false&#8221; collapsed=&#8221;off&#8221; global_colors_info=&#8221;{}&#8221;][et_pb_column type=&#8221;1_2&#8243; _builder_version=&#8221;4.16&#8243; _module_preset=&#8221;default&#8221; background_color=&#8221;#FFFFFF&#8221; global_colors_info=&#8221;{}&#8221;][et_pb_cta title=&#8221;Il cibo come leva di comunicazione&#8221; button_url=&#8221;https:\/\/www.thevillage.fun\/bistrot\/&#8221; admin_label=&#8221;Il cibo come leva di comunicazione&#8221; module_id=&#8221;md_cta_cor&#8221; _builder_version=&#8221;4.18.0&#8243; _module_preset=&#8221;default&#8221; background_color=&#8221;#FFFFFF&#8221; text_orientation=&#8221;left&#8221; background_layout=&#8221;light&#8221; global_colors_info=&#8221;{}&#8221;]<\/p>\n<p>La proposta di Area Kitchen per gli eventi live dedicati ai brand si caratterizza per un\u2019offerta food che, grazie alla preparazione del nostro chef, reinterpreta le tradizioni per esprimere i nuovi trend, con i miglior prodotti provenienti da produttori e artigiani locali.<\/p>\n<p>Crediamo infatti che oggi pi\u00f9 che mai il cibo sia una leva importante di comunicazione in grado di creare esperienze memorabili e sorprendenti, che grazie alla presenza e all\u2019esperienza del nostro executive chef, Sebastiano Rovida, diventano realt\u00e0 attraverso le sue preparazioni fino agli showcooking di cucina. Le qualit\u00e0 che contraddistinguono lo chef sono creativit\u00e0, passione e amore per il cibo che diventano attenzione all\u2019alta qualit\u00e0 delle materie prime e raffinatezza nell\u2019impiattamento.<\/p>\n<p>[\/et_pb_cta][\/et_pb_column][et_pb_column type=&#8221;1_2&#8243; _builder_version=&#8221;4.16&#8243; _module_preset=&#8221;default&#8221; global_colors_info=&#8221;{}&#8221;][et_pb_image src=&#8221;https:\/\/group.areakitchen.it\/corporate\/wp-content\/uploads\/sites\/3\/2022\/07\/FOTO-DESTRA-Spiadinata-1.jpg&#8221; title_text=&#8221;The Village Bistrot&#8221; disabled_on=&#8221;on|on|on&#8221; _builder_version=&#8221;4.18.0&#8243; _module_preset=&#8221;default&#8221; disabled=&#8221;on&#8221; global_colors_info=&#8221;{}&#8221;][\/et_pb_image][et_pb_gallery gallery_ids=&#8221;322,1090,486,1110,700,323,1091&#8243; fullwidth=&#8221;on&#8221; disabled_on=&#8221;off|off|off&#8221; module_id=&#8221;md_gallery_img&#8221; _builder_version=&#8221;4.18.0&#8243; _module_preset=&#8221;default&#8221; global_colors_info=&#8221;{}&#8221;][\/et_pb_gallery][\/et_pb_column][\/et_pb_row][et_pb_row column_structure=&#8221;1_2,1_2&#8243; use_custom_gutter=&#8221;on&#8221; gutter_width=&#8221;1&#8243; make_equal=&#8221;on&#8221; admin_label=&#8221;Creazioni culinarie&#8221; module_class=&#8221;md_alcatraz&#8221; _builder_version=&#8221;4.18.0&#8243; _module_preset=&#8221;default&#8221; background_enable_color=&#8221;off&#8221; custom_margin=&#8221;||20px||false|false&#8221; custom_padding=&#8221;0px||0px||false|false&#8221; collapsed=&#8221;off&#8221; global_colors_info=&#8221;{}&#8221;][et_pb_column type=&#8221;1_2&#8243; _builder_version=&#8221;4.16&#8243; _module_preset=&#8221;default&#8221; background_color=&#8221;#FFFFFF&#8221; global_colors_info=&#8221;{}&#8221;][et_pb_code disabled_on=&#8221;on|on|on&#8221; _builder_version=&#8221;4.16&#8243; _module_preset=&#8221;default&#8221; disabled=&#8221;on&#8221; global_colors_info=&#8221;{}&#8221;]<\/p>\n<div class=\"embed-responsive embed-responsive-16by9\"><!-- [et_pb_line_break_holder] -->    <iframe class=\"embed-responsive-item\" src=\"https:\/\/video.webme.it\/embed\/4d81327b5---autoplay-muted-loop-nocontrols\" frameborder=\"0\" webkitallowfullscreen=\"\" mozallowfullscreen=\"\" allowfullscreen=\"\"><\/iframe><!-- [et_pb_line_break_holder] --><\/div>\n<p>[\/et_pb_code][et_pb_gallery gallery_ids=&#8221;482,752,477,232,181&#8243; fullwidth=&#8221;on&#8221; disabled_on=&#8221;off|off|off&#8221; module_id=&#8221;md_gallery_img&#8221; _builder_version=&#8221;4.18.0&#8243; _module_preset=&#8221;default&#8221; global_colors_info=&#8221;{}&#8221;][\/et_pb_gallery][\/et_pb_column][et_pb_column type=&#8221;1_2&#8243; _builder_version=&#8221;4.16&#8243; _module_preset=&#8221;default&#8221; background_color=&#8221;#FFFFFF&#8221; global_colors_info=&#8221;{}&#8221;][et_pb_cta title=&#8221;Creazioni culinarie ricercate ed innovative&#8221; button_url=&#8221;#&#8221; admin_label=&#8221;Creazioni culinarie&#8221; module_id=&#8221;md_cta_cor&#8221; _builder_version=&#8221;4.18.0&#8243; _module_preset=&#8221;default&#8221; background_color=&#8221;#FFFFFF&#8221; text_orientation=&#8221;left&#8221; background_layout=&#8221;light&#8221; global_colors_info=&#8221;{}&#8221;]<\/p>\n<p>Come <strong>catering Milano per eventi<\/strong> Area Kitchen vede una proposta food che va oltre alle creazioni culinarie, comunicando agli ospiti bellezza, innovazione e qualit\u00e0, attraverso una nuova idea di food live event in grado di intrattenere e ispirare.<br \/>Tutto ci\u00f2 \u00e8 possibile attraverso le creazioni del nostro chef, proposte culinarie ricercate ed innovative, come i nostri fingerfood, capaci di sorprendervi in un solo boccone!<\/p>\n<p>\u00c8 cos\u00ec che prendono forma i nostri buffet: colorati, gustosi e sorprendenti, dai nostri cavalli di battaglia come le millefoglie, la perfetta stratificazione del gusto, ai conetti, dai gusti pi\u00f9 classici come quelli ripieni di Gorgonzola e granella di pistacchi a quelli pi\u00f9 ricercati, come i conetti ripieni di robiola, erba cipollina e uova di lompo.<\/p>\n<p>Sar\u00e0 un irresistibile inizio all\u2019insegna del gusto e dello stile!<\/p>\n<p>[\/et_pb_cta][\/et_pb_column][\/et_pb_row][\/et_pb_section][et_pb_section fb_built=&#8221;1&#8243; admin_label=&#8221;Contattaci&#8221; module_id=&#8221;md_catering_chef&#8221; _builder_version=&#8221;4.16&#8243; _module_preset=&#8221;default&#8221; background_color=&#8221;#f9f0dd&#8221; custom_padding=&#8221;0px||40px||false|false&#8221; locked=&#8221;off&#8221; collapsed=&#8221;off&#8221; global_colors_info=&#8221;{}&#8221;][et_pb_row column_structure=&#8221;2_3,1_3&#8243; use_custom_gutter=&#8221;on&#8221; gutter_width=&#8221;1&#8243; make_equal=&#8221;on&#8221; admin_label=&#8221;Contattaci&#8221; module_id=&#8221;md_loc_info&#8221; module_class=&#8221;scrivici&#8221; _builder_version=&#8221;4.16&#8243; _module_preset=&#8221;default&#8221; custom_padding=&#8221;0px||0px||false|false&#8221; collapsed=&#8221;off&#8221; global_colors_info=&#8221;{}&#8221;][et_pb_column type=&#8221;2_3&#8243; module_id=&#8221;md_info_title&#8221; _builder_version=&#8221;4.16&#8243; _module_preset=&#8221;default&#8221; background_color=&#8221;#e6bfbc&#8221; background_enable_image=&#8221;off&#8221; global_colors_info=&#8221;{}&#8221;][et_pb_cta title=&#8221;Contattaci per scoprire l&#8217;evento su misura per le tue esigenze&#8221; admin_label=&#8221;Contattaci per scoprire l&#8217;evento su misura per le tue esigenze&#8221; _builder_version=&#8221;4.18.0&#8243; _module_preset=&#8221;default&#8221; body_font_size=&#8221;15px&#8221; body_line_height=&#8221;1.8em&#8221; background_color=&#8221;#ae8e65&#8243; text_orientation=&#8221;left&#8221; background_layout=&#8221;light&#8221; custom_padding=&#8221;60px||60px||false|false&#8221; custom_padding_tablet=&#8221;&#8221; custom_padding_phone=&#8221;&#8221; custom_padding_last_edited=&#8221;on|phone&#8221; global_colors_info=&#8221;{}&#8221;][\/et_pb_cta][\/et_pb_column][et_pb_column type=&#8221;1_3&#8243; _builder_version=&#8221;4.16&#8243; _module_preset=&#8221;default&#8221; background_color=&#8221;#FFFFFF&#8221; global_colors_info=&#8221;{}&#8221;][et_pb_cta admin_label=&#8221;Info&#8221; module_id=&#8221;cor&#8221; _builder_version=&#8221;4.16&#8243; _module_preset=&#8221;default&#8221; body_font_size=&#8221;15px&#8221; body_line_height=&#8221;1.8em&#8221; background_color=&#8221;#FFFFFF&#8221; text_orientation=&#8221;left&#8221; background_layout=&#8221;light&#8221; custom_padding=&#8221;60px||60px||false|false&#8221; global_colors_info=&#8221;{}&#8221;]<\/p>\n<div class=\"et_pb_button_wrapper\" style=\"text-align: center\"><a class=\"et_pb_button et_pb_promo_button cd-btn js-cd-panel-trigger acme_form_trigger\" href=\"#\" data-panel=\"main\">scrivici<\/a><\/div>\n<p>[\/et_pb_cta][\/et_pb_column][\/et_pb_row][\/et_pb_section]<\/p>\n","protected":false},"excerpt":{"rendered":"<p>Area Kitchen rappresenta un servizio di eccellenza nel mondo del catering Milano per eventi.Con la ricetta perfetta per ogni occasione, qualunque sia il mood e lo stile dell\u2019evento, AreaKitchen propone men\u00f9 originali in location esclusive, con allestimenti dallo stile unico.Questo grazie ad un approccio innovativo al food, che le ha permesso di operare nel settore [&hellip;]<\/p>\n","protected":false},"author":2,"featured_media":577,"parent":0,"menu_order":0,"comment_status":"closed","ping_status":"closed","template":"","meta":{"_et_pb_use_builder":"on","_et_pb_old_content":"","_et_gb_content_width":""},"yoast_head":"<!-- This site is optimized with the Yoast SEO plugin v19.11 - https:\/\/yoast.com\/wordpress\/plugins\/seo\/ -->\n<title>Catering a Milano per eventi - Area Kitchen Group Corporate<\/title>\n<meta name=\"description\" content=\"Area Kitchen rappresenta un servizio di eccellenza nel mondo del catering Milano per eventi, con men\u00f9 originali in location esclusive.\" \/>\n<meta name=\"robots\" content=\"index, follow, max-snippet:-1, max-image-preview:large, max-video-preview:-1\" \/>\n<link rel=\"canonical\" href=\"https:\/\/group.areakitchen.it\/corporate\/catering-a-milano-per-eventi\/\" \/>\n<meta property=\"og:locale\" content=\"it_IT\" \/>\n<meta property=\"og:type\" content=\"article\" \/>\n<meta property=\"og:title\" content=\"Catering a Milano per eventi - Area Kitchen Group Corporate\" \/>\n<meta property=\"og:description\" content=\"Area Kitchen rappresenta un servizio di eccellenza nel mondo del catering Milano per eventi, con men\u00f9 originali in location esclusive.\" \/>\n<meta property=\"og:url\" content=\"https:\/\/group.areakitchen.it\/corporate\/catering-a-milano-per-eventi\/\" \/>\n<meta property=\"og:site_name\" content=\"Area Kitchen Group Corporate\" \/>\n<meta property=\"article:modified_time\" content=\"2022-09-19T09:48:30+00:00\" \/>\n<meta property=\"og:image\" content=\"https:\/\/group.areakitchen.it\/corporate\/wp-content\/uploads\/sites\/3\/2021\/07\/Foto-79.jpg\" \/>\n\t<meta property=\"og:image:width\" content=\"900\" \/>\n\t<meta property=\"og:image:height\" content=\"600\" \/>\n\t<meta property=\"og:image:type\" content=\"image\/jpeg\" \/>\n<meta name=\"twitter:card\" content=\"summary_large_image\" \/>\n<meta name=\"twitter:label1\" content=\"Tempo di lettura stimato\" \/>\n\t<meta name=\"twitter:data1\" content=\"5 minuti\" \/>\n<script type=\"application\/ld+json\" class=\"yoast-schema-graph\">{\"@context\":\"https:\/\/schema.org\",\"@graph\":[{\"@type\":\"WebPage\",\"@id\":\"https:\/\/group.areakitchen.it\/corporate\/catering-a-milano-per-eventi\/\",\"url\":\"https:\/\/group.areakitchen.it\/corporate\/catering-a-milano-per-eventi\/\",\"name\":\"Catering a Milano per eventi - Area Kitchen Group Corporate\",\"isPartOf\":{\"@id\":\"https:\/\/group.areakitchen.it\/corporate\/#website\"},\"datePublished\":\"2022-09-19T09:13:34+00:00\",\"dateModified\":\"2022-09-19T09:48:30+00:00\",\"description\":\"Area Kitchen rappresenta un servizio di eccellenza nel mondo del catering Milano per eventi, con men\u00f9 originali in location esclusive.\",\"breadcrumb\":{\"@id\":\"https:\/\/group.areakitchen.it\/corporate\/catering-a-milano-per-eventi\/#breadcrumb\"},\"inLanguage\":\"it-IT\",\"potentialAction\":[{\"@type\":\"ReadAction\",\"target\":[\"https:\/\/group.areakitchen.it\/corporate\/catering-a-milano-per-eventi\/\"]}]},{\"@type\":\"BreadcrumbList\",\"@id\":\"https:\/\/group.areakitchen.it\/corporate\/catering-a-milano-per-eventi\/#breadcrumb\",\"itemListElement\":[{\"@type\":\"ListItem\",\"position\":1,\"name\":\"Home\",\"item\":\"https:\/\/group.areakitchen.it\/corporate\/\"},{\"@type\":\"ListItem\",\"position\":2,\"name\":\"Catering a Milano per eventi\"}]},{\"@type\":\"WebSite\",\"@id\":\"https:\/\/group.areakitchen.it\/corporate\/#website\",\"url\":\"https:\/\/group.areakitchen.it\/corporate\/\",\"name\":\"Area Kitchen Group Corporate\",\"description\":\"Un nuovo approccio nel mondo del Banqueting\",\"potentialAction\":[{\"@type\":\"SearchAction\",\"target\":{\"@type\":\"EntryPoint\",\"urlTemplate\":\"https:\/\/group.areakitchen.it\/corporate\/?s={search_term_string}\"},\"query-input\":\"required name=search_term_string\"}],\"inLanguage\":\"it-IT\"}]}<\/script>\n<!-- \/ Yoast SEO plugin. -->","yoast_head_json":{"title":"Catering a Milano per eventi - Area Kitchen Group Corporate","description":"Area Kitchen rappresenta un servizio di eccellenza nel mondo del catering Milano per eventi, con men\u00f9 originali in location esclusive.","robots":{"index":"index","follow":"follow","max-snippet":"max-snippet:-1","max-image-preview":"max-image-preview:large","max-video-preview":"max-video-preview:-1"},"canonical":"https:\/\/group.areakitchen.it\/corporate\/catering-a-milano-per-eventi\/","og_locale":"it_IT","og_type":"article","og_title":"Catering a Milano per eventi - Area Kitchen Group Corporate","og_description":"Area Kitchen rappresenta un servizio di eccellenza nel mondo del catering Milano per eventi, con men\u00f9 originali in location esclusive.","og_url":"https:\/\/group.areakitchen.it\/corporate\/catering-a-milano-per-eventi\/","og_site_name":"Area Kitchen Group Corporate","article_modified_time":"2022-09-19T09:48:30+00:00","og_image":[{"width":900,"height":600,"url":"https:\/\/group.areakitchen.it\/corporate\/wp-content\/uploads\/sites\/3\/2021\/07\/Foto-79.jpg","type":"image\/jpeg"}],"twitter_card":"summary_large_image","twitter_misc":{"Tempo di lettura stimato":"5 minuti"},"schema":{"@context":"https:\/\/schema.org","@graph":[{"@type":"WebPage","@id":"https:\/\/group.areakitchen.it\/corporate\/catering-a-milano-per-eventi\/","url":"https:\/\/group.areakitchen.it\/corporate\/catering-a-milano-per-eventi\/","name":"Catering a Milano per eventi - Area Kitchen Group Corporate","isPartOf":{"@id":"https:\/\/group.areakitchen.it\/corporate\/#website"},"datePublished":"2022-09-19T09:13:34+00:00","dateModified":"2022-09-19T09:48:30+00:00","description":"Area Kitchen rappresenta un servizio di eccellenza nel mondo del catering Milano per eventi, con men\u00f9 originali in location esclusive.","breadcrumb":{"@id":"https:\/\/group.areakitchen.it\/corporate\/catering-a-milano-per-eventi\/#breadcrumb"},"inLanguage":"it-IT","potentialAction":[{"@type":"ReadAction","target":["https:\/\/group.areakitchen.it\/corporate\/catering-a-milano-per-eventi\/"]}]},{"@type":"BreadcrumbList","@id":"https:\/\/group.areakitchen.it\/corporate\/catering-a-milano-per-eventi\/#breadcrumb","itemListElement":[{"@type":"ListItem","position":1,"name":"Home","item":"https:\/\/group.areakitchen.it\/corporate\/"},{"@type":"ListItem","position":2,"name":"Catering a Milano per eventi"}]},{"@type":"WebSite","@id":"https:\/\/group.areakitchen.it\/corporate\/#website","url":"https:\/\/group.areakitchen.it\/corporate\/","name":"Area Kitchen Group Corporate","description":"Un nuovo approccio nel mondo del Banqueting","potentialAction":[{"@type":"SearchAction","target":{"@type":"EntryPoint","urlTemplate":"https:\/\/group.areakitchen.it\/corporate\/?s={search_term_string}"},"query-input":"required name=search_term_string"}],"inLanguage":"it-IT"}]}},"_links":{"self":[{"href":"https:\/\/group.areakitchen.it\/corporate\/wp-json\/wp\/v2\/pages\/1281"}],"collection":[{"href":"https:\/\/group.areakitchen.it\/corporate\/wp-json\/wp\/v2\/pages"}],"about":[{"href":"https:\/\/group.areakitchen.it\/corporate\/wp-json\/wp\/v2\/types\/page"}],"author":[{"embeddable":true,"href":"https:\/\/group.areakitchen.it\/corporate\/wp-json\/wp\/v2\/users\/2"}],"replies":[{"embeddable":true,"href":"https:\/\/group.areakitchen.it\/corporate\/wp-json\/wp\/v2\/comments?post=1281"}],"version-history":[{"count":20,"href":"https:\/\/group.areakitchen.it\/corporate\/wp-json\/wp\/v2\/pages\/1281\/revisions"}],"predecessor-version":[{"id":1349,"href":"https:\/\/group.areakitchen.it\/corporate\/wp-json\/wp\/v2\/pages\/1281\/revisions\/1349"}],"wp:featuredmedia":[{"embeddable":true,"href":"https:\/\/group.areakitchen.it\/corporate\/wp-json\/wp\/v2\/media\/577"}],"wp:attachment":[{"href":"https:\/\/group.areakitchen.it\/corporate\/wp-json\/wp\/v2\/media?parent=1281"}],"curies":[{"name":"wp","href":"https:\/\/api.w.org\/{rel}","templated":true}]}}